{"id":3168,"date":"2015-09-03T14:02:34","date_gmt":"2015-09-03T14:02:34","guid":{"rendered":"https:\/\/l1-real-estate.com\/index.php\/ueber\/"},"modified":"2022-11-11T14:54:14","modified_gmt":"2022-11-11T14:54:14","slug":"ueber","status":"publish","type":"page","link":"https:\/\/l1-real-estate.com\/index.php\/ueber\/?lang=de","title":{"rendered":"\u00dcber"},"content":{"rendered":"<p>[vc_row el_class=&#8221;pb5e&#8221;][vc_column]<h1 class=\"sc_title sc_title_regular sc_align_center mb1e\" style=\"text-align:center;\">Why Choose Us<\/h1><div class=\"columns_wrap sc_columns columns_nofluid sc_columns_count_2\"><div class=\"column-1_2 sc_column_item sc_column_item_1 odd first\"><div class=\"sc_section\"><div class=\"sc_section_inner\"><span class=\"sc_icon icon-lock sc_icon_shape_round alignleft icon5e\"><\/span><h4 class=\"sc_title sc_title_regular sc_align_left mb05e fs-normal\" style=\"text-align:left;\">You can trust us<\/h4>[vc_column_text]Was auch immer Ihre Situation sein mag &#8211; wir werden sie mit gro\u00dfer Verantwortung und Diskretion behandeln.[\/vc_column_text]<div class=\"clearfix\" style=\"clear:both\"><\/div>[vc_empty_space height=&#8221;1.5em&#8221;]<span class=\"sc_icon icon-doc sc_icon_shape_round alignleft icon5e\"><\/span><h4 class=\"sc_title sc_title_regular sc_align_left mb05e fs-normal\" style=\"text-align:left;\">Legal support<\/h4>[vc_column_text]Wir k\u00f6nnen Ihnen helfen, alle f\u00fcr Ihr Projekt erforderlichen rechtlichen Unterlagen zu besorgen.[\/vc_column_text]<div class=\"clearfix\" style=\"clear:both\"><\/div>[vc_empty_space height=&#8221;1.5em&#8221;]<span class=\"sc_icon icon-search sc_icon_shape_round alignleft icon5e\"><\/span><h4 class=\"sc_title sc_title_regular sc_align_left mb05e fs-normal\" style=\"text-align:left;\">Regular Updates<\/h4>[vc_column_text]Unser Portfolio an Immobilien ist umfangreich und reichhaltig und \u00e4ndert sich st\u00e4ndig f\u00fcr Ihre Bed\u00fcrfnisse.[\/vc_column_text]<div class=\"clearfix\" style=\"clear:both\"><\/div>[vc_empty_space height=&#8221;1.5em&#8221;]<span class=\"sc_icon icon-star sc_icon_shape_round alignleft icon5e\"><\/span><h4 class=\"sc_title sc_title_regular sc_align_left mb05e fs-normal\" style=\"text-align:left;\">To your satisfaction<\/h4>[vc_column_text]Wir wollen exzellenten Service bieten und werden nicht aufh\u00f6ren, bis wir die Bed\u00fcrfnisse unserer Kunden vollst\u00e4ndig erf\u00fcllt haben.[\/vc_column_text]<div class=\"clearfix\" style=\"clear:both\"><\/div><\/div><\/div><\/div><div class=\"column-1_2 sc_column_item sc_column_item_2 even\">[vc_column_text]<img loading=\"lazy\" decoding=\"async\" class=\"alignnone wp-image-4364 size-large\" src=\"https:\/\/l1-real-estate.com\/wp-content\/uploads\/2022\/11\/IMG_4043-1024x850.jpg\" alt=\"\" width=\"1024\" height=\"850\" srcset=\"https:\/\/l1-real-estate.com\/wp-content\/uploads\/2022\/11\/IMG_4043-1024x850.jpg 1024w, https:\/\/l1-real-estate.com\/wp-content\/uploads\/2022\/11\/IMG_4043-300x249.jpg 300w, https:\/\/l1-real-estate.com\/wp-content\/uploads\/2022\/11\/IMG_4043-768x638.jpg 768w, https:\/\/l1-real-estate.com\/wp-content\/uploads\/2022\/11\/IMG_4043-1170x972.jpg 1170w, https:\/\/l1-real-estate.com\/wp-content\/uploads\/2022\/11\/IMG_4043-870x723.jpg 870w, https:\/\/l1-real-estate.com\/wp-content\/uploads\/2022\/11\/IMG_4043-390x324.jpg 390w, https:\/\/l1-real-estate.com\/wp-content\/uploads\/2022\/11\/IMG_4043.jpg 1428w\" sizes=\"auto, (max-width: 1024px) 100vw, 1024px\" \/>[\/vc_column_text]<\/div><\/div>[\/vc_column][\/vc_row][vc_row full_width=&#8221;stretch_row&#8221; css=&#8221;.vc_custom_1440058812899{background-color: #f3f3f3 !important;}&#8221; el_class=&#8221;pt5e pb5e&#8221;][vc_column]<div class=\"sc_content content_wrap\"><h1 class=\"sc_title sc_title_regular sc_align_center mb1e\" style=\"text-align:center;\">Our History<\/h1>[vc_column_text]<big><\/big><\/p>\n<p style=\"text-align: center;\"><strong>Vielen Dank f\u00fcr Ihren Besuch bei uns.<\/strong><\/p>\n<p style=\"text-align: center;\">Wenn es um Immobilien an der Algarve geht, sind Sie bei uns in guten H\u00e4nden.<\/p>\n<p style=\"text-align: center;\">Wir arbeiten auf dem Markt mit gro\u00dfem Erfolg in den Verkauf und die Vermietung von H\u00e4usern und Wohnungen, ob zum Kauf oder Urlaub. Wenn Sie ein Eigent\u00fcmer sind, der seine Immobilie vermieten oder verkaufen m\u00f6chte, oder einfach jemand, der eine Immobilie sucht, um seine Zeit in der Sonne an der wundersch\u00f6nen Algarvek\u00fcste zu verbringen. Wir haben die L\u00f6sung f\u00fcr Sie.<\/p>\n<p style=\"text-align: center;\"><strong>Die L\u00f6sung, die Ihren Anforderungen entspricht.<\/strong><\/p>\n<p style=\"text-align: center;\">Unser umfangreiches Portfolio in Verbindung mit unserer Erfahrung in Portugal erm\u00f6glicht es uns, Immobilien aller Kategorien zur Umsetzung von Wohn- und Lebenskonzepten anzubieten. Unser Ziel ist es, Ihnen genau das zu bieten, was Sie suchen, und uns in die Lage zu versetzen, pers\u00f6nliche L\u00f6sungen anzubieten, die speziell auf unsere Kunden zugeschnitten sind.<\/p>\n<p style=\"text-align: center;\"><strong>Alle unsere Beratungen sind unverbindlich.<\/strong><\/p>\n<p style=\"text-align: center;\">Besuchen Sie uns doch einmal ganz unverbindlich. Wir w\u00fcrden uns freuen, Sie bei uns begr\u00fc\u00dfen zu d\u00fcrfen und Ihnen unser gesamtes Angebot pers\u00f6nlich vorzustellen.<\/p>\n<p style=\"text-align: center;\">N\u00e4he zum Kunden, die Vertrauen schafft.<\/p>\n<p style=\"text-align: center;\">In unserem Gesch\u00e4ft geht es um Menschen, und unsere Arbeit beginnt damit, dass wir unseren gesch\u00e4tzten Kunden zuh\u00f6ren und sie verstehen, erst dann geht es um die Immobilie, die sie erwerben m\u00f6chten. Unser Erfolg h\u00e4ngt davon ab, dass wir uns voll und ganz f\u00fcr die Verwirklichung Ihres Traums einsetzen. Dabei k\u00f6nnen Sie stets auf unsere Transparenz und Sympathie sowie auf faire Konditionen z\u00e4hlen, damit wir durch Ihre Zufriedenheit einen langfristigen Kontakt aufbauen k\u00f6nnen. Die Verwirklichung Ihrer Tr\u00e4ume hat f\u00fcr uns oberste Priorit\u00e4t. Deshalb \u00fcbergeben wir Ihnen am Ende eines Projekts gerne pers\u00f6nlich die Schl\u00fcssel.<\/p>\n<p style=\"text-align: center;\"><strong>Wer wir sind<\/strong><\/p>\n<p style=\"text-align: center;\">Wir sind ein dynamisches Team, dessen st\u00e4ndiges Ziel das totale Engagement f\u00fcr die Verwirklichung Ihrer Tr\u00e4ume ist. Daf\u00fcr verwenden wir einen anderen und intelligenten Ansatz, kombiniert mit einem hervorragenden Kundenservice, den Sie verdienen. Unsere St\u00e4rken sind Exzellenz, Transparenz und N\u00e4he.<\/p>\n<p style=\"text-align: center;\"><strong>Vertrauen zahlt sich aus.<\/strong><\/p>\n<p style=\"text-align: center;\">Unsere Politik ist auf eine zuverl\u00e4ssige und nachhaltige Zusammenarbeit, Individualit\u00e4t, Freundlichkeit und Diskretion ausgerichtet. Werte, die in diesem sensiblen Gesch\u00e4ft von gro\u00dfer Bedeutung sind. Dar\u00fcber hinaus verf\u00fcgen wir in unserem Team \u00fcber eine Reihe kombinierter Kompetenzen. Deshalb finden wir auch f\u00fcr die anspruchsvollsten Projekte immer einzigartige L\u00f6sungen.<\/p>\n<p style=\"text-align: center;\">Dar\u00fcber hinaus gibt es eine Eigenschaft, die unsere Kunden besonders beeindruckt: das Wissen, dass wir uns bem\u00fchen, das beste Gesch\u00e4ft zu erzielen, das unsere gesch\u00e4tzten Kunden verdienen.<\/p>\n<p style=\"text-align: center;\"><strong>Wir bieten unseren besten, einzigartigen, freundlichen und pers\u00f6nlichen Service.<\/strong><\/p>\n<p style=\"text-align: center;\">Ob Wohnung oder Villa, Verkauf oder Vermietung, jedes Projekt wird von uns mit Kompetenz und Fingerspitzengef\u00fchl bearbeitet. Unsere Philosophie basiert nicht auf der Quantit\u00e4t der Angebote, sondern auf deren Qualit\u00e4t. Eine Philosophie, die wir unseren Kunden schon immer versichert haben.<\/p>\n<p style=\"text-align: center;\">Wir freuen uns darauf, Sie kennenzulernen, also besuchen Sie uns doch einfach mal.<\/p>\n<p style=\"text-align: center;\">&#8211; Silke Lang und Liam Wessellenns<\/p>\n<p>[\/vc_column_text]<\/div>[\/vc_column][\/vc_row][vc_row full_width=&#8221;stretch_row&#8221; el_class=&#8221;pt5e pb5e&#8221;][vc_column]<div class=\"sc_content content_wrap\"><h1 class=\"sc_title sc_title_regular sc_align_center mb1e\" style=\"text-align:center;\">Our Partners<\/h1>[vc_column_text]<big><\/big><\/p>\n<p style=\"text-align: center;\">Ob Autovermietung, Transfer, Rechtsberatung &#8211; wir haben uns mit den richtigen Leuten zusammengetan.<\/p>\n<p>[\/vc_column_text]<div id=\"sc_section_1983088337\" class=\"sc_section pt2e column-1_1\" style=\"height:119px;\"><div class=\"sc_section_inner\"><div id=\"sc_section_1983088337_scroll\" class=\"sc_scroll sc_scroll_horizontal swiper-slider-container scroll-container\" style=\"height:119px;\"><div class=\"sc_scroll_wrapper swiper-wrapper\"><div class=\"sc_scroll_slide swiper-slide\"><figure class=\"sc_image  alignleft sc_image_shape_square\"><img decoding=\"async\" src=\"https:\/\/l1-real-estate.com\/wp-content\/uploads\/2022\/11\/rentb.png\" alt=\"\" \/><\/figure><figure class=\"sc_image  alignleft sc_image_shape_square\"><img decoding=\"async\" src=\"https:\/\/l1-real-estate.com\/wp-content\/uploads\/2022\/11\/fishb.png\" alt=\"\" \/><\/figure><figure class=\"sc_image  alignleft sc_image_shape_square\"><img decoding=\"async\" src=\"https:\/\/l1-real-estate.com\/wp-content\/uploads\/2022\/11\/nab.png\" alt=\"\" \/><\/figure><\/div><\/div><div id=\"sc_section_1983088337_scroll_bar\" class=\"sc_scroll_bar sc_scroll_bar_horizontal sc_section_1983088337_scroll_bar\"><\/div><\/div><\/div><\/div><\/div>[\/vc_column][\/vc_row]<\/p>\n","protected":false},"excerpt":{"rendered":"<p>[vc_row el_class=&#8221;pb5e&#8221;][vc_column][\/vc_column][\/vc_row][vc_row full_width=&#8221;stretch_row&#8221; css=&#8221;.vc_custom_1440058812899{background-color: #f3f3f3 !important;}&#8221; el_class=&#8221;pt5e pb5e&#8221;][vc_column][\/vc_column][\/vc_row][vc_row full_width=&#8221;stretch_row&#8221; el_class=&#8221;pt5e pb5e&#8221;][vc_column][\/vc_column][\/vc_row]<\/p>\n","protected":false},"author":1,"featured_media":0,"parent":0,"menu_order":0,"comment_status":"open","ping_status":"open","template":"","meta":{"footnotes":""},"class_list":["post-3168","page","type-page","status-publish","hentry"],"yoast_head":"<!-- This site is optimized with the Yoast SEO plugin v26.8 - https:\/\/yoast.com\/product\/yoast-seo-wordpress\/ -->\n<title>\u00dcber - L1 Property &amp; Real Estate Management<\/title>\n<meta name=\"robots\" content=\"index, follow, max-snippet:-1, max-image-preview:large, max-video-preview:-1\" \/>\n<link rel=\"canonical\" href=\"https:\/\/l1-real-estate.com\/index.php\/ueber\/\" \/>\n<meta property=\"og:locale\" content=\"en_US\" \/>\n<meta property=\"og:type\" content=\"article\" \/>\n<meta property=\"og:title\" content=\"\u00dcber - L1 Property &amp; Real Estate Management\" \/>\n<meta property=\"og:description\" content=\"[vc_row el_class=&#8221;pb5e&#8221;][vc_column][\/vc_column][\/vc_row][vc_row full_width=&#8221;stretch_row&#8221; css=&#8221;.vc_custom_1440058812899{background-color: #f3f3f3 !important;}&#8221; el_class=&#8221;pt5e pb5e&#8221;][vc_column][\/vc_column][\/vc_row][vc_row full_width=&#8221;stretch_row&#8221; el_class=&#8221;pt5e pb5e&#8221;][vc_column][\/vc_column][\/vc_row]\" \/>\n<meta property=\"og:url\" content=\"https:\/\/l1-real-estate.com\/index.php\/ueber\/?lang=de\" \/>\n<meta property=\"og:site_name\" content=\"L1 Property &amp; Real Estate Management\" \/>\n<meta property=\"article:modified_time\" content=\"2022-11-11T14:54:14+00:00\" \/>\n<meta property=\"og:image\" content=\"https:\/\/l1-real-estate.com\/wp-content\/uploads\/2022\/11\/IMG_4043-1024x850.jpg\" \/>\n<meta name=\"twitter:card\" content=\"summary_large_image\" \/>\n<meta name=\"twitter:label1\" content=\"Est. reading time\" \/>\n\t<meta name=\"twitter:data1\" content=\"5 minutes\" \/>\n<script type=\"application\/ld+json\" class=\"yoast-schema-graph\">{\"@context\":\"https:\/\/schema.org\",\"@graph\":[{\"@type\":\"WebPage\",\"@id\":\"https:\/\/l1-real-estate.com\/index.php\/ueber\/?lang=de\",\"url\":\"https:\/\/l1-real-estate.com\/index.php\/ueber\/?lang=de\",\"name\":\"\u00dcber - L1 Property &amp; Real Estate Management\",\"isPartOf\":{\"@id\":\"https:\/\/l1-real-estate.com\/#website\"},\"primaryImageOfPage\":{\"@id\":\"https:\/\/l1-real-estate.com\/index.php\/ueber\/?lang=de#primaryimage\"},\"image\":{\"@id\":\"https:\/\/l1-real-estate.com\/index.php\/ueber\/?lang=de#primaryimage\"},\"thumbnailUrl\":\"https:\/\/l1-real-estate.com\/wp-content\/uploads\/2022\/11\/IMG_4043-1024x850.jpg\",\"datePublished\":\"2015-09-03T14:02:34+00:00\",\"dateModified\":\"2022-11-11T14:54:14+00:00\",\"breadcrumb\":{\"@id\":\"https:\/\/l1-real-estate.com\/index.php\/ueber\/?lang=de#breadcrumb\"},\"inLanguage\":\"en-US\",\"potentialAction\":[{\"@type\":\"ReadAction\",\"target\":[\"https:\/\/l1-real-estate.com\/index.php\/ueber\/?lang=de\"]}]},{\"@type\":\"ImageObject\",\"inLanguage\":\"en-US\",\"@id\":\"https:\/\/l1-real-estate.com\/index.php\/ueber\/?lang=de#primaryimage\",\"url\":\"https:\/\/l1-real-estate.com\/wp-content\/uploads\/2022\/11\/IMG_4043.jpg\",\"contentUrl\":\"https:\/\/l1-real-estate.com\/wp-content\/uploads\/2022\/11\/IMG_4043.jpg\",\"width\":1428,\"height\":1186},{\"@type\":\"BreadcrumbList\",\"@id\":\"https:\/\/l1-real-estate.com\/index.php\/ueber\/?lang=de#breadcrumb\",\"itemListElement\":[{\"@type\":\"ListItem\",\"position\":1,\"name\":\"Startseite\",\"item\":\"https:\/\/l1-real-estate.com\/\"},{\"@type\":\"ListItem\",\"position\":2,\"name\":\"\u00dcber\"}]},{\"@type\":\"WebSite\",\"@id\":\"https:\/\/l1-real-estate.com\/#website\",\"url\":\"https:\/\/l1-real-estate.com\/\",\"name\":\"L1 Property &amp; Real Estate Management\",\"description\":\"\",\"potentialAction\":[{\"@type\":\"SearchAction\",\"target\":{\"@type\":\"EntryPoint\",\"urlTemplate\":\"https:\/\/l1-real-estate.com\/?s={search_term_string}\"},\"query-input\":{\"@type\":\"PropertyValueSpecification\",\"valueRequired\":true,\"valueName\":\"search_term_string\"}}],\"inLanguage\":\"en-US\"}]}<\/script>\n<!-- \/ Yoast SEO plugin. -->","yoast_head_json":{"title":"\u00dcber - L1 Property &amp; Real Estate Management","robots":{"index":"index","follow":"follow","max-snippet":"max-snippet:-1","max-image-preview":"max-image-preview:large","max-video-preview":"max-video-preview:-1"},"canonical":"https:\/\/l1-real-estate.com\/index.php\/ueber\/","og_locale":"en_US","og_type":"article","og_title":"\u00dcber - L1 Property &amp; Real Estate Management","og_description":"[vc_row el_class=&#8221;pb5e&#8221;][vc_column][\/vc_column][\/vc_row][vc_row full_width=&#8221;stretch_row&#8221; css=&#8221;.vc_custom_1440058812899{background-color: #f3f3f3 !important;}&#8221; el_class=&#8221;pt5e pb5e&#8221;][vc_column][\/vc_column][\/vc_row][vc_row full_width=&#8221;stretch_row&#8221; el_class=&#8221;pt5e pb5e&#8221;][vc_column][\/vc_column][\/vc_row]","og_url":"https:\/\/l1-real-estate.com\/index.php\/ueber\/?lang=de","og_site_name":"L1 Property &amp; Real Estate Management","article_modified_time":"2022-11-11T14:54:14+00:00","og_image":[{"url":"https:\/\/l1-real-estate.com\/wp-content\/uploads\/2022\/11\/IMG_4043-1024x850.jpg","type":"","width":"","height":""}],"twitter_card":"summary_large_image","twitter_misc":{"Est. reading time":"5 minutes"},"schema":{"@context":"https:\/\/schema.org","@graph":[{"@type":"WebPage","@id":"https:\/\/l1-real-estate.com\/index.php\/ueber\/?lang=de","url":"https:\/\/l1-real-estate.com\/index.php\/ueber\/?lang=de","name":"\u00dcber - L1 Property &amp; Real Estate Management","isPartOf":{"@id":"https:\/\/l1-real-estate.com\/#website"},"primaryImageOfPage":{"@id":"https:\/\/l1-real-estate.com\/index.php\/ueber\/?lang=de#primaryimage"},"image":{"@id":"https:\/\/l1-real-estate.com\/index.php\/ueber\/?lang=de#primaryimage"},"thumbnailUrl":"https:\/\/l1-real-estate.com\/wp-content\/uploads\/2022\/11\/IMG_4043-1024x850.jpg","datePublished":"2015-09-03T14:02:34+00:00","dateModified":"2022-11-11T14:54:14+00:00","breadcrumb":{"@id":"https:\/\/l1-real-estate.com\/index.php\/ueber\/?lang=de#breadcrumb"},"inLanguage":"en-US","potentialAction":[{"@type":"ReadAction","target":["https:\/\/l1-real-estate.com\/index.php\/ueber\/?lang=de"]}]},{"@type":"ImageObject","inLanguage":"en-US","@id":"https:\/\/l1-real-estate.com\/index.php\/ueber\/?lang=de#primaryimage","url":"https:\/\/l1-real-estate.com\/wp-content\/uploads\/2022\/11\/IMG_4043.jpg","contentUrl":"https:\/\/l1-real-estate.com\/wp-content\/uploads\/2022\/11\/IMG_4043.jpg","width":1428,"height":1186},{"@type":"BreadcrumbList","@id":"https:\/\/l1-real-estate.com\/index.php\/ueber\/?lang=de#breadcrumb","itemListElement":[{"@type":"ListItem","position":1,"name":"Startseite","item":"https:\/\/l1-real-estate.com\/"},{"@type":"ListItem","position":2,"name":"\u00dcber"}]},{"@type":"WebSite","@id":"https:\/\/l1-real-estate.com\/#website","url":"https:\/\/l1-real-estate.com\/","name":"L1 Property &amp; Real Estate Management","description":"","potentialAction":[{"@type":"SearchAction","target":{"@type":"EntryPoint","urlTemplate":"https:\/\/l1-real-estate.com\/?s={search_term_string}"},"query-input":{"@type":"PropertyValueSpecification","valueRequired":true,"valueName":"search_term_string"}}],"inLanguage":"en-US"}]}},"_links":{"self":[{"href":"https:\/\/l1-real-estate.com\/index.php\/wp-json\/wp\/v2\/pages\/3168","targetHints":{"allow":["GET"]}}],"collection":[{"href":"https:\/\/l1-real-estate.com\/index.php\/wp-json\/wp\/v2\/pages"}],"about":[{"href":"https:\/\/l1-real-estate.com\/index.php\/wp-json\/wp\/v2\/types\/page"}],"author":[{"embeddable":true,"href":"https:\/\/l1-real-estate.com\/index.php\/wp-json\/wp\/v2\/users\/1"}],"replies":[{"embeddable":true,"href":"https:\/\/l1-real-estate.com\/index.php\/wp-json\/wp\/v2\/comments?post=3168"}],"version-history":[{"count":219,"href":"https:\/\/l1-real-estate.com\/index.php\/wp-json\/wp\/v2\/pages\/3168\/revisions"}],"predecessor-version":[{"id":6229,"href":"https:\/\/l1-real-estate.com\/index.php\/wp-json\/wp\/v2\/pages\/3168\/revisions\/6229"}],"wp:attachment":[{"href":"https:\/\/l1-real-estate.com\/index.php\/wp-json\/wp\/v2\/media?parent=3168"}],"curies":[{"name":"wp","href":"https:\/\/api.w.org\/{rel}","templated":true}]}}