{"id":3242,"date":"2015-09-03T14:02:34","date_gmt":"2015-09-03T14:02:34","guid":{"rendered":"https:\/\/l1-real-estate.com\/index.php\/sobre\/"},"modified":"2022-11-14T15:41:34","modified_gmt":"2022-11-14T15:41:34","slug":"sobre","status":"publish","type":"page","link":"https:\/\/l1-real-estate.com\/index.php\/sobre\/?lang=pt-pt","title":{"rendered":"Sobre"},"content":{"rendered":"<p>[vc_row el_class=&#8221;pb5e&#8221;][vc_column]<h1 class=\"sc_title sc_title_regular sc_align_center mb1e\" style=\"text-align:center;\">Porque escolher-nos?<\/h1><div class=\"columns_wrap sc_columns columns_nofluid sc_columns_count_2\"><div class=\"column-1_2 sc_column_item sc_column_item_1 odd first\"><div class=\"sc_section\"><div class=\"sc_section_inner\"><span class=\"sc_icon icon-lock sc_icon_shape_round alignleft icon5e\"><\/span><h4 class=\"sc_title sc_title_regular sc_align_left mb05e fs-normal\" style=\"text-align:left;\">Confian\u00e7a<\/h4>[vc_column_text]Qualquer que seja a sua situa\u00e7\u00e3o &#8211; trat\u00e1-la-emos com grande responsabilidade e discri\u00e7\u00e3o.[\/vc_column_text]<div class=\"clearfix\" style=\"clear:both\"><\/div>[vc_empty_space height=&#8221;1.5em&#8221;]<span class=\"sc_icon icon-doc sc_icon_shape_round alignleft icon5e\"><\/span><h4 class=\"sc_title sc_title_regular sc_align_left mb05e fs-normal\" style=\"text-align:left;\">Documentos<\/h4>[vc_column_text]Podemos ajud\u00e1-lo a tratar de todos os documentos legais de que possa necessitar para o seu projecto.[\/vc_column_text]<div class=\"clearfix\" style=\"clear:both\"><\/div>[vc_empty_space height=&#8221;1.5em&#8221;]<span class=\"sc_icon icon-search sc_icon_shape_round alignleft icon5e\"><\/span><h4 class=\"sc_title sc_title_regular sc_align_left mb05e fs-normal\" style=\"text-align:left;\">Portf\u00f3lio atualizado<\/h4>[vc_column_text]A nossa carteira de propriedades \u00e9 extensa e rica e muda constantemente para as suas necessidades.[\/vc_column_text]<div class=\"clearfix\" style=\"clear:both\"><\/div>[vc_empty_space height=&#8221;1.5em&#8221;]<span class=\"sc_icon icon-star sc_icon_shape_round alignleft icon5e\"><\/span><h4 class=\"sc_title sc_title_regular sc_align_left mb05e fs-normal\" style=\"text-align:left;\">A sua satisfa\u00e7\u00e3o \u00e9 a nossa prioridade<\/h4>[vc_column_text]Queremos prestar um excelente servi\u00e7o e n\u00e3o iremos parar at\u00e9 satisfazermos plenamente as necessidades dos nossos clientes.[\/vc_column_text]<div class=\"clearfix\" style=\"clear:both\"><\/div><\/div><\/div><\/div><div class=\"column-1_2 sc_column_item sc_column_item_2 even\">[vc_column_text]<img loading=\"lazy\" decoding=\"async\" class=\"alignnone wp-image-4364 size-large\" src=\"https:\/\/l1-real-estate.com\/wp-content\/uploads\/2022\/11\/IMG_4043-1024x850.jpg\" alt=\"\" width=\"1024\" height=\"850\" srcset=\"https:\/\/l1-real-estate.com\/wp-content\/uploads\/2022\/11\/IMG_4043-1024x850.jpg 1024w, https:\/\/l1-real-estate.com\/wp-content\/uploads\/2022\/11\/IMG_4043-300x249.jpg 300w, https:\/\/l1-real-estate.com\/wp-content\/uploads\/2022\/11\/IMG_4043-768x638.jpg 768w, https:\/\/l1-real-estate.com\/wp-content\/uploads\/2022\/11\/IMG_4043-1170x972.jpg 1170w, https:\/\/l1-real-estate.com\/wp-content\/uploads\/2022\/11\/IMG_4043-870x723.jpg 870w, https:\/\/l1-real-estate.com\/wp-content\/uploads\/2022\/11\/IMG_4043-390x324.jpg 390w, https:\/\/l1-real-estate.com\/wp-content\/uploads\/2022\/11\/IMG_4043.jpg 1428w\" sizes=\"auto, (max-width: 1024px) 100vw, 1024px\" \/>[\/vc_column_text]<\/div><\/div>[\/vc_column][\/vc_row][vc_row full_width=&#8221;stretch_row&#8221; css=&#8221;.vc_custom_1440058812899{background-color: #f3f3f3 !important;}&#8221; el_class=&#8221;pt5e pb5e&#8221;][vc_column]<div class=\"sc_content content_wrap\"><h1 class=\"sc_title sc_title_regular sc_align_center mb1e\" style=\"text-align:center;\">Our History<\/h1>[vc_column_text]<big><\/big><\/p>\n<p style=\"text-align: center;\"><strong>Obrigado pela sua visita.<\/strong><\/p>\n<p style=\"text-align: center;\">Quando se trata de im\u00f3veis no algarve, est\u00e1 em boas m\u00e3os connosco.<\/p>\n<p style=\"text-align: center;\">Operamos no mercado com grande sucesso nas vendas e alugueres de casas e apartamentos quer para compra quer para f\u00e9rias. Se \u00e9 um propriet\u00e1rio que procura alugar ou vender a sua propriedade, ou simplesmente algu\u00e9m que procura uma propriedade para passar algum tempo ao sol na bela costa algarvia. Temos a solu\u00e7\u00e3o para si.<\/p>\n<p style=\"text-align: center;\"><strong>A solu\u00e7\u00e3o que satisfaz as suas necessidades.<\/strong><\/p>\n<p style=\"text-align: center;\">O nosso vasto portf\u00f3lio combinado com a nossa experi\u00eancia em portugal, permite-nos oferecer propriedades de todas as categorias para implementar conceitos residenciais e habitacionais. O nosso objectivo \u00e9 oferecer-lhe exactamente aquilo que procura e permitir-nos oferecer solu\u00e7\u00f5es pessoais adaptadas especialmente para os nossos clientes.<\/p>\n<p style=\"text-align: center;\"><strong>Todos os conselhos que oferecemos s\u00e3o sem compromisso.<\/strong><\/p>\n<p style=\"text-align: center;\">Fa\u00e7a-nos uma visita sem qualquer compromisso. Teremos todo o prazer em receb\u00ea-lo e apresent\u00e1-lo pessoalmente a toda a nossa carteira.<\/p>\n<p style=\"text-align: center;\">Proximidade ao cliente que constr\u00f3i confian\u00e7a.<\/p>\n<p style=\"text-align: center;\">O nosso neg\u00f3cio \u00e9 sobre pessoas e o nosso trabalho come\u00e7a com a escuta e compreens\u00e3o dos nossos valiosos clientes, s\u00f3 ent\u00e3o sobre os bens imobili\u00e1rios que pretendem adquirir. O nosso sucesso depende do nosso empenho total na realiza\u00e7\u00e3o do seu sonho, e para isso pode sempre contar com a nossa transpar\u00eancia e simpatia, bem como condi\u00e7\u00f5es justas para que, atrav\u00e9s da sua satisfa\u00e7\u00e3o, possamos estabelecer um contacto a longo prazo. Realizar o seu sonho \u00e9 a nossa principal prioridade, por isso temos o prazer de lhe entregar pessoalmente as chaves no final de um projecto.<\/p>\n<p style=\"text-align: center;\"><strong>Quem somos n\u00f3s<\/strong><\/p>\n<p style=\"text-align: center;\">Somos uma equipa din\u00e2mica cujo objectivo constante \u00e9 o compromisso total para a realiza\u00e7\u00e3o dos seus sonhos. Para tal, usamos uma abordagem diferente e inteligente, combinada com um excelente servi\u00e7o ao cliente que merece. Os nossos pontos fortes s\u00e3o a excel\u00eancia, a transpar\u00eancia e a proximidade.<\/p>\n<p style=\"text-align: center;\"><strong>A confian\u00e7a compensa.<\/strong><\/p>\n<p style=\"text-align: center;\">A nossa pol\u00edtica tem como objectivo uma coopera\u00e7\u00e3o fi\u00e1vel e sustent\u00e1vel, individualidade, simpatia e discri\u00e7\u00e3o. Valores que s\u00e3o de grande import\u00e2ncia neste neg\u00f3cio sens\u00edvel. Al\u00e9m disso, temos uma s\u00e9rie de compet\u00eancias combinadas na nossa equipa. \u00c9 por isso que podemos sempre encontrar solu\u00e7\u00f5es \u00fanicas, mesmo para os projectos mais exigentes.<\/p>\n<p style=\"text-align: center;\">Al\u00e9m disso, existe uma qualidade que impressiona particularmente os nossos clientes: o conhecimento de que pretendemos alcan\u00e7ar o melhor neg\u00f3cio que os nossos valiosos clientes merecem.<\/p>\n<p style=\"text-align: center;\"><strong>Oferecemos o nosso melhor, \u00fanico e amig\u00e1vel servi\u00e7o pessoal.<\/strong><\/p>\n<p style=\"text-align: center;\">Quer seja apartamento ou moradia, venda ou arrendamento, cada projecto \u00e9 tratado por n\u00f3s com compet\u00eancia e sensibilidade. A nossa filosofia n\u00e3o se baseia na quantidade de ofertas, mas na sua qualidade. Uma filosofia com a qual sempre garantimos aos nossos clientes.<\/p>\n<p style=\"text-align: center;\">Aguardamos a sua visita, por isso, por favor, fa\u00e7a-nos uma visita.<\/p>\n<p style=\"text-align: center;\">&#8211; Silke Lang e Liam Wessellenns<\/p>\n<p>[\/vc_column_text]<\/div>[\/vc_column][\/vc_row][vc_row full_width=&#8221;stretch_row&#8221; el_class=&#8221;pt5e pb5e&#8221;][vc_column]<div class=\"sc_content content_wrap\"><h1 class=\"sc_title sc_title_regular sc_align_center mb1e\" style=\"text-align:center;\">Our Partners<\/h1>[vc_column_text]<big><\/big><\/p>\n<p style=\"text-align: center;\">Quer se trate de aluguer de autom\u00f3veis, transfer\u00eancia, aconselhamento jur\u00eddico &#8211; estabelecemos uma parceria com os tipos certos.<\/p>\n<p>[\/vc_column_text]<div id=\"sc_section_1529930529\" class=\"sc_section pt2e column-1_1\" style=\"height:119px;\"><div class=\"sc_section_inner\"><div id=\"sc_section_1529930529_scroll\" class=\"sc_scroll sc_scroll_horizontal swiper-slider-container scroll-container\" style=\"height:119px;\"><div class=\"sc_scroll_wrapper swiper-wrapper\"><div class=\"sc_scroll_slide swiper-slide\"><figure class=\"sc_image  alignleft sc_image_shape_square\"><img decoding=\"async\" src=\"https:\/\/l1-real-estate.com\/wp-content\/uploads\/2022\/11\/rentb.png\" alt=\"\" \/><\/figure><figure class=\"sc_image  alignleft sc_image_shape_square\"><img decoding=\"async\" src=\"https:\/\/l1-real-estate.com\/wp-content\/uploads\/2022\/11\/fishb.png\" alt=\"\" \/><\/figure><figure class=\"sc_image  alignleft sc_image_shape_square\"><img decoding=\"async\" src=\"https:\/\/l1-real-estate.com\/wp-content\/uploads\/2022\/11\/nab.png\" alt=\"\" \/><\/figure><\/div><\/div><div id=\"sc_section_1529930529_scroll_bar\" class=\"sc_scroll_bar sc_scroll_bar_horizontal sc_section_1529930529_scroll_bar\"><\/div><\/div><\/div><\/div><\/div>[\/vc_column][\/vc_row]<\/p>\n","protected":false},"excerpt":{"rendered":"<p>[vc_row el_class=&#8221;pb5e&#8221;][vc_column][\/vc_column][\/vc_row][vc_row full_width=&#8221;stretch_row&#8221; css=&#8221;.vc_custom_1440058812899{background-color: #f3f3f3 !important;}&#8221; el_class=&#8221;pt5e pb5e&#8221;][vc_column][\/vc_column][\/vc_row][vc_row full_width=&#8221;stretch_row&#8221; el_class=&#8221;pt5e pb5e&#8221;][vc_column][\/vc_column][\/vc_row]<\/p>\n","protected":false},"author":1,"featured_media":0,"parent":0,"menu_order":0,"comment_status":"open","ping_status":"open","template":"","meta":{"footnotes":""},"class_list":["post-3242","page","type-page","status-publish","hentry"],"yoast_head":"<!-- This site is optimized with the Yoast SEO plugin v26.8 - https:\/\/yoast.com\/product\/yoast-seo-wordpress\/ -->\n<title>Sobre - L1 Property &amp; Real Estate Management<\/title>\n<meta name=\"robots\" content=\"index, follow, max-snippet:-1, max-image-preview:large, max-video-preview:-1\" \/>\n<link rel=\"canonical\" href=\"https:\/\/l1-real-estate.com\/index.php\/sobre\/\" \/>\n<meta property=\"og:locale\" content=\"en_US\" \/>\n<meta property=\"og:type\" content=\"article\" \/>\n<meta property=\"og:title\" content=\"Sobre - L1 Property &amp; Real Estate Management\" \/>\n<meta property=\"og:description\" content=\"[vc_row el_class=&#8221;pb5e&#8221;][vc_column][\/vc_column][\/vc_row][vc_row full_width=&#8221;stretch_row&#8221; css=&#8221;.vc_custom_1440058812899{background-color: #f3f3f3 !important;}&#8221; el_class=&#8221;pt5e pb5e&#8221;][vc_column][\/vc_column][\/vc_row][vc_row full_width=&#8221;stretch_row&#8221; el_class=&#8221;pt5e pb5e&#8221;][vc_column][\/vc_column][\/vc_row]\" \/>\n<meta property=\"og:url\" content=\"https:\/\/l1-real-estate.com\/index.php\/sobre\/?lang=pt-pt\" \/>\n<meta property=\"og:site_name\" content=\"L1 Property &amp; Real Estate Management\" \/>\n<meta property=\"article:modified_time\" content=\"2022-11-14T15:41:34+00:00\" \/>\n<meta property=\"og:image\" content=\"https:\/\/l1-real-estate.com\/wp-content\/uploads\/2022\/11\/IMG_4043-1024x850.jpg\" \/>\n<meta name=\"twitter:card\" content=\"summary_large_image\" \/>\n<meta name=\"twitter:label1\" content=\"Est. reading time\" \/>\n\t<meta name=\"twitter:data1\" content=\"5 minutes\" \/>\n<script type=\"application\/ld+json\" class=\"yoast-schema-graph\">{\"@context\":\"https:\/\/schema.org\",\"@graph\":[{\"@type\":\"WebPage\",\"@id\":\"https:\/\/l1-real-estate.com\/index.php\/sobre\/?lang=pt-pt\",\"url\":\"https:\/\/l1-real-estate.com\/index.php\/sobre\/?lang=pt-pt\",\"name\":\"Sobre - L1 Property &amp; Real Estate Management\",\"isPartOf\":{\"@id\":\"https:\/\/l1-real-estate.com\/#website\"},\"primaryImageOfPage\":{\"@id\":\"https:\/\/l1-real-estate.com\/index.php\/sobre\/?lang=pt-pt#primaryimage\"},\"image\":{\"@id\":\"https:\/\/l1-real-estate.com\/index.php\/sobre\/?lang=pt-pt#primaryimage\"},\"thumbnailUrl\":\"https:\/\/l1-real-estate.com\/wp-content\/uploads\/2022\/11\/IMG_4043-1024x850.jpg\",\"datePublished\":\"2015-09-03T14:02:34+00:00\",\"dateModified\":\"2022-11-14T15:41:34+00:00\",\"breadcrumb\":{\"@id\":\"https:\/\/l1-real-estate.com\/index.php\/sobre\/?lang=pt-pt#breadcrumb\"},\"inLanguage\":\"en-US\",\"potentialAction\":[{\"@type\":\"ReadAction\",\"target\":[\"https:\/\/l1-real-estate.com\/index.php\/sobre\/?lang=pt-pt\"]}]},{\"@type\":\"ImageObject\",\"inLanguage\":\"en-US\",\"@id\":\"https:\/\/l1-real-estate.com\/index.php\/sobre\/?lang=pt-pt#primaryimage\",\"url\":\"https:\/\/l1-real-estate.com\/wp-content\/uploads\/2022\/11\/IMG_4043.jpg\",\"contentUrl\":\"https:\/\/l1-real-estate.com\/wp-content\/uploads\/2022\/11\/IMG_4043.jpg\",\"width\":1428,\"height\":1186},{\"@type\":\"BreadcrumbList\",\"@id\":\"https:\/\/l1-real-estate.com\/index.php\/sobre\/?lang=pt-pt#breadcrumb\",\"itemListElement\":[{\"@type\":\"ListItem\",\"position\":1,\"name\":\"Startseite\",\"item\":\"https:\/\/l1-real-estate.com\/\"},{\"@type\":\"ListItem\",\"position\":2,\"name\":\"Sobre\"}]},{\"@type\":\"WebSite\",\"@id\":\"https:\/\/l1-real-estate.com\/#website\",\"url\":\"https:\/\/l1-real-estate.com\/\",\"name\":\"L1 Property &amp; Real Estate Management\",\"description\":\"\",\"potentialAction\":[{\"@type\":\"SearchAction\",\"target\":{\"@type\":\"EntryPoint\",\"urlTemplate\":\"https:\/\/l1-real-estate.com\/?s={search_term_string}\"},\"query-input\":{\"@type\":\"PropertyValueSpecification\",\"valueRequired\":true,\"valueName\":\"search_term_string\"}}],\"inLanguage\":\"en-US\"}]}<\/script>\n<!-- \/ Yoast SEO plugin. -->","yoast_head_json":{"title":"Sobre - L1 Property &amp; Real Estate Management","robots":{"index":"index","follow":"follow","max-snippet":"max-snippet:-1","max-image-preview":"max-image-preview:large","max-video-preview":"max-video-preview:-1"},"canonical":"https:\/\/l1-real-estate.com\/index.php\/sobre\/","og_locale":"en_US","og_type":"article","og_title":"Sobre - L1 Property &amp; Real Estate Management","og_description":"[vc_row el_class=&#8221;pb5e&#8221;][vc_column][\/vc_column][\/vc_row][vc_row full_width=&#8221;stretch_row&#8221; css=&#8221;.vc_custom_1440058812899{background-color: #f3f3f3 !important;}&#8221; el_class=&#8221;pt5e pb5e&#8221;][vc_column][\/vc_column][\/vc_row][vc_row full_width=&#8221;stretch_row&#8221; el_class=&#8221;pt5e pb5e&#8221;][vc_column][\/vc_column][\/vc_row]","og_url":"https:\/\/l1-real-estate.com\/index.php\/sobre\/?lang=pt-pt","og_site_name":"L1 Property &amp; Real Estate Management","article_modified_time":"2022-11-14T15:41:34+00:00","og_image":[{"url":"https:\/\/l1-real-estate.com\/wp-content\/uploads\/2022\/11\/IMG_4043-1024x850.jpg","type":"","width":"","height":""}],"twitter_card":"summary_large_image","twitter_misc":{"Est. reading time":"5 minutes"},"schema":{"@context":"https:\/\/schema.org","@graph":[{"@type":"WebPage","@id":"https:\/\/l1-real-estate.com\/index.php\/sobre\/?lang=pt-pt","url":"https:\/\/l1-real-estate.com\/index.php\/sobre\/?lang=pt-pt","name":"Sobre - L1 Property &amp; Real Estate Management","isPartOf":{"@id":"https:\/\/l1-real-estate.com\/#website"},"primaryImageOfPage":{"@id":"https:\/\/l1-real-estate.com\/index.php\/sobre\/?lang=pt-pt#primaryimage"},"image":{"@id":"https:\/\/l1-real-estate.com\/index.php\/sobre\/?lang=pt-pt#primaryimage"},"thumbnailUrl":"https:\/\/l1-real-estate.com\/wp-content\/uploads\/2022\/11\/IMG_4043-1024x850.jpg","datePublished":"2015-09-03T14:02:34+00:00","dateModified":"2022-11-14T15:41:34+00:00","breadcrumb":{"@id":"https:\/\/l1-real-estate.com\/index.php\/sobre\/?lang=pt-pt#breadcrumb"},"inLanguage":"en-US","potentialAction":[{"@type":"ReadAction","target":["https:\/\/l1-real-estate.com\/index.php\/sobre\/?lang=pt-pt"]}]},{"@type":"ImageObject","inLanguage":"en-US","@id":"https:\/\/l1-real-estate.com\/index.php\/sobre\/?lang=pt-pt#primaryimage","url":"https:\/\/l1-real-estate.com\/wp-content\/uploads\/2022\/11\/IMG_4043.jpg","contentUrl":"https:\/\/l1-real-estate.com\/wp-content\/uploads\/2022\/11\/IMG_4043.jpg","width":1428,"height":1186},{"@type":"BreadcrumbList","@id":"https:\/\/l1-real-estate.com\/index.php\/sobre\/?lang=pt-pt#breadcrumb","itemListElement":[{"@type":"ListItem","position":1,"name":"Startseite","item":"https:\/\/l1-real-estate.com\/"},{"@type":"ListItem","position":2,"name":"Sobre"}]},{"@type":"WebSite","@id":"https:\/\/l1-real-estate.com\/#website","url":"https:\/\/l1-real-estate.com\/","name":"L1 Property &amp; Real Estate Management","description":"","potentialAction":[{"@type":"SearchAction","target":{"@type":"EntryPoint","urlTemplate":"https:\/\/l1-real-estate.com\/?s={search_term_string}"},"query-input":{"@type":"PropertyValueSpecification","valueRequired":true,"valueName":"search_term_string"}}],"inLanguage":"en-US"}]}},"_links":{"self":[{"href":"https:\/\/l1-real-estate.com\/index.php\/wp-json\/wp\/v2\/pages\/3242","targetHints":{"allow":["GET"]}}],"collection":[{"href":"https:\/\/l1-real-estate.com\/index.php\/wp-json\/wp\/v2\/pages"}],"about":[{"href":"https:\/\/l1-real-estate.com\/index.php\/wp-json\/wp\/v2\/types\/page"}],"author":[{"embeddable":true,"href":"https:\/\/l1-real-estate.com\/index.php\/wp-json\/wp\/v2\/users\/1"}],"replies":[{"embeddable":true,"href":"https:\/\/l1-real-estate.com\/index.php\/wp-json\/wp\/v2\/comments?post=3242"}],"version-history":[{"count":85,"href":"https:\/\/l1-real-estate.com\/index.php\/wp-json\/wp\/v2\/pages\/3242\/revisions"}],"predecessor-version":[{"id":6455,"href":"https:\/\/l1-real-estate.com\/index.php\/wp-json\/wp\/v2\/pages\/3242\/revisions\/6455"}],"wp:attachment":[{"href":"https:\/\/l1-real-estate.com\/index.php\/wp-json\/wp\/v2\/media?parent=3242"}],"curies":[{"name":"wp","href":"https:\/\/api.w.org\/{rel}","templated":true}]}}