{"id":3362,"date":"2022-09-09T06:15:54","date_gmt":"2022-09-09T06:15:54","guid":{"rendered":"https:\/\/l1-real-estate.com\/index.php\/dienstleistung-plus\/"},"modified":"2022-11-11T14:54:14","modified_gmt":"2022-11-11T14:54:14","slug":"dienstleistung-plus","status":"publish","type":"page","link":"https:\/\/l1-real-estate.com\/index.php\/dienstleistung-plus\/?lang=de","title":{"rendered":"Unser Service"},"content":{"rendered":"<p>[vc_row full_width=&#8221;stretch_row&#8221;][vc_column]<div class=\"sc_section\"><div class=\"sc_section_inner\">[vc_column_text]<\/p>\n<h2>Liebe Kunden,<\/h2>\n<p><strong>Wir bieten unseren besten, einzigartigen, freundlichen und pers\u00f6nlichen Service.<\/strong><\/p>\n<p>Ob Wohnung oder Villa, Verkauf oder Vermietung, jedes Projekt wird von uns mit Kompetenz und Fingerspitzengef\u00fchl bearbeitet. Unsere Philosophie basiert nicht auf der Quantit\u00e4t der Angebote, sondern auf deren Qualit\u00e4t. Eine Philosophie, die wir unseren Kunden schon immer versichert haben.<\/p>\n<div id=\"gtx-trans\" style=\"position: absolute; left: 174px; top: 546.906px;\">\n<div class=\"gtx-trans-icon\"><\/div>\n<\/div>\n<p>[\/vc_column_text]<\/div><\/div>[vc_empty_space height=&#8221;7em&#8221;][\/vc_column][\/vc_row][vc_row][vc_column]<div class=\"sc_section aligncenter column-1_1\"><div class=\"sc_section_inner\"><div class=\"columns_wrap sc_columns columns_nofluid sc_columns_count_3\" style=\"margin-bottom:50px;\"><div class=\"column-1_3 sc_column_item sc_column_item_1 odd first\" style=\"text-align:center;\">[vc_icon icon_fontawesome=&#8221;fas fa-home&#8221; color=&#8221;custom&#8221; size=&#8221;xl&#8221; align=&#8221;center&#8221; custom_color=&#8221;#000000&#8243;][vc_column_text]<\/p>\n<h4 style=\"text-align: center;\">Immobilien kaufen<\/h4>\n<p style=\"text-align: center;\">Finden Sie Ihren Platz mit einem beeindruckenden Fotoerlebnis und den meisten Angeboten, die Sie nirgendwo sonst finden werden.<\/p>\n<p>[\/vc_column_text]<\/div><div class=\"column-1_3 sc_column_item sc_column_item_2 even\" style=\"text-align:center;\">[vc_icon icon_fontawesome=&#8221;fas fa-sign&#8221; color=&#8221;custom&#8221; size=&#8221;xl&#8221; align=&#8221;center&#8221; custom_color=&#8221;#000000&#8243;][vc_column_text]<\/p>\n<h4 style=\"text-align: center;\">Immobilien verkaufen<\/h4>\n<p style=\"text-align: center;\">Was auch immer Sie haben, ein Haus, eine Wohnung, ein B\u00fcro oder ein Grundst\u00fcck &#8211; wir k\u00f6nnen Ihnen helfen, Menschen aus der ganzen Welt effektiv zu erreichen und zahlreiche Angebote einzuholen.<\/p>\n<p>[\/vc_column_text]<\/div><div class=\"column-1_3 sc_column_item sc_column_item_3 odd\" style=\"text-align:center;\">[vc_icon icon_fontawesome=&#8221;fas fa-hammer&#8221; color=&#8221;custom&#8221; size=&#8221;xl&#8221; align=&#8221;center&#8221; custom_color=&#8221;#000000&#8243;][vc_column_text]<\/p>\n<h4 style=\"text-align: center;\">Bauwesen<\/h4>\n<p style=\"text-align: center;\">Wir bieten Ihnen genau das, was Sie suchen und erm\u00f6glichen Ihnen, von pers\u00f6nlichen, speziell auf Sie zugeschnittenen L\u00f6sungen zu profitieren.<\/p>\n<p>[\/vc_column_text]<\/div><\/div><div class=\"columns_wrap sc_columns columns_nofluid sc_columns_count_2\" style=\"margin-bottom:50px;\"><div class=\"column-1_2 sc_column_item sc_column_item_1 odd first\" style=\"text-align:center;\"><figure class=\"sc_image  sc_image_shape_square\" style=\"margin-bottom:50px !important;\"><img decoding=\"async\" src=\"https:\/\/l1-real-estate.com\/wp-content\/uploads\/2022\/11\/fishb-1-e1668162191247.png\" alt=\"\" \/><\/figure>[vc_column_text]<\/p>\n<h4 style=\"text-align: center;\">Hotel- und Flughafentransfers<\/h4>\n<p style=\"text-align: center;\">Wir haben uns mit Yellowfish Transfers zusammengetan, um Ihren Bedarf an Hotel- und Flughafentransfers zu decken.<\/p>\n<p>[\/vc_column_text]<\/div><div class=\"column-1_2 sc_column_item sc_column_item_2 even\" style=\"text-align:center;\"><figure class=\"sc_image  sc_image_shape_square\" style=\"margin-bottom:50px !important;\"><img decoding=\"async\" src=\"https:\/\/l1-real-estate.com\/wp-content\/uploads\/2022\/11\/rentb-1-e1668162615970.png\" alt=\"\" \/><\/figure>[vc_column_text]<\/p>\n<h4 style=\"text-align: center;\">Autovermietung<\/h4>\n<p style=\"text-align: center;\">Wir haben uns mit Auto Rent zusammengetan, der kundenorientiertesten Autovermietung an der Algarve.<\/p>\n<p>[\/vc_column_text]<\/div><\/div><div class=\"columns_wrap sc_columns columns_nofluid sc_columns_count_3\" style=\"margin-bottom:50px;\"><div class=\"column-1_3 sc_column_item sc_column_item_1 odd first\" style=\"text-align:center;\">[vc_icon icon_fontawesome=&#8221;fas fa-paperclip&#8221; color=&#8221;custom&#8221; size=&#8221;xl&#8221; align=&#8221;center&#8221; custom_color=&#8221;#000000&#8243;][vc_column_text]<\/p>\n<h4 style=\"text-align: center;\">Papierkram &amp; Rechtsberatung<\/h4>\n<p style=\"text-align: center;\">Unser Team hat viel Erfahrung mit Steuer- und Rechtsfragen in Portugal und unterst\u00fctzt Sie gerne. M\u00f6chten Sie nach Portugal ziehen? Wir k\u00fcmmern uns um die Steuernummer, die Er\u00f6ffnung des Bankkontos und\/oder die rechtlichen Dokumente, die Sie ben\u00f6tigen.<\/p>\n<p>[\/vc_column_text]<\/div><div class=\"column-1_3 sc_column_item sc_column_item_2 even\" style=\"text-align:center;\">[vc_icon icon_fontawesome=&#8221;fas fa-grin-beam&#8221; color=&#8221;custom&#8221; size=&#8221;xl&#8221; align=&#8221;center&#8221; custom_color=&#8221;#000000&#8243;][vc_column_text]<\/p>\n<h4 style=\"text-align: center;\">Ausfl\u00fcge, Veranstaltungen und mehr<\/h4>\n<p style=\"text-align: center;\">Wir kennen die Gegend, die Orte und die Restaurants, die Sie umhauen werden. Wir nehmen Sie mit auf eine Reise durch die Algarve und Portugal. Siehe &#8220;Die Algarve erleben&#8221;.<\/p>\n<p>[\/vc_column_text]<\/div><div class=\"column-1_3 sc_column_item sc_column_item_3 odd\" style=\"text-align:center;\">[vc_icon icon_fontawesome=&#8221;fas fa-user-tie&#8221; color=&#8221;custom&#8221; size=&#8221;xl&#8221; align=&#8221;center&#8221; custom_color=&#8221;#000000&#8243;][vc_column_text]<\/p>\n<h4 style=\"text-align: center;\">Dienstleistung Mediation<\/h4>\n<p style=\"text-align: center;\">Sie brauchen eine Reinigung, eine Buchhaltung, eine private K\u00fcche? Wir haben f\u00fcr Sie vorgesorgt &#8211; wir empfehlen Ihnen gerne unsere Partner, die in puncto Qualit\u00e4t und Vertrauen h\u00f6chste Ma\u00dfst\u00e4be setzen.<\/p>\n<p>[\/vc_column_text]<\/div><\/div><\/div><\/div>[\/vc_column][\/vc_row]<\/p>\n","protected":false},"excerpt":{"rendered":"<p>[vc_row full_width=&#8221;stretch_row&#8221;][vc_column][vc_empty_space height=&#8221;7em&#8221;][\/vc_column][\/vc_row][vc_row][vc_column][\/vc_column][\/vc_row]<\/p>\n","protected":false},"author":1,"featured_media":0,"parent":0,"menu_order":0,"comment_status":"closed","ping_status":"closed","template":"","meta":{"footnotes":""},"class_list":["post-3362","page","type-page","status-publish","hentry"],"yoast_head":"<!-- This site is optimized with the Yoast SEO plugin v26.8 - https:\/\/yoast.com\/product\/yoast-seo-wordpress\/ -->\n<title>Unser Service - L1 Property &amp; Real Estate Management<\/title>\n<meta name=\"robots\" content=\"index, follow, max-snippet:-1, max-image-preview:large, max-video-preview:-1\" \/>\n<link rel=\"canonical\" href=\"https:\/\/l1-real-estate.com\/index.php\/dienstleistung-plus\/\" \/>\n<meta property=\"og:locale\" content=\"en_US\" \/>\n<meta property=\"og:type\" content=\"article\" \/>\n<meta property=\"og:title\" content=\"Unser Service - L1 Property &amp; Real Estate Management\" \/>\n<meta property=\"og:description\" content=\"[vc_row full_width=&#8221;stretch_row&#8221;][vc_column][vc_empty_space height=&#8221;7em&#8221;][\/vc_column][\/vc_row][vc_row][vc_column][\/vc_column][\/vc_row]\" \/>\n<meta property=\"og:url\" content=\"https:\/\/l1-real-estate.com\/index.php\/dienstleistung-plus\/?lang=de\" \/>\n<meta property=\"og:site_name\" content=\"L1 Property &amp; Real Estate Management\" \/>\n<meta property=\"article:modified_time\" content=\"2022-11-11T14:54:14+00:00\" \/>\n<meta name=\"twitter:card\" content=\"summary_large_image\" \/>\n<meta name=\"twitter:label1\" content=\"Est. reading time\" \/>\n\t<meta name=\"twitter:data1\" content=\"3 minutes\" \/>\n<script type=\"application\/ld+json\" class=\"yoast-schema-graph\">{\"@context\":\"https:\/\/schema.org\",\"@graph\":[{\"@type\":\"WebPage\",\"@id\":\"https:\/\/l1-real-estate.com\/index.php\/dienstleistung-plus\/?lang=de\",\"url\":\"https:\/\/l1-real-estate.com\/index.php\/dienstleistung-plus\/?lang=de\",\"name\":\"Unser Service - L1 Property &amp; Real Estate Management\",\"isPartOf\":{\"@id\":\"https:\/\/l1-real-estate.com\/#website\"},\"datePublished\":\"2022-09-09T06:15:54+00:00\",\"dateModified\":\"2022-11-11T14:54:14+00:00\",\"breadcrumb\":{\"@id\":\"https:\/\/l1-real-estate.com\/index.php\/dienstleistung-plus\/?lang=de#breadcrumb\"},\"inLanguage\":\"en-US\",\"potentialAction\":[{\"@type\":\"ReadAction\",\"target\":[\"https:\/\/l1-real-estate.com\/index.php\/dienstleistung-plus\/?lang=de\"]}]},{\"@type\":\"BreadcrumbList\",\"@id\":\"https:\/\/l1-real-estate.com\/index.php\/dienstleistung-plus\/?lang=de#breadcrumb\",\"itemListElement\":[{\"@type\":\"ListItem\",\"position\":1,\"name\":\"Startseite\",\"item\":\"https:\/\/l1-real-estate.com\/\"},{\"@type\":\"ListItem\",\"position\":2,\"name\":\"Unser Service\"}]},{\"@type\":\"WebSite\",\"@id\":\"https:\/\/l1-real-estate.com\/#website\",\"url\":\"https:\/\/l1-real-estate.com\/\",\"name\":\"L1 Property &amp; Real Estate Management\",\"description\":\"\",\"potentialAction\":[{\"@type\":\"SearchAction\",\"target\":{\"@type\":\"EntryPoint\",\"urlTemplate\":\"https:\/\/l1-real-estate.com\/?s={search_term_string}\"},\"query-input\":{\"@type\":\"PropertyValueSpecification\",\"valueRequired\":true,\"valueName\":\"search_term_string\"}}],\"inLanguage\":\"en-US\"}]}<\/script>\n<!-- \/ Yoast SEO plugin. -->","yoast_head_json":{"title":"Unser Service - L1 Property &amp; Real Estate Management","robots":{"index":"index","follow":"follow","max-snippet":"max-snippet:-1","max-image-preview":"max-image-preview:large","max-video-preview":"max-video-preview:-1"},"canonical":"https:\/\/l1-real-estate.com\/index.php\/dienstleistung-plus\/","og_locale":"en_US","og_type":"article","og_title":"Unser Service - L1 Property &amp; Real Estate Management","og_description":"[vc_row full_width=&#8221;stretch_row&#8221;][vc_column][vc_empty_space height=&#8221;7em&#8221;][\/vc_column][\/vc_row][vc_row][vc_column][\/vc_column][\/vc_row]","og_url":"https:\/\/l1-real-estate.com\/index.php\/dienstleistung-plus\/?lang=de","og_site_name":"L1 Property &amp; Real Estate Management","article_modified_time":"2022-11-11T14:54:14+00:00","twitter_card":"summary_large_image","twitter_misc":{"Est. reading time":"3 minutes"},"schema":{"@context":"https:\/\/schema.org","@graph":[{"@type":"WebPage","@id":"https:\/\/l1-real-estate.com\/index.php\/dienstleistung-plus\/?lang=de","url":"https:\/\/l1-real-estate.com\/index.php\/dienstleistung-plus\/?lang=de","name":"Unser Service - L1 Property &amp; Real Estate Management","isPartOf":{"@id":"https:\/\/l1-real-estate.com\/#website"},"datePublished":"2022-09-09T06:15:54+00:00","dateModified":"2022-11-11T14:54:14+00:00","breadcrumb":{"@id":"https:\/\/l1-real-estate.com\/index.php\/dienstleistung-plus\/?lang=de#breadcrumb"},"inLanguage":"en-US","potentialAction":[{"@type":"ReadAction","target":["https:\/\/l1-real-estate.com\/index.php\/dienstleistung-plus\/?lang=de"]}]},{"@type":"BreadcrumbList","@id":"https:\/\/l1-real-estate.com\/index.php\/dienstleistung-plus\/?lang=de#breadcrumb","itemListElement":[{"@type":"ListItem","position":1,"name":"Startseite","item":"https:\/\/l1-real-estate.com\/"},{"@type":"ListItem","position":2,"name":"Unser Service"}]},{"@type":"WebSite","@id":"https:\/\/l1-real-estate.com\/#website","url":"https:\/\/l1-real-estate.com\/","name":"L1 Property &amp; Real Estate Management","description":"","potentialAction":[{"@type":"SearchAction","target":{"@type":"EntryPoint","urlTemplate":"https:\/\/l1-real-estate.com\/?s={search_term_string}"},"query-input":{"@type":"PropertyValueSpecification","valueRequired":true,"valueName":"search_term_string"}}],"inLanguage":"en-US"}]}},"_links":{"self":[{"href":"https:\/\/l1-real-estate.com\/index.php\/wp-json\/wp\/v2\/pages\/3362","targetHints":{"allow":["GET"]}}],"collection":[{"href":"https:\/\/l1-real-estate.com\/index.php\/wp-json\/wp\/v2\/pages"}],"about":[{"href":"https:\/\/l1-real-estate.com\/index.php\/wp-json\/wp\/v2\/types\/page"}],"author":[{"embeddable":true,"href":"https:\/\/l1-real-estate.com\/index.php\/wp-json\/wp\/v2\/users\/1"}],"replies":[{"embeddable":true,"href":"https:\/\/l1-real-estate.com\/index.php\/wp-json\/wp\/v2\/comments?post=3362"}],"version-history":[{"count":164,"href":"https:\/\/l1-real-estate.com\/index.php\/wp-json\/wp\/v2\/pages\/3362\/revisions"}],"predecessor-version":[{"id":5732,"href":"https:\/\/l1-real-estate.com\/index.php\/wp-json\/wp\/v2\/pages\/3362\/revisions\/5732"}],"wp:attachment":[{"href":"https:\/\/l1-real-estate.com\/index.php\/wp-json\/wp\/v2\/media?parent=3362"}],"curies":[{"name":"wp","href":"https:\/\/api.w.org\/{rel}","templated":true}]}}