{"id":3371,"date":"2022-09-09T06:15:54","date_gmt":"2022-09-09T06:15:54","guid":{"rendered":"https:\/\/l1-real-estate.com\/index.php\/servicio-plus\/"},"modified":"2022-11-11T14:54:24","modified_gmt":"2022-11-11T14:54:24","slug":"servicio-plus","status":"publish","type":"page","link":"https:\/\/l1-real-estate.com\/index.php\/servicio-plus\/?lang=es","title":{"rendered":"Nuestro servicio"},"content":{"rendered":"<p>[vc_row full_width=&#8221;stretch_row&#8221;][vc_column]<div class=\"sc_section\"><div class=\"sc_section_inner\">[vc_column_text]<\/p>\n<h2>Estimados clientes,<\/h2>\n<p><strong>Ofrecemos nuestro mejor, \u00fanico y amable servicio personal.<\/strong><\/p>\n<p>Ya sea un apartamento o un chalet, una venta o un alquiler, cada proyecto es tratado por nosotros con competencia y sensibilidad. Nuestra filosof\u00eda no se basa en la cantidad de ofertas, sino en su calidad. Una filosof\u00eda con la que siempre hemos asegurado a nuestros clientes.<\/p>\n<div id=\"gtx-trans\" style=\"position: absolute; left: 174px; top: 546.906px;\">\n<div class=\"gtx-trans-icon\"><\/div>\n<\/div>\n<p>[\/vc_column_text]<\/div><\/div>[vc_empty_space height=&#8221;7em&#8221;][\/vc_column][\/vc_row][vc_row][vc_column]<div class=\"sc_section aligncenter column-1_1\"><div class=\"sc_section_inner\"><div class=\"columns_wrap sc_columns columns_nofluid sc_columns_count_3\" style=\"margin-bottom:50px;\"><div class=\"column-1_3 sc_column_item sc_column_item_1 odd first\" style=\"text-align:center;\">[vc_icon icon_fontawesome=&#8221;fas fa-home&#8221; color=&#8221;custom&#8221; size=&#8221;xl&#8221; align=&#8221;center&#8221; custom_color=&#8221;#000000&#8243;][vc_column_text]<\/p>\n<h4 style=\"text-align: center;\">Comprar bienes inmuebles<\/h4>\n<p style=\"text-align: center;\">Encuentre su lugar con una experiencia fotogr\u00e1fica envolvente y la mayor cantidad de listados que incluyen cosas que no encontrar\u00e1 en ning\u00fan otro lugar.<\/p>\n<p>[\/vc_column_text]<\/div><div class=\"column-1_3 sc_column_item sc_column_item_2 even\" style=\"text-align:center;\">[vc_icon icon_fontawesome=&#8221;fas fa-sign&#8221; color=&#8221;custom&#8221; size=&#8221;xl&#8221; align=&#8221;center&#8221; custom_color=&#8221;#000000&#8243;][vc_column_text]<\/p>\n<h4 style=\"text-align: center;\">Vender propiedades inmobiliarias<\/h4>\n<p style=\"text-align: center;\">Tenga lo que tenga, una casa, un apartamento, una oficina o una parcela, podemos ayudarle a llegar eficazmente a personas de todo el mundo y a recoger numerosas ofertas.<\/p>\n<p>[\/vc_column_text]<\/div><div class=\"column-1_3 sc_column_item sc_column_item_3 odd\" style=\"text-align:center;\">[vc_icon icon_fontawesome=&#8221;fas fa-hammer&#8221; color=&#8221;custom&#8221; size=&#8221;xl&#8221; align=&#8221;center&#8221; custom_color=&#8221;#000000&#8243;][vc_column_text]<\/p>\n<h4 style=\"text-align: center;\">Construcci\u00f3n<\/h4>\n<p style=\"text-align: center;\">Le ofrecemos exactamente lo que est\u00e1 buscando y le permitimos beneficiarse de soluciones personales adaptadas especialmente para usted.<\/p>\n<p>[\/vc_column_text]<\/div><\/div><div class=\"columns_wrap sc_columns columns_nofluid sc_columns_count_2\" style=\"margin-bottom:50px;\"><div class=\"column-1_2 sc_column_item sc_column_item_1 odd first\" style=\"text-align:center;\"><figure class=\"sc_image  sc_image_shape_square\" style=\"margin-bottom:50px !important;\"><img decoding=\"async\" src=\"https:\/\/l1-real-estate.com\/wp-content\/uploads\/2022\/11\/fishb-1-e1668162191247.png\" alt=\"\" \/><\/figure>[vc_column_text]<\/p>\n<h4 style=\"text-align: center;\">Traslados al hotel y al aeropuerto<\/h4>\n<p style=\"text-align: center;\">Nos hemos asociado con Yellowfish Transfers para satisfacer sus necesidades de traslado al hotel y al aeropuerto.<\/p>\n<p>[\/vc_column_text]<\/div><div class=\"column-1_2 sc_column_item sc_column_item_2 even\" style=\"text-align:center;\"><figure class=\"sc_image  sc_image_shape_square\" style=\"margin-bottom:50px !important;\"><img decoding=\"async\" src=\"https:\/\/l1-real-estate.com\/wp-content\/uploads\/2022\/11\/rentb-1-e1668162615970.png\" alt=\"\" \/><\/figure>[vc_column_text]<\/p>\n<h4 style=\"text-align: center;\">Alquiler de coches<\/h4>\n<p style=\"text-align: center;\">Nos asociamos con Auto Rent, la empresa de alquiler de coches m\u00e1s orientada al cliente en el Algarve.<\/p>\n<p>[\/vc_column_text]<\/div><\/div><div class=\"columns_wrap sc_columns columns_nofluid sc_columns_count_3\" style=\"margin-bottom:50px;\"><div class=\"column-1_3 sc_column_item sc_column_item_1 odd first\" style=\"text-align:center;\">[vc_icon icon_fontawesome=&#8221;fas fa-paperclip&#8221; color=&#8221;custom&#8221; size=&#8221;xl&#8221; align=&#8221;center&#8221; custom_color=&#8221;#000000&#8243;][vc_column_text]<\/p>\n<h4 style=\"text-align: center;\">Tr\u00e1mites y asesoramiento jur\u00eddico<\/h4>\n<p style=\"text-align: center;\">Nuestro equipo tiene mucha experiencia en asuntos fiscales y legales en Portugal y estar\u00e1 encantado de ayudarle. \u00bfQuiere mudarse a Portugal? Nos encargamos del n\u00famero fiscal, de la apertura de la cuenta bancaria y\/o de los documentos legales que pueda necesitar.<\/p>\n<p>[\/vc_column_text]<\/div><div class=\"column-1_3 sc_column_item sc_column_item_2 even\" style=\"text-align:center;\">[vc_icon icon_fontawesome=&#8221;fas fa-grin-beam&#8221; color=&#8221;custom&#8221; size=&#8221;xl&#8221; align=&#8221;center&#8221; custom_color=&#8221;#000000&#8243;][vc_column_text]<\/p>\n<h4 style=\"text-align: center;\">Viajes, eventos y m\u00e1s<\/h4>\n<p style=\"text-align: center;\">Conocemos la zona, los lugares y los restaurantes que te dejar\u00e1n boquiabierto. D\u00e9jese llevar por un viaje por el Algarve y Portugal. Ver &#8220;La experiencia del Algarve&#8221;.<\/p>\n<p>[\/vc_column_text]<\/div><div class=\"column-1_3 sc_column_item sc_column_item_3 odd\" style=\"text-align:center;\">[vc_icon icon_fontawesome=&#8221;fas fa-user-tie&#8221; color=&#8221;custom&#8221; size=&#8221;xl&#8221; align=&#8221;center&#8221; custom_color=&#8221;#000000&#8243;][vc_column_text]<\/p>\n<h4 style=\"text-align: center;\">Servicio de Mediaci\u00f3n<\/h4>\n<p style=\"text-align: center;\">\u00bfNecesita limpieza, contabilidad, cocina privada? Nos complace recomendar a nuestros socios, que son los que ponen el list\u00f3n m\u00e1s alto en cuanto a calidad y confianza.<\/p>\n<p>[\/vc_column_text]<\/div><\/div><\/div><\/div>[\/vc_column][\/vc_row]<\/p>\n","protected":false},"excerpt":{"rendered":"<p>[vc_row full_width=&#8221;stretch_row&#8221;][vc_column][vc_empty_space height=&#8221;7em&#8221;][\/vc_column][\/vc_row][vc_row][vc_column][\/vc_column][\/vc_row]<\/p>\n","protected":false},"author":1,"featured_media":0,"parent":0,"menu_order":0,"comment_status":"closed","ping_status":"closed","template":"","meta":{"footnotes":""},"class_list":["post-3371","page","type-page","status-publish","hentry"],"yoast_head":"<!-- This site is optimized with the Yoast SEO plugin v26.8 - https:\/\/yoast.com\/product\/yoast-seo-wordpress\/ -->\n<title>Nuestro servicio - L1 Property &amp; Real Estate Management<\/title>\n<meta name=\"robots\" content=\"index, follow, max-snippet:-1, max-image-preview:large, max-video-preview:-1\" \/>\n<link rel=\"canonical\" href=\"https:\/\/l1-real-estate.com\/index.php\/servicio-plus\/\" \/>\n<meta property=\"og:locale\" content=\"en_US\" \/>\n<meta property=\"og:type\" content=\"article\" \/>\n<meta property=\"og:title\" content=\"Nuestro servicio - L1 Property &amp; Real Estate Management\" \/>\n<meta property=\"og:description\" content=\"[vc_row full_width=&#8221;stretch_row&#8221;][vc_column][vc_empty_space height=&#8221;7em&#8221;][\/vc_column][\/vc_row][vc_row][vc_column][\/vc_column][\/vc_row]\" \/>\n<meta property=\"og:url\" content=\"https:\/\/l1-real-estate.com\/index.php\/servicio-plus\/?lang=es\" \/>\n<meta property=\"og:site_name\" content=\"L1 Property &amp; Real Estate Management\" \/>\n<meta property=\"article:modified_time\" content=\"2022-11-11T14:54:24+00:00\" \/>\n<meta name=\"twitter:card\" content=\"summary_large_image\" \/>\n<meta name=\"twitter:label1\" content=\"Est. reading time\" \/>\n\t<meta name=\"twitter:data1\" content=\"3 minutes\" \/>\n<script type=\"application\/ld+json\" class=\"yoast-schema-graph\">{\"@context\":\"https:\/\/schema.org\",\"@graph\":[{\"@type\":\"WebPage\",\"@id\":\"https:\/\/l1-real-estate.com\/index.php\/servicio-plus\/?lang=es\",\"url\":\"https:\/\/l1-real-estate.com\/index.php\/servicio-plus\/?lang=es\",\"name\":\"Nuestro servicio - L1 Property &amp; Real Estate Management\",\"isPartOf\":{\"@id\":\"https:\/\/l1-real-estate.com\/#website\"},\"datePublished\":\"2022-09-09T06:15:54+00:00\",\"dateModified\":\"2022-11-11T14:54:24+00:00\",\"breadcrumb\":{\"@id\":\"https:\/\/l1-real-estate.com\/index.php\/servicio-plus\/?lang=es#breadcrumb\"},\"inLanguage\":\"en-US\",\"potentialAction\":[{\"@type\":\"ReadAction\",\"target\":[\"https:\/\/l1-real-estate.com\/index.php\/servicio-plus\/?lang=es\"]}]},{\"@type\":\"BreadcrumbList\",\"@id\":\"https:\/\/l1-real-estate.com\/index.php\/servicio-plus\/?lang=es#breadcrumb\",\"itemListElement\":[{\"@type\":\"ListItem\",\"position\":1,\"name\":\"Startseite\",\"item\":\"https:\/\/l1-real-estate.com\/\"},{\"@type\":\"ListItem\",\"position\":2,\"name\":\"Nuestro servicio\"}]},{\"@type\":\"WebSite\",\"@id\":\"https:\/\/l1-real-estate.com\/#website\",\"url\":\"https:\/\/l1-real-estate.com\/\",\"name\":\"L1 Property &amp; Real Estate Management\",\"description\":\"\",\"potentialAction\":[{\"@type\":\"SearchAction\",\"target\":{\"@type\":\"EntryPoint\",\"urlTemplate\":\"https:\/\/l1-real-estate.com\/?s={search_term_string}\"},\"query-input\":{\"@type\":\"PropertyValueSpecification\",\"valueRequired\":true,\"valueName\":\"search_term_string\"}}],\"inLanguage\":\"en-US\"}]}<\/script>\n<!-- \/ Yoast SEO plugin. -->","yoast_head_json":{"title":"Nuestro servicio - L1 Property &amp; Real Estate Management","robots":{"index":"index","follow":"follow","max-snippet":"max-snippet:-1","max-image-preview":"max-image-preview:large","max-video-preview":"max-video-preview:-1"},"canonical":"https:\/\/l1-real-estate.com\/index.php\/servicio-plus\/","og_locale":"en_US","og_type":"article","og_title":"Nuestro servicio - L1 Property &amp; Real Estate Management","og_description":"[vc_row full_width=&#8221;stretch_row&#8221;][vc_column][vc_empty_space height=&#8221;7em&#8221;][\/vc_column][\/vc_row][vc_row][vc_column][\/vc_column][\/vc_row]","og_url":"https:\/\/l1-real-estate.com\/index.php\/servicio-plus\/?lang=es","og_site_name":"L1 Property &amp; Real Estate Management","article_modified_time":"2022-11-11T14:54:24+00:00","twitter_card":"summary_large_image","twitter_misc":{"Est. reading time":"3 minutes"},"schema":{"@context":"https:\/\/schema.org","@graph":[{"@type":"WebPage","@id":"https:\/\/l1-real-estate.com\/index.php\/servicio-plus\/?lang=es","url":"https:\/\/l1-real-estate.com\/index.php\/servicio-plus\/?lang=es","name":"Nuestro servicio - L1 Property &amp; Real Estate Management","isPartOf":{"@id":"https:\/\/l1-real-estate.com\/#website"},"datePublished":"2022-09-09T06:15:54+00:00","dateModified":"2022-11-11T14:54:24+00:00","breadcrumb":{"@id":"https:\/\/l1-real-estate.com\/index.php\/servicio-plus\/?lang=es#breadcrumb"},"inLanguage":"en-US","potentialAction":[{"@type":"ReadAction","target":["https:\/\/l1-real-estate.com\/index.php\/servicio-plus\/?lang=es"]}]},{"@type":"BreadcrumbList","@id":"https:\/\/l1-real-estate.com\/index.php\/servicio-plus\/?lang=es#breadcrumb","itemListElement":[{"@type":"ListItem","position":1,"name":"Startseite","item":"https:\/\/l1-real-estate.com\/"},{"@type":"ListItem","position":2,"name":"Nuestro servicio"}]},{"@type":"WebSite","@id":"https:\/\/l1-real-estate.com\/#website","url":"https:\/\/l1-real-estate.com\/","name":"L1 Property &amp; Real Estate Management","description":"","potentialAction":[{"@type":"SearchAction","target":{"@type":"EntryPoint","urlTemplate":"https:\/\/l1-real-estate.com\/?s={search_term_string}"},"query-input":{"@type":"PropertyValueSpecification","valueRequired":true,"valueName":"search_term_string"}}],"inLanguage":"en-US"}]}},"_links":{"self":[{"href":"https:\/\/l1-real-estate.com\/index.php\/wp-json\/wp\/v2\/pages\/3371","targetHints":{"allow":["GET"]}}],"collection":[{"href":"https:\/\/l1-real-estate.com\/index.php\/wp-json\/wp\/v2\/pages"}],"about":[{"href":"https:\/\/l1-real-estate.com\/index.php\/wp-json\/wp\/v2\/types\/page"}],"author":[{"embeddable":true,"href":"https:\/\/l1-real-estate.com\/index.php\/wp-json\/wp\/v2\/users\/1"}],"replies":[{"embeddable":true,"href":"https:\/\/l1-real-estate.com\/index.php\/wp-json\/wp\/v2\/comments?post=3371"}],"version-history":[{"count":136,"href":"https:\/\/l1-real-estate.com\/index.php\/wp-json\/wp\/v2\/pages\/3371\/revisions"}],"predecessor-version":[{"id":5733,"href":"https:\/\/l1-real-estate.com\/index.php\/wp-json\/wp\/v2\/pages\/3371\/revisions\/5733"}],"wp:attachment":[{"href":"https:\/\/l1-real-estate.com\/index.php\/wp-json\/wp\/v2\/media?parent=3371"}],"curies":[{"name":"wp","href":"https:\/\/api.w.org\/{rel}","templated":true}]}}