{"id":3380,"date":"2022-09-09T06:15:54","date_gmt":"2022-09-09T06:15:54","guid":{"rendered":"https:\/\/l1-real-estate.com\/index.php\/service-plus\/"},"modified":"2022-11-11T14:54:14","modified_gmt":"2022-11-11T14:54:14","slug":"service-plus","status":"publish","type":"page","link":"https:\/\/l1-real-estate.com\/index.php\/service-plus\/?lang=fr","title":{"rendered":"Notre service"},"content":{"rendered":"<p>[vc_row full_width=&#8221;stretch_row&#8221;][vc_column]<div class=\"sc_section\"><div class=\"sc_section_inner\">[vc_column_text]<\/p>\n<h2>Chers clients,<\/h2>\n<p><strong>Nous offrons notre meilleur service personnel, unique et amical.<\/strong><\/p>\n<p>Qu&#8217;il s&#8217;agisse d&#8217;un appartement ou d&#8217;une villa, d&#8217;une vente ou d&#8217;une location, chaque projet est trait\u00e9 par nos soins avec comp\u00e9tence et sensibilit\u00e9. Notre philosophie ne repose pas sur la quantit\u00e9 d&#8217;offres, mais sur leur qualit\u00e9. Une philosophie avec laquelle nous avons toujours assur\u00e9 nos clients.<\/p>\n<div id=\"gtx-trans\" style=\"position: absolute; left: 174px; top: 546.906px;\">\n<div class=\"gtx-trans-icon\"><\/div>\n<\/div>\n<p>[\/vc_column_text]<\/div><\/div>[vc_empty_space height=&#8221;7em&#8221;][\/vc_column][\/vc_row][vc_row][vc_column]<div class=\"sc_section aligncenter column-1_1\"><div class=\"sc_section_inner\"><div class=\"columns_wrap sc_columns columns_nofluid sc_columns_count_3\" style=\"margin-bottom:50px;\"><div class=\"column-1_3 sc_column_item sc_column_item_1 odd first\" style=\"text-align:center;\">[vc_icon icon_fontawesome=&#8221;fas fa-home&#8221; color=&#8221;custom&#8221; size=&#8221;xl&#8221; align=&#8221;center&#8221; custom_color=&#8221;#000000&#8243;][vc_column_text]<\/p>\n<h4 style=\"text-align: center;\">Acheter des biens immobiliers<\/h4>\n<p style=\"text-align: center;\">Trouvez votre place gr\u00e2ce \u00e0 une exp\u00e9rience photo immersive et aux plus grandes annonces comprenant des choses que vous ne trouverez nulle part ailleurs.<\/p>\n<p>[\/vc_column_text]<\/div><div class=\"column-1_3 sc_column_item sc_column_item_2 even\" style=\"text-align:center;\">[vc_icon icon_fontawesome=&#8221;fas fa-sign&#8221; color=&#8221;custom&#8221; size=&#8221;xl&#8221; align=&#8221;center&#8221; custom_color=&#8221;#000000&#8243;][vc_column_text]<\/p>\n<h4 style=\"text-align: center;\">Vendre des biens immobiliers<\/h4>\n<p style=\"text-align: center;\">Quel que soit votre bien, une maison, un appartement, un bureau ou un terrain, nous pouvons vous aider \u00e0 atteindre efficacement des personnes du monde entier et \u00e0 recueillir de nombreuses offres.<\/p>\n<p>[\/vc_column_text]<\/div><div class=\"column-1_3 sc_column_item sc_column_item_3 odd\" style=\"text-align:center;\">[vc_icon icon_fontawesome=&#8221;fas fa-hammer&#8221; color=&#8221;custom&#8221; size=&#8221;xl&#8221; align=&#8221;center&#8221; custom_color=&#8221;#000000&#8243;][vc_column_text]<\/p>\n<h4 style=\"text-align: center;\">Construction<\/h4>\n<p style=\"text-align: center;\">Nous vous offrons exactement ce que vous recherchez et vous faisons b\u00e9n\u00e9ficier de solutions personnelles sp\u00e9cialement con\u00e7ues pour vous.<\/p>\n<p>[\/vc_column_text]<\/div><\/div><div class=\"columns_wrap sc_columns columns_nofluid sc_columns_count_2\" style=\"margin-bottom:50px;\"><div class=\"column-1_2 sc_column_item sc_column_item_1 odd first\" style=\"text-align:center;\"><figure class=\"sc_image  sc_image_shape_square\" style=\"margin-bottom:50px !important;\"><img decoding=\"async\" src=\"https:\/\/l1-real-estate.com\/wp-content\/uploads\/2022\/11\/fishb-1-e1668162191247.png\" alt=\"\" \/><\/figure>[vc_column_text]<\/p>\n<h4 style=\"text-align: center;\">Transferts d&#8217;h\u00f4tel et d&#8217;a\u00e9roport<\/h4>\n<p style=\"text-align: center;\">Nous nous sommes associ\u00e9s \u00e0 Yellowfish Transfers pour r\u00e9pondre \u00e0 vos besoins en mati\u00e8re de transferts entre h\u00f4tels et a\u00e9roports.<\/p>\n<p>[\/vc_column_text]<\/div><div class=\"column-1_2 sc_column_item sc_column_item_2 even\" style=\"text-align:center;\"><figure class=\"sc_image  sc_image_shape_square\" style=\"margin-bottom:50px !important;\"><img decoding=\"async\" src=\"https:\/\/l1-real-estate.com\/wp-content\/uploads\/2022\/11\/rentb-1-e1668162615970.png\" alt=\"\" \/><\/figure>[vc_column_text]<\/p>\n<h4 style=\"text-align: center;\">Location de voitures<\/h4>\n<p style=\"text-align: center;\">Nous nous sommes associ\u00e9s \u00e0 Auto Rent, la soci\u00e9t\u00e9 de location de voitures la plus orient\u00e9e vers le client en Algarve.<\/p>\n<p>[\/vc_column_text]<\/div><\/div><div class=\"columns_wrap sc_columns columns_nofluid sc_columns_count_3\" style=\"margin-bottom:50px;\"><div class=\"column-1_3 sc_column_item sc_column_item_1 odd first\" style=\"text-align:center;\">[vc_icon icon_fontawesome=&#8221;fas fa-paperclip&#8221; color=&#8221;custom&#8221; size=&#8221;xl&#8221; align=&#8221;center&#8221; custom_color=&#8221;#000000&#8243;][vc_column_text]<\/p>\n<h4 style=\"text-align: center;\">Paperasse et conseils juridiques<\/h4>\n<p style=\"text-align: center;\">Notre \u00e9quipe a une grande exp\u00e9rience des questions juridiques et fiscales au Portugal et sera heureuse de vous aider. Vous aimeriez partir au Portugal ? Nous nous occuperons du num\u00e9ro fiscal, de l&#8217;ouverture du compte bancaire et\/ou des documents juridiques dont vous pourriez avoir besoin.<\/p>\n<p>[\/vc_column_text]<\/div><div class=\"column-1_3 sc_column_item sc_column_item_2 even\" style=\"text-align:center;\">[vc_icon icon_fontawesome=&#8221;fas fa-grin-beam&#8221; color=&#8221;custom&#8221; size=&#8221;xl&#8221; align=&#8221;center&#8221; custom_color=&#8221;#000000&#8243;][vc_column_text]<\/p>\n<h4 style=\"text-align: center;\">Voyages, \u00e9v\u00e9nements et autres<\/h4>\n<p style=\"text-align: center;\">Nous connaissons la r\u00e9gion, les lieux, les restaurants qui vous \u00e9poustoufleront. Laissez-nous vous emmener en voyage \u00e0 travers l&#8217;Algarve et le Portugal. Voir &#8220;The Algarve Experience&#8221;.<\/p>\n<p>[\/vc_column_text]<\/div><div class=\"column-1_3 sc_column_item sc_column_item_3 odd\" style=\"text-align:center;\">[vc_icon icon_fontawesome=&#8221;fas fa-user-tie&#8221; color=&#8221;custom&#8221; size=&#8221;xl&#8221; align=&#8221;center&#8221; custom_color=&#8221;#000000&#8243;][vc_column_text]<\/p>\n<h4 style=\"text-align: center;\">Service M\u00e9diation<\/h4>\n<p style=\"text-align: center;\">Vous avez besoin de nettoyage, de comptabilit\u00e9, de cuisine priv\u00e9e ? Nous vous couvrons &#8211; nous sommes heureux de recommander nos partenaires qui mettent la barre tr\u00e8s haut en mati\u00e8re de qualit\u00e9 et de confiance.<\/p>\n<p>[\/vc_column_text]<\/div><\/div><\/div><\/div>[\/vc_column][\/vc_row]<\/p>\n","protected":false},"excerpt":{"rendered":"<p>[vc_row full_width=&#8221;stretch_row&#8221;][vc_column][vc_empty_space height=&#8221;7em&#8221;][\/vc_column][\/vc_row][vc_row][vc_column][\/vc_column][\/vc_row]<\/p>\n","protected":false},"author":1,"featured_media":0,"parent":0,"menu_order":0,"comment_status":"closed","ping_status":"closed","template":"","meta":{"footnotes":""},"class_list":["post-3380","page","type-page","status-publish","hentry"],"yoast_head":"<!-- This site is optimized with the Yoast SEO plugin v26.8 - https:\/\/yoast.com\/product\/yoast-seo-wordpress\/ -->\n<title>Notre service - L1 Property &amp; Real Estate Management<\/title>\n<meta name=\"robots\" content=\"index, follow, max-snippet:-1, max-image-preview:large, max-video-preview:-1\" \/>\n<link rel=\"canonical\" href=\"https:\/\/l1-real-estate.com\/index.php\/service-plus\/\" \/>\n<meta property=\"og:locale\" content=\"en_US\" \/>\n<meta property=\"og:type\" content=\"article\" \/>\n<meta property=\"og:title\" content=\"Notre service - L1 Property &amp; Real Estate Management\" \/>\n<meta property=\"og:description\" content=\"[vc_row full_width=&#8221;stretch_row&#8221;][vc_column][vc_empty_space height=&#8221;7em&#8221;][\/vc_column][\/vc_row][vc_row][vc_column][\/vc_column][\/vc_row]\" \/>\n<meta property=\"og:url\" content=\"https:\/\/l1-real-estate.com\/index.php\/service-plus\/?lang=fr\" \/>\n<meta property=\"og:site_name\" content=\"L1 Property &amp; Real Estate Management\" \/>\n<meta property=\"article:modified_time\" content=\"2022-11-11T14:54:14+00:00\" \/>\n<meta name=\"twitter:card\" content=\"summary_large_image\" \/>\n<meta name=\"twitter:label1\" content=\"Est. reading time\" \/>\n\t<meta name=\"twitter:data1\" content=\"3 minutes\" \/>\n<script type=\"application\/ld+json\" class=\"yoast-schema-graph\">{\"@context\":\"https:\/\/schema.org\",\"@graph\":[{\"@type\":\"WebPage\",\"@id\":\"https:\/\/l1-real-estate.com\/index.php\/service-plus\/?lang=fr\",\"url\":\"https:\/\/l1-real-estate.com\/index.php\/service-plus\/?lang=fr\",\"name\":\"Notre service - L1 Property &amp; Real Estate Management\",\"isPartOf\":{\"@id\":\"https:\/\/l1-real-estate.com\/#website\"},\"datePublished\":\"2022-09-09T06:15:54+00:00\",\"dateModified\":\"2022-11-11T14:54:14+00:00\",\"breadcrumb\":{\"@id\":\"https:\/\/l1-real-estate.com\/index.php\/service-plus\/?lang=fr#breadcrumb\"},\"inLanguage\":\"en-US\",\"potentialAction\":[{\"@type\":\"ReadAction\",\"target\":[\"https:\/\/l1-real-estate.com\/index.php\/service-plus\/?lang=fr\"]}]},{\"@type\":\"BreadcrumbList\",\"@id\":\"https:\/\/l1-real-estate.com\/index.php\/service-plus\/?lang=fr#breadcrumb\",\"itemListElement\":[{\"@type\":\"ListItem\",\"position\":1,\"name\":\"Startseite\",\"item\":\"https:\/\/l1-real-estate.com\/\"},{\"@type\":\"ListItem\",\"position\":2,\"name\":\"Notre service\"}]},{\"@type\":\"WebSite\",\"@id\":\"https:\/\/l1-real-estate.com\/#website\",\"url\":\"https:\/\/l1-real-estate.com\/\",\"name\":\"L1 Property &amp; Real Estate Management\",\"description\":\"\",\"potentialAction\":[{\"@type\":\"SearchAction\",\"target\":{\"@type\":\"EntryPoint\",\"urlTemplate\":\"https:\/\/l1-real-estate.com\/?s={search_term_string}\"},\"query-input\":{\"@type\":\"PropertyValueSpecification\",\"valueRequired\":true,\"valueName\":\"search_term_string\"}}],\"inLanguage\":\"en-US\"}]}<\/script>\n<!-- \/ Yoast SEO plugin. -->","yoast_head_json":{"title":"Notre service - L1 Property &amp; Real Estate Management","robots":{"index":"index","follow":"follow","max-snippet":"max-snippet:-1","max-image-preview":"max-image-preview:large","max-video-preview":"max-video-preview:-1"},"canonical":"https:\/\/l1-real-estate.com\/index.php\/service-plus\/","og_locale":"en_US","og_type":"article","og_title":"Notre service - L1 Property &amp; Real Estate Management","og_description":"[vc_row full_width=&#8221;stretch_row&#8221;][vc_column][vc_empty_space height=&#8221;7em&#8221;][\/vc_column][\/vc_row][vc_row][vc_column][\/vc_column][\/vc_row]","og_url":"https:\/\/l1-real-estate.com\/index.php\/service-plus\/?lang=fr","og_site_name":"L1 Property &amp; Real Estate Management","article_modified_time":"2022-11-11T14:54:14+00:00","twitter_card":"summary_large_image","twitter_misc":{"Est. reading time":"3 minutes"},"schema":{"@context":"https:\/\/schema.org","@graph":[{"@type":"WebPage","@id":"https:\/\/l1-real-estate.com\/index.php\/service-plus\/?lang=fr","url":"https:\/\/l1-real-estate.com\/index.php\/service-plus\/?lang=fr","name":"Notre service - L1 Property &amp; Real Estate Management","isPartOf":{"@id":"https:\/\/l1-real-estate.com\/#website"},"datePublished":"2022-09-09T06:15:54+00:00","dateModified":"2022-11-11T14:54:14+00:00","breadcrumb":{"@id":"https:\/\/l1-real-estate.com\/index.php\/service-plus\/?lang=fr#breadcrumb"},"inLanguage":"en-US","potentialAction":[{"@type":"ReadAction","target":["https:\/\/l1-real-estate.com\/index.php\/service-plus\/?lang=fr"]}]},{"@type":"BreadcrumbList","@id":"https:\/\/l1-real-estate.com\/index.php\/service-plus\/?lang=fr#breadcrumb","itemListElement":[{"@type":"ListItem","position":1,"name":"Startseite","item":"https:\/\/l1-real-estate.com\/"},{"@type":"ListItem","position":2,"name":"Notre service"}]},{"@type":"WebSite","@id":"https:\/\/l1-real-estate.com\/#website","url":"https:\/\/l1-real-estate.com\/","name":"L1 Property &amp; Real Estate Management","description":"","potentialAction":[{"@type":"SearchAction","target":{"@type":"EntryPoint","urlTemplate":"https:\/\/l1-real-estate.com\/?s={search_term_string}"},"query-input":{"@type":"PropertyValueSpecification","valueRequired":true,"valueName":"search_term_string"}}],"inLanguage":"en-US"}]}},"_links":{"self":[{"href":"https:\/\/l1-real-estate.com\/index.php\/wp-json\/wp\/v2\/pages\/3380","targetHints":{"allow":["GET"]}}],"collection":[{"href":"https:\/\/l1-real-estate.com\/index.php\/wp-json\/wp\/v2\/pages"}],"about":[{"href":"https:\/\/l1-real-estate.com\/index.php\/wp-json\/wp\/v2\/types\/page"}],"author":[{"embeddable":true,"href":"https:\/\/l1-real-estate.com\/index.php\/wp-json\/wp\/v2\/users\/1"}],"replies":[{"embeddable":true,"href":"https:\/\/l1-real-estate.com\/index.php\/wp-json\/wp\/v2\/comments?post=3380"}],"version-history":[{"count":117,"href":"https:\/\/l1-real-estate.com\/index.php\/wp-json\/wp\/v2\/pages\/3380\/revisions"}],"predecessor-version":[{"id":5734,"href":"https:\/\/l1-real-estate.com\/index.php\/wp-json\/wp\/v2\/pages\/3380\/revisions\/5734"}],"wp:attachment":[{"href":"https:\/\/l1-real-estate.com\/index.php\/wp-json\/wp\/v2\/media?parent=3380"}],"curies":[{"name":"wp","href":"https:\/\/api.w.org\/{rel}","templated":true}]}}