{"id":3398,"date":"2022-09-09T06:15:54","date_gmt":"2022-09-09T06:15:54","guid":{"rendered":"https:\/\/l1-real-estate.com\/index.php\/servico-plus\/"},"modified":"2022-11-14T15:56:25","modified_gmt":"2022-11-14T15:56:25","slug":"servico-plus","status":"publish","type":"page","link":"https:\/\/l1-real-estate.com\/index.php\/servico-plus\/?lang=pt-pt","title":{"rendered":"O nosso servi\u00e7o"},"content":{"rendered":"<p>[vc_row full_width=&#8221;stretch_row&#8221;][vc_column]<div class=\"sc_section\"><div class=\"sc_section_inner\">[vc_column_text]<\/p>\n<h2>Caros Clientes,<\/h2>\n<p><strong>Oferecemos o nosso melhor, \u00fanico e amig\u00e1vel servi\u00e7o pessoal.<\/strong><\/p>\n<p>Quer seja apartamento ou moradia, venda ou arrendamento, cada projecto \u00e9 tratado por n\u00f3s com compet\u00eancia e sensibilidade. A nossa filosofia n\u00e3o se baseia na quantidade de ofertas, mas na sua qualidade. Uma filosofia com a qual sempre garantimos aos nossos clientes.<\/p>\n<div id=\"gtx-trans\" style=\"position: absolute; left: 174px; top: 546.906px;\">\n<div class=\"gtx-trans-icon\"><\/div>\n<\/div>\n<p>[\/vc_column_text]<\/div><\/div>[vc_empty_space height=&#8221;7em&#8221;][\/vc_column][\/vc_row][vc_row][vc_column]<div class=\"sc_section aligncenter column-1_1\"><div class=\"sc_section_inner\"><div class=\"columns_wrap sc_columns columns_nofluid sc_columns_count_3\" style=\"margin-bottom:50px;\"><div class=\"column-1_3 sc_column_item sc_column_item_1 odd first\" style=\"text-align:center;\">[vc_icon icon_fontawesome=&#8221;fas fa-home&#8221; color=&#8221;custom&#8221; size=&#8221;xl&#8221; align=&#8221;center&#8221; custom_color=&#8221;#000000&#8243;][vc_column_text]<\/p>\n<h4 style=\"text-align: center;\">Comprar Im\u00f3vel<\/h4>\n<p style=\"text-align: center;\">Encontre o im\u00f3vel que tanto procura atrav\u00e9s da nossa extensa lista de propriedades \u00fanicas e exclusivas<\/p>\n<p>[\/vc_column_text]<\/div><div class=\"column-1_3 sc_column_item sc_column_item_2 even\" style=\"text-align:center;\">[vc_icon icon_fontawesome=&#8221;fas fa-sign&#8221; color=&#8221;custom&#8221; size=&#8221;xl&#8221; align=&#8221;center&#8221; custom_color=&#8221;#000000&#8243;][vc_column_text]<\/p>\n<h4 style=\"text-align: center;\">Vender Im\u00f3vel<\/h4>\n<p style=\"text-align: center;\">Se \u00e9 o propriet\u00e1rio de uma casa, apartamento, escrit\u00f3rio ou terreno \u2013 podemos ajuda-lo de forma eficaz a encontrar as melhores ofertas.<\/p>\n<p>[\/vc_column_text]<\/div><div class=\"column-1_3 sc_column_item sc_column_item_3 odd\" style=\"text-align:center;\">[vc_icon icon_fontawesome=&#8221;fas fa-hammer&#8221; color=&#8221;custom&#8221; size=&#8221;xl&#8221; align=&#8221;center&#8221; custom_color=&#8221;#000000&#8243;][vc_column_text]<\/p>\n<h4 style=\"text-align: center;\">Constru\u00e7\u00e3o<\/h4>\n<p style=\"text-align: center;\">Oferecemos-lhe exatamente aquilo que procura atrav\u00e9s de solu\u00e7\u00f5es especialmente adaptadas a si.<\/p>\n<p>[\/vc_column_text]<\/div><\/div><div class=\"columns_wrap sc_columns columns_nofluid sc_columns_count_2\" style=\"margin-bottom:50px;\"><div class=\"column-1_2 sc_column_item sc_column_item_1 odd first\" style=\"text-align:center;\"><figure class=\"sc_image  sc_image_shape_square\" style=\"margin-bottom:50px !important;\"><img decoding=\"async\" src=\"https:\/\/l1-real-estate.com\/wp-content\/uploads\/2022\/11\/fishb-1-e1668162191247.png\" alt=\"\" \/><\/figure>[vc_column_text]<\/p>\n<h4 style=\"text-align: center;\">Transfers para Hot\u00e9is\/Aeroporto<\/h4>\n<p style=\"text-align: center;\">Estabelecemos uma parceria com a Yellowfish Transfers para satisfazer as suas necessidades.<\/p>\n<p>[\/vc_column_text]<\/div><div class=\"column-1_2 sc_column_item sc_column_item_2 even\" style=\"text-align:center;\"><figure class=\"sc_image  sc_image_shape_square\" style=\"margin-bottom:50px !important;\"><img decoding=\"async\" src=\"https:\/\/l1-real-estate.com\/wp-content\/uploads\/2022\/11\/rentb-1-e1668162615970.png\" alt=\"\" \/><\/figure>[vc_column_text]<\/p>\n<h4 style=\"text-align: center;\">Aluguer de autom\u00f3veis<\/h4>\n<p style=\"text-align: center;\">Estabelecemos uma parceria com a Auto Rent, a empresa de aluguer de autom\u00f3veis mais orientada para o cliente no Algarve.<\/p>\n<p>[\/vc_column_text]<\/div><\/div><div class=\"columns_wrap sc_columns columns_nofluid sc_columns_count_3\" style=\"margin-bottom:50px;\"><div class=\"column-1_3 sc_column_item sc_column_item_1 odd first\" style=\"text-align:center;\">[vc_icon icon_fontawesome=&#8221;fas fa-paperclip&#8221; color=&#8221;custom&#8221; size=&#8221;xl&#8221; align=&#8221;center&#8221; custom_color=&#8221;#000000&#8243;][vc_column_text]<\/p>\n<h4 style=\"text-align: center;\">Papelada &amp; Aconselhamento Jur\u00eddico<\/h4>\n<p style=\"text-align: center;\">Possu\u00edmos vasta experi\u00eancia em assuntos fiscais e legais em Portugal e teremos todo o prazer em ajud\u00e1-lo. Quer mudar-se para Portugal? Trataremos do n\u00famero fiscal, abrindo a conta banc\u00e1ria e\/ou os documentos legais de que possa necessitar.<\/p>\n<p>[\/vc_column_text]<\/div><div class=\"column-1_3 sc_column_item sc_column_item_2 even\" style=\"text-align:center;\">[vc_icon icon_fontawesome=&#8221;fas fa-grin-beam&#8221; color=&#8221;custom&#8221; size=&#8221;xl&#8221; align=&#8221;center&#8221; custom_color=&#8221;#000000&#8243;][vc_column_text]<\/p>\n<h4 style=\"text-align: center;\">Viagens, Eventos e mais<\/h4>\n<p style=\"text-align: center;\">Conhecemos toda a\u00a0 \u00e1rea, lugares, restaurantes que lhe v\u00e3o deixar sem palavras. Deixe-nos lev\u00e1-lo numa viagem atrav\u00e9s do Algarve. Ver &#8220;A Experi\u00eancia do Algarve&#8221;.<\/p>\n<p>[\/vc_column_text]<\/div><div class=\"column-1_3 sc_column_item sc_column_item_3 odd\" style=\"text-align:center;\">[vc_icon icon_fontawesome=&#8221;fas fa-user-tie&#8221; color=&#8221;custom&#8221; size=&#8221;xl&#8221; align=&#8221;center&#8221; custom_color=&#8221;#000000&#8243;][vc_column_text]<\/p>\n<h4 style=\"text-align: center;\">Media\u00e7\u00e3o de servi\u00e7os<\/h4>\n<p style=\"text-align: center;\">Precisa de limpeza, contabilidade, cozinha privada? Podemos ajuda-lo &#8211; temos o prazer de recomendar os nossos parceiros que estabelecem a mais alta fasquia em qualidade e confian\u00e7a.<\/p>\n<p>[\/vc_column_text]<\/div><\/div><\/div><\/div>[\/vc_column][\/vc_row]<\/p>\n","protected":false},"excerpt":{"rendered":"<p>[vc_row full_width=&#8221;stretch_row&#8221;][vc_column][vc_empty_space height=&#8221;7em&#8221;][\/vc_column][\/vc_row][vc_row][vc_column][\/vc_column][\/vc_row]<\/p>\n","protected":false},"author":1,"featured_media":0,"parent":0,"menu_order":0,"comment_status":"closed","ping_status":"closed","template":"","meta":{"footnotes":""},"class_list":["post-3398","page","type-page","status-publish","hentry"],"yoast_head":"<!-- This site is optimized with the Yoast SEO plugin v26.8 - https:\/\/yoast.com\/product\/yoast-seo-wordpress\/ -->\n<title>O nosso servi\u00e7o - L1 Property &amp; Real Estate Management<\/title>\n<meta name=\"robots\" content=\"index, follow, max-snippet:-1, max-image-preview:large, max-video-preview:-1\" \/>\n<link rel=\"canonical\" href=\"https:\/\/l1-real-estate.com\/index.php\/servico-plus\/\" \/>\n<meta property=\"og:locale\" content=\"en_US\" \/>\n<meta property=\"og:type\" content=\"article\" \/>\n<meta property=\"og:title\" content=\"O nosso servi\u00e7o - L1 Property &amp; Real Estate Management\" \/>\n<meta property=\"og:description\" content=\"[vc_row full_width=&#8221;stretch_row&#8221;][vc_column][vc_empty_space height=&#8221;7em&#8221;][\/vc_column][\/vc_row][vc_row][vc_column][\/vc_column][\/vc_row]\" \/>\n<meta property=\"og:url\" content=\"https:\/\/l1-real-estate.com\/index.php\/servico-plus\/?lang=pt-pt\" \/>\n<meta property=\"og:site_name\" content=\"L1 Property &amp; Real Estate Management\" \/>\n<meta property=\"article:modified_time\" content=\"2022-11-14T15:56:25+00:00\" \/>\n<meta name=\"twitter:card\" content=\"summary_large_image\" \/>\n<meta name=\"twitter:label1\" content=\"Est. reading time\" \/>\n\t<meta name=\"twitter:data1\" content=\"3 minutes\" \/>\n<script type=\"application\/ld+json\" class=\"yoast-schema-graph\">{\"@context\":\"https:\/\/schema.org\",\"@graph\":[{\"@type\":\"WebPage\",\"@id\":\"https:\/\/l1-real-estate.com\/index.php\/servico-plus\/?lang=pt-pt\",\"url\":\"https:\/\/l1-real-estate.com\/index.php\/servico-plus\/?lang=pt-pt\",\"name\":\"O nosso servi\u00e7o - L1 Property &amp; Real Estate Management\",\"isPartOf\":{\"@id\":\"https:\/\/l1-real-estate.com\/#website\"},\"datePublished\":\"2022-09-09T06:15:54+00:00\",\"dateModified\":\"2022-11-14T15:56:25+00:00\",\"breadcrumb\":{\"@id\":\"https:\/\/l1-real-estate.com\/index.php\/servico-plus\/?lang=pt-pt#breadcrumb\"},\"inLanguage\":\"en-US\",\"potentialAction\":[{\"@type\":\"ReadAction\",\"target\":[\"https:\/\/l1-real-estate.com\/index.php\/servico-plus\/?lang=pt-pt\"]}]},{\"@type\":\"BreadcrumbList\",\"@id\":\"https:\/\/l1-real-estate.com\/index.php\/servico-plus\/?lang=pt-pt#breadcrumb\",\"itemListElement\":[{\"@type\":\"ListItem\",\"position\":1,\"name\":\"Startseite\",\"item\":\"https:\/\/l1-real-estate.com\/\"},{\"@type\":\"ListItem\",\"position\":2,\"name\":\"O nosso servi\u00e7o\"}]},{\"@type\":\"WebSite\",\"@id\":\"https:\/\/l1-real-estate.com\/#website\",\"url\":\"https:\/\/l1-real-estate.com\/\",\"name\":\"L1 Property &amp; Real Estate Management\",\"description\":\"\",\"potentialAction\":[{\"@type\":\"SearchAction\",\"target\":{\"@type\":\"EntryPoint\",\"urlTemplate\":\"https:\/\/l1-real-estate.com\/?s={search_term_string}\"},\"query-input\":{\"@type\":\"PropertyValueSpecification\",\"valueRequired\":true,\"valueName\":\"search_term_string\"}}],\"inLanguage\":\"en-US\"}]}<\/script>\n<!-- \/ Yoast SEO plugin. -->","yoast_head_json":{"title":"O nosso servi\u00e7o - L1 Property &amp; Real Estate Management","robots":{"index":"index","follow":"follow","max-snippet":"max-snippet:-1","max-image-preview":"max-image-preview:large","max-video-preview":"max-video-preview:-1"},"canonical":"https:\/\/l1-real-estate.com\/index.php\/servico-plus\/","og_locale":"en_US","og_type":"article","og_title":"O nosso servi\u00e7o - L1 Property &amp; Real Estate Management","og_description":"[vc_row full_width=&#8221;stretch_row&#8221;][vc_column][vc_empty_space height=&#8221;7em&#8221;][\/vc_column][\/vc_row][vc_row][vc_column][\/vc_column][\/vc_row]","og_url":"https:\/\/l1-real-estate.com\/index.php\/servico-plus\/?lang=pt-pt","og_site_name":"L1 Property &amp; Real Estate Management","article_modified_time":"2022-11-14T15:56:25+00:00","twitter_card":"summary_large_image","twitter_misc":{"Est. reading time":"3 minutes"},"schema":{"@context":"https:\/\/schema.org","@graph":[{"@type":"WebPage","@id":"https:\/\/l1-real-estate.com\/index.php\/servico-plus\/?lang=pt-pt","url":"https:\/\/l1-real-estate.com\/index.php\/servico-plus\/?lang=pt-pt","name":"O nosso servi\u00e7o - L1 Property &amp; Real Estate Management","isPartOf":{"@id":"https:\/\/l1-real-estate.com\/#website"},"datePublished":"2022-09-09T06:15:54+00:00","dateModified":"2022-11-14T15:56:25+00:00","breadcrumb":{"@id":"https:\/\/l1-real-estate.com\/index.php\/servico-plus\/?lang=pt-pt#breadcrumb"},"inLanguage":"en-US","potentialAction":[{"@type":"ReadAction","target":["https:\/\/l1-real-estate.com\/index.php\/servico-plus\/?lang=pt-pt"]}]},{"@type":"BreadcrumbList","@id":"https:\/\/l1-real-estate.com\/index.php\/servico-plus\/?lang=pt-pt#breadcrumb","itemListElement":[{"@type":"ListItem","position":1,"name":"Startseite","item":"https:\/\/l1-real-estate.com\/"},{"@type":"ListItem","position":2,"name":"O nosso servi\u00e7o"}]},{"@type":"WebSite","@id":"https:\/\/l1-real-estate.com\/#website","url":"https:\/\/l1-real-estate.com\/","name":"L1 Property &amp; Real Estate Management","description":"","potentialAction":[{"@type":"SearchAction","target":{"@type":"EntryPoint","urlTemplate":"https:\/\/l1-real-estate.com\/?s={search_term_string}"},"query-input":{"@type":"PropertyValueSpecification","valueRequired":true,"valueName":"search_term_string"}}],"inLanguage":"en-US"}]}},"_links":{"self":[{"href":"https:\/\/l1-real-estate.com\/index.php\/wp-json\/wp\/v2\/pages\/3398","targetHints":{"allow":["GET"]}}],"collection":[{"href":"https:\/\/l1-real-estate.com\/index.php\/wp-json\/wp\/v2\/pages"}],"about":[{"href":"https:\/\/l1-real-estate.com\/index.php\/wp-json\/wp\/v2\/types\/page"}],"author":[{"embeddable":true,"href":"https:\/\/l1-real-estate.com\/index.php\/wp-json\/wp\/v2\/users\/1"}],"replies":[{"embeddable":true,"href":"https:\/\/l1-real-estate.com\/index.php\/wp-json\/wp\/v2\/comments?post=3398"}],"version-history":[{"count":85,"href":"https:\/\/l1-real-estate.com\/index.php\/wp-json\/wp\/v2\/pages\/3398\/revisions"}],"predecessor-version":[{"id":6457,"href":"https:\/\/l1-real-estate.com\/index.php\/wp-json\/wp\/v2\/pages\/3398\/revisions\/6457"}],"wp:attachment":[{"href":"https:\/\/l1-real-estate.com\/index.php\/wp-json\/wp\/v2\/media?parent=3398"}],"curies":[{"name":"wp","href":"https:\/\/api.w.org\/{rel}","templated":true}]}}