{"id":3500,"date":"2022-11-10T18:21:57","date_gmt":"2022-11-10T18:21:57","guid":{"rendered":"https:\/\/l1-real-estate.com\/index.php\/goldenes-visum-programm\/"},"modified":"2022-11-11T14:54:15","modified_gmt":"2022-11-11T14:54:15","slug":"goldenes-visum-programm","status":"publish","type":"page","link":"https:\/\/l1-real-estate.com\/index.php\/goldenes-visum-programm\/?lang=de","title":{"rendered":"Goldenes Visum-Programm"},"content":{"rendered":"<p>[vc_row el_class=&#8221;pt5e&#8221;][vc_column css=&#8221;.vc_custom_1542620475687{margin-right: 8.547% !important;margin-left: 8.547% !important;}&#8221;]<div class=\"sc_content content_wrap\"><h1 class=\"sc_title sc_title_regular sc_align_center\" style=\"text-align:center;\"><img loading=\"lazy\" decoding=\"async\" class=\"aligncenter wp-image-2198 size-large_image\" src=\"https:\/\/l1-real-estate.com\/wp-content\/uploads\/2022\/11\/EU-Golden-Visas-870x489.jpg\" alt=\"\" width=\"870\" height=\"489\" srcset=\"https:\/\/l1-real-estate.com\/wp-content\/uploads\/2022\/11\/EU-Golden-Visas-870x490.jpg 870w, https:\/\/l1-real-estate.com\/wp-content\/uploads\/2022\/11\/EU-Golden-Visas-300x170.jpg 300w, https:\/\/l1-real-estate.com\/wp-content\/uploads\/2022\/11\/EU-Golden-Visas-1024x576.jpg 1024w, https:\/\/l1-real-estate.com\/wp-content\/uploads\/2022\/11\/EU-Golden-Visas-768x432.jpg 768w, https:\/\/l1-real-estate.com\/wp-content\/uploads\/2022\/11\/EU-Golden-Visas-1170x658.jpg 1170w, https:\/\/l1-real-estate.com\/wp-content\/uploads\/2022\/11\/EU-Golden-Visas-390x220.jpg 390w, https:\/\/l1-real-estate.com\/wp-content\/uploads\/2022\/11\/EU-Golden-Visas.jpg 1200w\" sizes=\"auto, (max-width: 870px) 100vw, 870px\" \/>Golden Visa Program<\/h1><\/div>[vc_column_text]<\/p>\n<h3>ARI &#8211; Aufenthaltserlaubnis f\u00fcr Investitionst\u00e4tigkeit (Goldenes Visum)<\/h3>\n<p><strong>Was wird ben\u00f6tigt:<\/strong><\/p>\n<p>Die seit dem 8. Oktober 2012 geltenden Vorschriften f\u00fcr die Erteilung von Aufenthaltsgenehmigungen f\u00fcr Investitionen (ARI \/ Goldenes Visum) erm\u00f6glichen es Drittstaatsangeh\u00f6rigen, eine befristete Aufenthaltsgenehmigung f\u00fcr die Aus\u00fcbung von Gesch\u00e4ftst\u00e4tigkeiten mit Visumbefreiung f\u00fcr die Einreise in das nationale Hoheitsgebiet zu erhalten. Die Beg\u00fcnstigten des ARI\/Golden Visa haben Anspruch auf:<\/p>\n<ul>\n<li>Befreiung von der Visumpflicht f\u00fcr die Einreise nach Portugal;<\/li>\n<li>Leben und Arbeiten in Portugal, unter der Voraussetzung, dass sie sich im ersten Jahr mindestens 7 Tage und in den folgenden Jahren mindestens 14 Tage in Portugal aufhalten;<\/li>\n<li>Visumbefreiung f\u00fcr Reisen innerhalb des Schengen-Raums;<\/li>\n<li>Familienzusammenf\u00fchrung;<\/li>\n<li>Beantragung eines Daueraufenthalts (gem\u00e4\u00df dem Ausl\u00e4ndergesetz &#8211; Gesetz Nr. 23\/2007 vom 4. Juli mit dem aktuellen Wortlaut). Den Staatsb\u00fcrgern, die eine Aufenthaltserlaubnis zu Investitionszwecken besitzen, und ihren Familienangeh\u00f6rigen, die die Voraussetzungen des Artikels 80 des Ausl\u00e4ndergesetzes erf\u00fcllen und eine Daueraufenthaltserlaubnis erhalten m\u00f6chten, wird eine Daueraufenthaltserlaubnis zu Investitionszwecken ausgestellt, mit Ausnahme der Bestimmungen des Artikels 85, Nr. 2, 3 und 4, Buchstabe b) desselben Diploms (Aufhebung des Rechts aufgrund von Abwesenheit aus dem nationalen Hoheitsgebiet, siehe Artikel 65-k der Gesetzesverordnung 84\/07 vom 5.11. in der aktuellen Fassung). F\u00fcr die Daueraufenthaltsgenehmigung zu Investitionszwecken k\u00f6nnen besondere Geb\u00fchren f\u00fcr die Pr\u00fcfung und Erteilung erhoben werden, die durch \u00c4nderungen der Verordnung 1334-E\/2010 vom 31. Dezember geregelt werden;<\/li>\n<li>Beantragung der portugiesischen Staatsb\u00fcrgerschaft durch Einb\u00fcrgerung, sofern alle anderen im Staatsangeh\u00f6rigkeitsgesetz festgelegten Voraussetzungen erf\u00fcllt sind (Gesetz Nr. 37\/81 vom 3. Oktober, in der aktuellen Fassung);<\/li>\n<\/ul>\n<p>&nbsp;<\/p>\n<p><strong>Zuschussf\u00e4higkeit &#8211; Wer kann sich bewerben?  <\/strong><\/p>\n<p>Alle Drittstaatsangeh\u00f6rigen, die als Einzelunternehmer oder \u00fcber ein in Portugal oder einem anderen EU-Mitgliedstaat niedergelassenes Unternehmen eine Investitionst\u00e4tigkeit aus\u00fcben und dar\u00fcber hinaus dauerhaft in Portugal ans\u00e4ssig sind, k\u00f6nnen eine Aufenthaltserlaubnis f\u00fcr Investitionen beantragen, sofern sie die in den einschl\u00e4gigen Rechtsvorschriften festgelegten quantitativen und zeitlichen Anforderungen erf\u00fcllen, und zwar auf einem der folgenden Wege<\/p>\n<p>Alle Drittstaatsangeh\u00f6rigen, die als Einzelunternehmer oder \u00fcber ein in Portugal oder einem anderen EU-Mitgliedstaat niedergelassenes Unternehmen eine Investitionst\u00e4tigkeit aus\u00fcben und dar\u00fcber hinaus dauerhaft in Portugal ans\u00e4ssig sind, k\u00f6nnen eine Aufenthaltserlaubnis f\u00fcr Investitionen auf einem der folgenden Wege beantragen, sofern sie die in den einschl\u00e4gigen Rechtsvorschriften festgelegten quantitativen und zeitlichen Anforderungen erf\u00fcllen:<\/p>\n<ol>\n<li>Kapitaltransfer mit einem Wert von 1,5 Millionen Euro oder mehr;<br \/>\nii. Die Schaffung von mindestens 10 Arbeitspl\u00e4tzen;<br \/>\niii. Der Erwerb von Immobilien im Wert von 500 Tausend Euro oder mehr;<br \/>\niv. Erwerb von Immobilien, deren Bau mehr als 30 Jahre zur\u00fcckliegt oder die sich in Stadterneuerungsgebieten befinden, um sie zu sanieren, mit einem Gesamtwert von 350 Tausend Euro oder mehr;<br \/>\nv. Kapitaltransfer mit einem Wert von 500 Tausend Euro oder mehr f\u00fcr Investitionen in Forschungst\u00e4tigkeiten, die von \u00f6ffentlichen oder privaten wissenschaftlichen Forschungseinrichtungen durchgef\u00fchrt werden, die in das nationale wissenschaftliche oder technologische System eingebunden sind;<br \/>\nvi. Kapitaltransfer mit einem Wert von 250 Tausend Euro oder mehr f\u00fcr Investitionen in die k\u00fcnstlerische Produktion oder die Unterst\u00fctzung der K\u00fcnste, f\u00fcr den Wiederaufbau oder die Renovierung des nationalen Erbes durch lokale und zentrale Beh\u00f6rden, \u00f6ffentliche Einrichtungen, \u00f6ffentliche Unternehmen, \u00f6ffentliche Stiftungen, private Stiftungen von \u00f6ffentlichem Interesse, vernetzte lokale Beh\u00f6rden, lokale Unternehmensorganisationen, lokale Vereinigungen und \u00f6ffentliche kulturelle Vereinigungen, die Aktivit\u00e4ten der k\u00fcnstlerischen Produktion und des Wiederaufbaus oder der Erhaltung des nationalen Erbes verfolgen;<br \/>\nvii. Kapitaltransfer in H\u00f6he von 500 Tausend Euro oder mehr f\u00fcr den Erwerb von Anteilen an Investmentfonds oder Risikokapitalfonds, die der Kapitalisierung von Unternehmen gewidmet sind, deren Kapital nach portugiesischem Recht zugef\u00fchrt wird, deren Laufzeit zum Zeitpunkt der Investition mindestens f\u00fcnf Jahre betr\u00e4gt und die zu mindestens 60 % in Handelsgesellschaften mit Sitz im Inland investiert sind;<br \/>\nviii. Kapitaltransfer in H\u00f6he von 500 Tausend Euro oder mehr f\u00fcr die Gr\u00fcndung einer Handelsgesellschaft mit Sitz im Inland, verbunden mit der Schaffung von f\u00fcnf Dauerarbeitspl\u00e4tzen, oder f\u00fcr die Aufstockung des Grundkapitals einer bereits bestehenden Handelsgesellschaft mit Sitz im Inland, verbunden mit der Schaffung oder Erhaltung von Arbeitspl\u00e4tzen, mit mindestens f\u00fcnf Dauerarbeitspl\u00e4tzen, und f\u00fcr einen Zeitraum von mindestens drei Jahren.<\/li>\n<\/ol>\n<p>Portugiesische, EU- und EEE-Staatsangeh\u00f6rige kommen nicht f\u00fcr die ARI\/Golden Visa-Regelung in Frage.<\/p>\n<p>[\/vc_column_text][\/vc_column][\/vc_row]<\/p>\n","protected":false},"excerpt":{"rendered":"<p>[vc_row el_class=&#8221;pt5e&#8221;][vc_column css=&#8221;.vc_custom_1542620475687{margin-right: 8.547% !important;margin-left: 8.547% !important;}&#8221;][vc_column_text] ARI &#8211; Aufenthaltserlaubnis f\u00fcr Investitionst\u00e4tigkeit (Goldenes Visum) Was wird ben\u00f6tigt: Die seit dem 8. Oktober 2012 geltenden Vorschriften f\u00fcr die Erteilung von Aufenthaltsgenehmigungen f\u00fcr Investitionen (ARI \/ Goldenes Visum) erm\u00f6glichen es Drittstaatsangeh\u00f6rigen, eine befristete Aufenthaltsgenehmigung f\u00fcr die Aus\u00fcbung von Gesch\u00e4ftst\u00e4tigkeiten mit Visumbefreiung f\u00fcr die Einreise in das nationale [&hellip;]<\/p>\n","protected":false},"author":1,"featured_media":2905,"parent":0,"menu_order":0,"comment_status":"open","ping_status":"open","template":"","meta":{"footnotes":""},"class_list":["post-3500","page","type-page","status-publish","has-post-thumbnail","hentry"],"yoast_head":"<!-- This site is optimized with the Yoast SEO plugin v26.8 - https:\/\/yoast.com\/product\/yoast-seo-wordpress\/ -->\n<title>Goldenes Visum-Programm - L1 Property &amp; Real Estate Management<\/title>\n<meta name=\"robots\" content=\"index, follow, max-snippet:-1, max-image-preview:large, max-video-preview:-1\" \/>\n<link rel=\"canonical\" href=\"https:\/\/l1-real-estate.com\/index.php\/goldenes-visum-programm\/\" \/>\n<meta property=\"og:locale\" content=\"en_US\" \/>\n<meta property=\"og:type\" content=\"article\" \/>\n<meta property=\"og:title\" content=\"Goldenes Visum-Programm - L1 Property &amp; Real Estate Management\" \/>\n<meta property=\"og:description\" content=\"[vc_row el_class=&#8221;pt5e&#8221;][vc_column css=&#8221;.vc_custom_1542620475687{margin-right: 8.547% !important;margin-left: 8.547% !important;}&#8221;][vc_column_text] ARI &#8211; Aufenthaltserlaubnis f\u00fcr Investitionst\u00e4tigkeit (Goldenes Visum) Was wird ben\u00f6tigt: Die seit dem 8. Oktober 2012 geltenden Vorschriften f\u00fcr die Erteilung von Aufenthaltsgenehmigungen f\u00fcr Investitionen (ARI \/ Goldenes Visum) erm\u00f6glichen es Drittstaatsangeh\u00f6rigen, eine befristete Aufenthaltsgenehmigung f\u00fcr die Aus\u00fcbung von Gesch\u00e4ftst\u00e4tigkeiten mit Visumbefreiung f\u00fcr die Einreise in das nationale [&hellip;]\" \/>\n<meta property=\"og:url\" content=\"https:\/\/l1-real-estate.com\/index.php\/goldenes-visum-programm\/?lang=de\" \/>\n<meta property=\"og:site_name\" content=\"L1 Property &amp; Real Estate Management\" \/>\n<meta property=\"article:modified_time\" content=\"2022-11-11T14:54:15+00:00\" \/>\n<meta property=\"og:image\" content=\"https:\/\/l1-real-estate.com\/wp-content\/uploads\/2022\/11\/EU-Golden-Visas.jpg\" \/>\n\t<meta property=\"og:image:width\" content=\"1200\" \/>\n\t<meta property=\"og:image:height\" content=\"675\" \/>\n\t<meta property=\"og:image:type\" content=\"image\/jpeg\" \/>\n<meta name=\"twitter:card\" content=\"summary_large_image\" \/>\n<meta name=\"twitter:label1\" content=\"Est. reading time\" \/>\n\t<meta name=\"twitter:data1\" content=\"4 minutes\" \/>\n<script type=\"application\/ld+json\" class=\"yoast-schema-graph\">{\"@context\":\"https:\/\/schema.org\",\"@graph\":[{\"@type\":\"WebPage\",\"@id\":\"https:\/\/l1-real-estate.com\/index.php\/goldenes-visum-programm\/?lang=de\",\"url\":\"https:\/\/l1-real-estate.com\/index.php\/goldenes-visum-programm\/?lang=de\",\"name\":\"Goldenes Visum-Programm - L1 Property &amp; Real Estate Management\",\"isPartOf\":{\"@id\":\"https:\/\/l1-real-estate.com\/#website\"},\"primaryImageOfPage\":{\"@id\":\"https:\/\/l1-real-estate.com\/index.php\/goldenes-visum-programm\/?lang=de#primaryimage\"},\"image\":{\"@id\":\"https:\/\/l1-real-estate.com\/index.php\/goldenes-visum-programm\/?lang=de#primaryimage\"},\"thumbnailUrl\":\"https:\/\/l1-real-estate.com\/wp-content\/uploads\/2022\/11\/EU-Golden-Visas.jpg\",\"datePublished\":\"2022-11-10T18:21:57+00:00\",\"dateModified\":\"2022-11-11T14:54:15+00:00\",\"breadcrumb\":{\"@id\":\"https:\/\/l1-real-estate.com\/index.php\/goldenes-visum-programm\/?lang=de#breadcrumb\"},\"inLanguage\":\"en-US\",\"potentialAction\":[{\"@type\":\"ReadAction\",\"target\":[\"https:\/\/l1-real-estate.com\/index.php\/goldenes-visum-programm\/?lang=de\"]}]},{\"@type\":\"ImageObject\",\"inLanguage\":\"en-US\",\"@id\":\"https:\/\/l1-real-estate.com\/index.php\/goldenes-visum-programm\/?lang=de#primaryimage\",\"url\":\"https:\/\/l1-real-estate.com\/wp-content\/uploads\/2022\/11\/EU-Golden-Visas.jpg\",\"contentUrl\":\"https:\/\/l1-real-estate.com\/wp-content\/uploads\/2022\/11\/EU-Golden-Visas.jpg\",\"width\":1200,\"height\":675},{\"@type\":\"BreadcrumbList\",\"@id\":\"https:\/\/l1-real-estate.com\/index.php\/goldenes-visum-programm\/?lang=de#breadcrumb\",\"itemListElement\":[{\"@type\":\"ListItem\",\"position\":1,\"name\":\"Startseite\",\"item\":\"https:\/\/l1-real-estate.com\/\"},{\"@type\":\"ListItem\",\"position\":2,\"name\":\"Goldenes Visum-Programm\"}]},{\"@type\":\"WebSite\",\"@id\":\"https:\/\/l1-real-estate.com\/#website\",\"url\":\"https:\/\/l1-real-estate.com\/\",\"name\":\"L1 Property &amp; Real Estate Management\",\"description\":\"\",\"potentialAction\":[{\"@type\":\"SearchAction\",\"target\":{\"@type\":\"EntryPoint\",\"urlTemplate\":\"https:\/\/l1-real-estate.com\/?s={search_term_string}\"},\"query-input\":{\"@type\":\"PropertyValueSpecification\",\"valueRequired\":true,\"valueName\":\"search_term_string\"}}],\"inLanguage\":\"en-US\"}]}<\/script>\n<!-- \/ Yoast SEO plugin. -->","yoast_head_json":{"title":"Goldenes Visum-Programm - L1 Property &amp; Real Estate Management","robots":{"index":"index","follow":"follow","max-snippet":"max-snippet:-1","max-image-preview":"max-image-preview:large","max-video-preview":"max-video-preview:-1"},"canonical":"https:\/\/l1-real-estate.com\/index.php\/goldenes-visum-programm\/","og_locale":"en_US","og_type":"article","og_title":"Goldenes Visum-Programm - L1 Property &amp; Real Estate Management","og_description":"[vc_row el_class=&#8221;pt5e&#8221;][vc_column css=&#8221;.vc_custom_1542620475687{margin-right: 8.547% !important;margin-left: 8.547% !important;}&#8221;][vc_column_text] ARI &#8211; Aufenthaltserlaubnis f\u00fcr Investitionst\u00e4tigkeit (Goldenes Visum) Was wird ben\u00f6tigt: Die seit dem 8. Oktober 2012 geltenden Vorschriften f\u00fcr die Erteilung von Aufenthaltsgenehmigungen f\u00fcr Investitionen (ARI \/ Goldenes Visum) erm\u00f6glichen es Drittstaatsangeh\u00f6rigen, eine befristete Aufenthaltsgenehmigung f\u00fcr die Aus\u00fcbung von Gesch\u00e4ftst\u00e4tigkeiten mit Visumbefreiung f\u00fcr die Einreise in das nationale [&hellip;]","og_url":"https:\/\/l1-real-estate.com\/index.php\/goldenes-visum-programm\/?lang=de","og_site_name":"L1 Property &amp; Real Estate Management","article_modified_time":"2022-11-11T14:54:15+00:00","og_image":[{"width":1200,"height":675,"url":"https:\/\/l1-real-estate.com\/wp-content\/uploads\/2022\/11\/EU-Golden-Visas.jpg","type":"image\/jpeg"}],"twitter_card":"summary_large_image","twitter_misc":{"Est. reading time":"4 minutes"},"schema":{"@context":"https:\/\/schema.org","@graph":[{"@type":"WebPage","@id":"https:\/\/l1-real-estate.com\/index.php\/goldenes-visum-programm\/?lang=de","url":"https:\/\/l1-real-estate.com\/index.php\/goldenes-visum-programm\/?lang=de","name":"Goldenes Visum-Programm - L1 Property &amp; Real Estate Management","isPartOf":{"@id":"https:\/\/l1-real-estate.com\/#website"},"primaryImageOfPage":{"@id":"https:\/\/l1-real-estate.com\/index.php\/goldenes-visum-programm\/?lang=de#primaryimage"},"image":{"@id":"https:\/\/l1-real-estate.com\/index.php\/goldenes-visum-programm\/?lang=de#primaryimage"},"thumbnailUrl":"https:\/\/l1-real-estate.com\/wp-content\/uploads\/2022\/11\/EU-Golden-Visas.jpg","datePublished":"2022-11-10T18:21:57+00:00","dateModified":"2022-11-11T14:54:15+00:00","breadcrumb":{"@id":"https:\/\/l1-real-estate.com\/index.php\/goldenes-visum-programm\/?lang=de#breadcrumb"},"inLanguage":"en-US","potentialAction":[{"@type":"ReadAction","target":["https:\/\/l1-real-estate.com\/index.php\/goldenes-visum-programm\/?lang=de"]}]},{"@type":"ImageObject","inLanguage":"en-US","@id":"https:\/\/l1-real-estate.com\/index.php\/goldenes-visum-programm\/?lang=de#primaryimage","url":"https:\/\/l1-real-estate.com\/wp-content\/uploads\/2022\/11\/EU-Golden-Visas.jpg","contentUrl":"https:\/\/l1-real-estate.com\/wp-content\/uploads\/2022\/11\/EU-Golden-Visas.jpg","width":1200,"height":675},{"@type":"BreadcrumbList","@id":"https:\/\/l1-real-estate.com\/index.php\/goldenes-visum-programm\/?lang=de#breadcrumb","itemListElement":[{"@type":"ListItem","position":1,"name":"Startseite","item":"https:\/\/l1-real-estate.com\/"},{"@type":"ListItem","position":2,"name":"Goldenes Visum-Programm"}]},{"@type":"WebSite","@id":"https:\/\/l1-real-estate.com\/#website","url":"https:\/\/l1-real-estate.com\/","name":"L1 Property &amp; Real Estate Management","description":"","potentialAction":[{"@type":"SearchAction","target":{"@type":"EntryPoint","urlTemplate":"https:\/\/l1-real-estate.com\/?s={search_term_string}"},"query-input":{"@type":"PropertyValueSpecification","valueRequired":true,"valueName":"search_term_string"}}],"inLanguage":"en-US"}]}},"_links":{"self":[{"href":"https:\/\/l1-real-estate.com\/index.php\/wp-json\/wp\/v2\/pages\/3500","targetHints":{"allow":["GET"]}}],"collection":[{"href":"https:\/\/l1-real-estate.com\/index.php\/wp-json\/wp\/v2\/pages"}],"about":[{"href":"https:\/\/l1-real-estate.com\/index.php\/wp-json\/wp\/v2\/types\/page"}],"author":[{"embeddable":true,"href":"https:\/\/l1-real-estate.com\/index.php\/wp-json\/wp\/v2\/users\/1"}],"replies":[{"embeddable":true,"href":"https:\/\/l1-real-estate.com\/index.php\/wp-json\/wp\/v2\/comments?post=3500"}],"version-history":[{"count":2,"href":"https:\/\/l1-real-estate.com\/index.php\/wp-json\/wp\/v2\/pages\/3500\/revisions"}],"predecessor-version":[{"id":3504,"href":"https:\/\/l1-real-estate.com\/index.php\/wp-json\/wp\/v2\/pages\/3500\/revisions\/3504"}],"wp:featuredmedia":[{"embeddable":true,"href":"https:\/\/l1-real-estate.com\/index.php\/wp-json\/wp\/v2\/media\/2905"}],"wp:attachment":[{"href":"https:\/\/l1-real-estate.com\/index.php\/wp-json\/wp\/v2\/media?parent=3500"}],"curies":[{"name":"wp","href":"https:\/\/api.w.org\/{rel}","templated":true}]}}