{"id":3505,"date":"2022-11-10T18:21:57","date_gmt":"2022-11-10T18:21:57","guid":{"rendered":"https:\/\/l1-real-estate.com\/index.php\/programa-golden-visa\/"},"modified":"2022-11-11T14:54:26","modified_gmt":"2022-11-11T14:54:26","slug":"programa-golden-visa","status":"publish","type":"page","link":"https:\/\/l1-real-estate.com\/index.php\/programa-golden-visa\/?lang=es","title":{"rendered":"Programa Golden Visa"},"content":{"rendered":"<p>[vc_row el_class=&#8221;pt5e&#8221;][vc_column css=&#8221;.vc_custom_1542620475687{margin-right: 8.547% !important;margin-left: 8.547% !important;}&#8221;]<div class=\"sc_content content_wrap\"><h1 class=\"sc_title sc_title_regular sc_align_center\" style=\"text-align:center;\"><img loading=\"lazy\" decoding=\"async\" class=\"aligncenter wp-image-2198 size-large_image\" src=\"https:\/\/l1-real-estate.com\/wp-content\/uploads\/2022\/11\/EU-Golden-Visas-870x489.jpg\" alt=\"\" width=\"870\" height=\"489\" srcset=\"https:\/\/l1-real-estate.com\/wp-content\/uploads\/2022\/11\/EU-Golden-Visas-870x490.jpg 870w, https:\/\/l1-real-estate.com\/wp-content\/uploads\/2022\/11\/EU-Golden-Visas-300x170.jpg 300w, https:\/\/l1-real-estate.com\/wp-content\/uploads\/2022\/11\/EU-Golden-Visas-1024x576.jpg 1024w, https:\/\/l1-real-estate.com\/wp-content\/uploads\/2022\/11\/EU-Golden-Visas-768x432.jpg 768w, https:\/\/l1-real-estate.com\/wp-content\/uploads\/2022\/11\/EU-Golden-Visas-1170x658.jpg 1170w, https:\/\/l1-real-estate.com\/wp-content\/uploads\/2022\/11\/EU-Golden-Visas-390x220.jpg 390w, https:\/\/l1-real-estate.com\/wp-content\/uploads\/2022\/11\/EU-Golden-Visas.jpg 1200w\" sizes=\"auto, (max-width: 870px) 100vw, 870px\" \/>Golden Visa Program<\/h1><\/div>[vc_column_text]<\/p>\n<h3>ARI &#8211; Permiso de residencia para actividades de inversi\u00f3n (Golden Visa)<\/h3>\n<p><strong>Lo que se necesita:<\/strong><\/p>\n<p>La normativa que regula la concesi\u00f3n del Permiso de Residencia para Inversiones (ARI \/ Golden Visa), en vigor desde el 8 de octubre de 2012, permite a los nacionales de terceros pa\u00edses obtener un permiso de residencia temporal para realizar actividades empresariales con exenci\u00f3n de visado para entrar en territorio nacional. Los beneficiarios del ARI \/ Golden Visa tienen derecho a:<\/p>\n<ul>\n<li>Exenci\u00f3n de visado de residencia para entrar en Portugal;<\/li>\n<li>Vivir y trabajar en Portugal, a condici\u00f3n de permanecer en Portugal durante un periodo de 7 o m\u00e1s d\u00edas, en el primer a\u00f1o, y de 14 o m\u00e1s d\u00edas, en los a\u00f1os siguientes;<\/li>\n<li>Exenci\u00f3n de visado para viajar por el espacio Schengen;<\/li>\n<li>Reagrupaci\u00f3n familiar;<\/li>\n<li>Solicitud de residencia permanente (seg\u00fan la Ley de Extranjer\u00eda &#8211; Ley n\u00famero 23\/2007 de 4 de julio con la redacci\u00f3n actual). A los ciudadanos titulares de un permiso de residencia con fines de inversi\u00f3n y a sus familiares, que cumplan los requisitos previstos en el art\u00edculo 80 de la Ley de Extranjer\u00eda y deseen que se les conceda un permiso de residencia permanente, se les expedir\u00e1 un permiso de residencia permanente con fines de inversi\u00f3n, exento de lo previsto en el art\u00edculo 85, n.\u00bas 2, 3 y 4, apartado b) del mismo t\u00edtulo (cancelaci\u00f3n del derecho por ausencias del territorio nacional, v\u00e9ase el art\u00edculo 65-k del Decreto Reglamentario 84\/07 de 5\/11, con sus modificaciones). El Permiso de Residencia Permanente con fines de inversi\u00f3n podr\u00e1 estar sujeto a tasas espec\u00edficas de an\u00e1lisis y emisi\u00f3n, que ser\u00e1n reguladas por las modificaciones de la Ordenanza 1334-E\/2010, del 31 de diciembre;<\/li>\n<li>Solicitar la ciudadan\u00eda portuguesa, por naturalizaci\u00f3n, siempre que se cumplan los dem\u00e1s requisitos establecidos por la Ley de Nacionalidad (Ley n\u00famero 37\/81, de 3 de octubre, con la redacci\u00f3n actual);<\/li>\n<\/ul>\n<p>&nbsp;<\/p>\n<p><strong>Elegibilidad &#8211; \u00bfQui\u00e9n puede solicitarlo?  <\/strong><\/p>\n<p>Todos los ciudadanos de terceros pa\u00edses que realicen una actividad de inversi\u00f3n, como empresario individual o a trav\u00e9s de una empresa constituida en Portugal o en otro Estado miembro de la UE y que, adem\u00e1s, est\u00e9n establecidos de forma estable en Portugal, siempre que estos ciudadanos cumplan los requisitos cuantitativos y los requisitos temporales establecidos por la legislaci\u00f3n correspondiente, podr\u00e1n solicitar un Permiso de Residencia por Inversi\u00f3n, por una de las siguientes v\u00edas:<\/p>\n<p>Todos los ciudadanos de terceros pa\u00edses que realicen una actividad de inversi\u00f3n, como empresario individual o a trav\u00e9s de una empresa constituida en Portugal o en otro Estado miembro de la UE y que, adem\u00e1s, est\u00e9n establecidos de forma estable en Portugal, siempre que estos ciudadanos cumplan los requisitos cuantitativos y los requisitos temporales establecidos por la legislaci\u00f3n correspondiente, podr\u00e1n solicitar un Permiso de Residencia por Inversi\u00f3n, por una de las siguientes v\u00edas:<\/p>\n<ol>\n<li>Transferencia de capital con un valor igual o superior a 1,5 millones de euros;<br \/>\nii. La creaci\u00f3n de, al menos, 10 puestos de trabajo;<br \/>\niii. La compra de bienes inmuebles con un valor igual o superior a 500 mil euros;<br \/>\niv. La adquisici\u00f3n de bienes inmuebles, con una construcci\u00f3n de m\u00e1s de 30 a\u00f1os o situados en \u00e1reas de regeneraci\u00f3n urbana, para su rehabilitaci\u00f3n, por un valor total igual o superior a 350 mil euros;<br \/>\nv. Transferencia de capital con un valor igual o superior a 500 mil euros para invertir en actividades de investigaci\u00f3n realizadas por instituciones p\u00fablicas o privadas de investigaci\u00f3n cient\u00edfica que participen en el sistema cient\u00edfico o tecnol\u00f3gico nacional;<br \/>\nvi. Transferencia de capital con un valor igual o superior a 250 mil euros para la inversi\u00f3n en la producci\u00f3n art\u00edstica o el apoyo a las artes, para la reconstrucci\u00f3n o rehabilitaci\u00f3n del patrimonio nacional, a trav\u00e9s de las autoridades locales y centrales, las instituciones p\u00fablicas, el sector empresarial p\u00fablico, las fundaciones p\u00fablicas, las fundaciones privadas de inter\u00e9s p\u00fablico, las autoridades locales en red, las organizaciones del sector empresarial local, las asociaciones locales y las asociaciones culturales p\u00fablicas, que persiguen actividades de producci\u00f3n art\u00edstica, y la reconstrucci\u00f3n o el mantenimiento del patrimonio nacional;<br \/>\nvii. Transferencia de capital por importe de 500 mil euros, o superior, para la adquisici\u00f3n de participaciones de fondos de inversi\u00f3n o de fondos de capital riesgo de fondos dedicados a la capitalizaci\u00f3n de empresas, capital inyectado al amparo de la legislaci\u00f3n portuguesa, cuyo vencimiento, en el momento de la inversi\u00f3n, sea, como m\u00ednimo, de cinco a\u00f1os y, al menos, el 60% de las inversiones se realice en sociedades mercantiles con sede en territorio nacional;<br \/>\nviii. Transferencia de capital por importe de 500 mil euros, o superior, para la constituci\u00f3n de una sociedad mercantil con sede en el territorio nacional, combinada con la creaci\u00f3n de cinco puestos de trabajo permanentes, o para el refuerzo del capital social de una sociedad mercantil con sede en el territorio nacional, ya existente, con la creaci\u00f3n o mantenimiento de puestos de trabajo, con un m\u00ednimo de cinco puestos de trabajo permanentes, y por un periodo m\u00ednimo de tres a\u00f1os.<\/li>\n<\/ol>\n<p>Los ciudadanos portugueses, de la UE y de los EEE no pueden acogerse al r\u00e9gimen ARI \/ Golden Visa.<\/p>\n<p>[\/vc_column_text][\/vc_column][\/vc_row]<\/p>\n","protected":false},"excerpt":{"rendered":"<p>[vc_row el_class=&#8221;pt5e&#8221;][vc_column css=&#8221;.vc_custom_1542620475687{margin-right: 8.547% !important;margin-left: 8.547% !important;}&#8221;][vc_column_text] ARI &#8211; Permiso de residencia para actividades de inversi\u00f3n (Golden Visa) Lo que se necesita: La normativa que regula la concesi\u00f3n del Permiso de Residencia para Inversiones (ARI \/ Golden Visa), en vigor desde el 8 de octubre de 2012, permite a los nacionales de terceros pa\u00edses obtener [&hellip;]<\/p>\n","protected":false},"author":1,"featured_media":2908,"parent":0,"menu_order":0,"comment_status":"open","ping_status":"open","template":"","meta":{"footnotes":""},"class_list":["post-3505","page","type-page","status-publish","has-post-thumbnail","hentry"],"yoast_head":"<!-- This site is optimized with the Yoast SEO plugin v26.8 - https:\/\/yoast.com\/product\/yoast-seo-wordpress\/ -->\n<title>Programa Golden Visa - L1 Property &amp; Real Estate Management<\/title>\n<meta name=\"robots\" content=\"index, follow, max-snippet:-1, max-image-preview:large, max-video-preview:-1\" \/>\n<link rel=\"canonical\" href=\"https:\/\/l1-real-estate.com\/index.php\/programa-golden-visa\/\" \/>\n<meta property=\"og:locale\" content=\"en_US\" \/>\n<meta property=\"og:type\" content=\"article\" \/>\n<meta property=\"og:title\" content=\"Programa Golden Visa - L1 Property &amp; Real Estate Management\" \/>\n<meta property=\"og:description\" content=\"[vc_row el_class=&#8221;pt5e&#8221;][vc_column css=&#8221;.vc_custom_1542620475687{margin-right: 8.547% !important;margin-left: 8.547% !important;}&#8221;][vc_column_text] ARI &#8211; Permiso de residencia para actividades de inversi\u00f3n (Golden Visa) Lo que se necesita: La normativa que regula la concesi\u00f3n del Permiso de Residencia para Inversiones (ARI \/ Golden Visa), en vigor desde el 8 de octubre de 2012, permite a los nacionales de terceros pa\u00edses obtener [&hellip;]\" \/>\n<meta property=\"og:url\" content=\"https:\/\/l1-real-estate.com\/index.php\/programa-golden-visa\/?lang=es\" \/>\n<meta property=\"og:site_name\" content=\"L1 Property &amp; Real Estate Management\" \/>\n<meta property=\"article:modified_time\" content=\"2022-11-11T14:54:26+00:00\" \/>\n<meta property=\"og:image\" content=\"https:\/\/l1-real-estate.com\/wp-content\/uploads\/2022\/11\/EU-Golden-Visas.jpg\" \/>\n\t<meta property=\"og:image:width\" content=\"1200\" \/>\n\t<meta property=\"og:image:height\" content=\"675\" \/>\n\t<meta property=\"og:image:type\" content=\"image\/jpeg\" \/>\n<meta name=\"twitter:card\" content=\"summary_large_image\" \/>\n<meta name=\"twitter:label1\" content=\"Est. reading time\" \/>\n\t<meta name=\"twitter:data1\" content=\"5 minutes\" \/>\n<script type=\"application\/ld+json\" class=\"yoast-schema-graph\">{\"@context\":\"https:\/\/schema.org\",\"@graph\":[{\"@type\":\"WebPage\",\"@id\":\"https:\/\/l1-real-estate.com\/index.php\/programa-golden-visa\/?lang=es\",\"url\":\"https:\/\/l1-real-estate.com\/index.php\/programa-golden-visa\/?lang=es\",\"name\":\"Programa Golden Visa - L1 Property &amp; Real Estate Management\",\"isPartOf\":{\"@id\":\"https:\/\/l1-real-estate.com\/#website\"},\"primaryImageOfPage\":{\"@id\":\"https:\/\/l1-real-estate.com\/index.php\/programa-golden-visa\/?lang=es#primaryimage\"},\"image\":{\"@id\":\"https:\/\/l1-real-estate.com\/index.php\/programa-golden-visa\/?lang=es#primaryimage\"},\"thumbnailUrl\":\"https:\/\/l1-real-estate.com\/wp-content\/uploads\/2022\/11\/EU-Golden-Visas.jpg\",\"datePublished\":\"2022-11-10T18:21:57+00:00\",\"dateModified\":\"2022-11-11T14:54:26+00:00\",\"breadcrumb\":{\"@id\":\"https:\/\/l1-real-estate.com\/index.php\/programa-golden-visa\/?lang=es#breadcrumb\"},\"inLanguage\":\"en-US\",\"potentialAction\":[{\"@type\":\"ReadAction\",\"target\":[\"https:\/\/l1-real-estate.com\/index.php\/programa-golden-visa\/?lang=es\"]}]},{\"@type\":\"ImageObject\",\"inLanguage\":\"en-US\",\"@id\":\"https:\/\/l1-real-estate.com\/index.php\/programa-golden-visa\/?lang=es#primaryimage\",\"url\":\"https:\/\/l1-real-estate.com\/wp-content\/uploads\/2022\/11\/EU-Golden-Visas.jpg\",\"contentUrl\":\"https:\/\/l1-real-estate.com\/wp-content\/uploads\/2022\/11\/EU-Golden-Visas.jpg\",\"width\":1200,\"height\":675},{\"@type\":\"BreadcrumbList\",\"@id\":\"https:\/\/l1-real-estate.com\/index.php\/programa-golden-visa\/?lang=es#breadcrumb\",\"itemListElement\":[{\"@type\":\"ListItem\",\"position\":1,\"name\":\"Startseite\",\"item\":\"https:\/\/l1-real-estate.com\/\"},{\"@type\":\"ListItem\",\"position\":2,\"name\":\"Programa Golden Visa\"}]},{\"@type\":\"WebSite\",\"@id\":\"https:\/\/l1-real-estate.com\/#website\",\"url\":\"https:\/\/l1-real-estate.com\/\",\"name\":\"L1 Property &amp; Real Estate Management\",\"description\":\"\",\"potentialAction\":[{\"@type\":\"SearchAction\",\"target\":{\"@type\":\"EntryPoint\",\"urlTemplate\":\"https:\/\/l1-real-estate.com\/?s={search_term_string}\"},\"query-input\":{\"@type\":\"PropertyValueSpecification\",\"valueRequired\":true,\"valueName\":\"search_term_string\"}}],\"inLanguage\":\"en-US\"}]}<\/script>\n<!-- \/ Yoast SEO plugin. -->","yoast_head_json":{"title":"Programa Golden Visa - L1 Property &amp; Real Estate Management","robots":{"index":"index","follow":"follow","max-snippet":"max-snippet:-1","max-image-preview":"max-image-preview:large","max-video-preview":"max-video-preview:-1"},"canonical":"https:\/\/l1-real-estate.com\/index.php\/programa-golden-visa\/","og_locale":"en_US","og_type":"article","og_title":"Programa Golden Visa - L1 Property &amp; Real Estate Management","og_description":"[vc_row el_class=&#8221;pt5e&#8221;][vc_column css=&#8221;.vc_custom_1542620475687{margin-right: 8.547% !important;margin-left: 8.547% !important;}&#8221;][vc_column_text] ARI &#8211; Permiso de residencia para actividades de inversi\u00f3n (Golden Visa) Lo que se necesita: La normativa que regula la concesi\u00f3n del Permiso de Residencia para Inversiones (ARI \/ Golden Visa), en vigor desde el 8 de octubre de 2012, permite a los nacionales de terceros pa\u00edses obtener [&hellip;]","og_url":"https:\/\/l1-real-estate.com\/index.php\/programa-golden-visa\/?lang=es","og_site_name":"L1 Property &amp; Real Estate Management","article_modified_time":"2022-11-11T14:54:26+00:00","og_image":[{"width":1200,"height":675,"url":"https:\/\/l1-real-estate.com\/wp-content\/uploads\/2022\/11\/EU-Golden-Visas.jpg","type":"image\/jpeg"}],"twitter_card":"summary_large_image","twitter_misc":{"Est. reading time":"5 minutes"},"schema":{"@context":"https:\/\/schema.org","@graph":[{"@type":"WebPage","@id":"https:\/\/l1-real-estate.com\/index.php\/programa-golden-visa\/?lang=es","url":"https:\/\/l1-real-estate.com\/index.php\/programa-golden-visa\/?lang=es","name":"Programa Golden Visa - L1 Property &amp; Real Estate Management","isPartOf":{"@id":"https:\/\/l1-real-estate.com\/#website"},"primaryImageOfPage":{"@id":"https:\/\/l1-real-estate.com\/index.php\/programa-golden-visa\/?lang=es#primaryimage"},"image":{"@id":"https:\/\/l1-real-estate.com\/index.php\/programa-golden-visa\/?lang=es#primaryimage"},"thumbnailUrl":"https:\/\/l1-real-estate.com\/wp-content\/uploads\/2022\/11\/EU-Golden-Visas.jpg","datePublished":"2022-11-10T18:21:57+00:00","dateModified":"2022-11-11T14:54:26+00:00","breadcrumb":{"@id":"https:\/\/l1-real-estate.com\/index.php\/programa-golden-visa\/?lang=es#breadcrumb"},"inLanguage":"en-US","potentialAction":[{"@type":"ReadAction","target":["https:\/\/l1-real-estate.com\/index.php\/programa-golden-visa\/?lang=es"]}]},{"@type":"ImageObject","inLanguage":"en-US","@id":"https:\/\/l1-real-estate.com\/index.php\/programa-golden-visa\/?lang=es#primaryimage","url":"https:\/\/l1-real-estate.com\/wp-content\/uploads\/2022\/11\/EU-Golden-Visas.jpg","contentUrl":"https:\/\/l1-real-estate.com\/wp-content\/uploads\/2022\/11\/EU-Golden-Visas.jpg","width":1200,"height":675},{"@type":"BreadcrumbList","@id":"https:\/\/l1-real-estate.com\/index.php\/programa-golden-visa\/?lang=es#breadcrumb","itemListElement":[{"@type":"ListItem","position":1,"name":"Startseite","item":"https:\/\/l1-real-estate.com\/"},{"@type":"ListItem","position":2,"name":"Programa Golden Visa"}]},{"@type":"WebSite","@id":"https:\/\/l1-real-estate.com\/#website","url":"https:\/\/l1-real-estate.com\/","name":"L1 Property &amp; Real Estate Management","description":"","potentialAction":[{"@type":"SearchAction","target":{"@type":"EntryPoint","urlTemplate":"https:\/\/l1-real-estate.com\/?s={search_term_string}"},"query-input":{"@type":"PropertyValueSpecification","valueRequired":true,"valueName":"search_term_string"}}],"inLanguage":"en-US"}]}},"_links":{"self":[{"href":"https:\/\/l1-real-estate.com\/index.php\/wp-json\/wp\/v2\/pages\/3505","targetHints":{"allow":["GET"]}}],"collection":[{"href":"https:\/\/l1-real-estate.com\/index.php\/wp-json\/wp\/v2\/pages"}],"about":[{"href":"https:\/\/l1-real-estate.com\/index.php\/wp-json\/wp\/v2\/types\/page"}],"author":[{"embeddable":true,"href":"https:\/\/l1-real-estate.com\/index.php\/wp-json\/wp\/v2\/users\/1"}],"replies":[{"embeddable":true,"href":"https:\/\/l1-real-estate.com\/index.php\/wp-json\/wp\/v2\/comments?post=3505"}],"version-history":[{"count":2,"href":"https:\/\/l1-real-estate.com\/index.php\/wp-json\/wp\/v2\/pages\/3505\/revisions"}],"predecessor-version":[{"id":3509,"href":"https:\/\/l1-real-estate.com\/index.php\/wp-json\/wp\/v2\/pages\/3505\/revisions\/3509"}],"wp:featuredmedia":[{"embeddable":true,"href":"https:\/\/l1-real-estate.com\/index.php\/wp-json\/wp\/v2\/media\/2908"}],"wp:attachment":[{"href":"https:\/\/l1-real-estate.com\/index.php\/wp-json\/wp\/v2\/media?parent=3505"}],"curies":[{"name":"wp","href":"https:\/\/api.w.org\/{rel}","templated":true}]}}