{"id":3510,"date":"2022-11-10T18:21:57","date_gmt":"2022-11-10T18:21:57","guid":{"rendered":"https:\/\/l1-real-estate.com\/index.php\/programme-golden-visa\/"},"modified":"2022-11-11T14:54:15","modified_gmt":"2022-11-11T14:54:15","slug":"programme-golden-visa","status":"publish","type":"page","link":"https:\/\/l1-real-estate.com\/index.php\/programme-golden-visa\/?lang=fr","title":{"rendered":"Programme Golden Visa"},"content":{"rendered":"<p>[vc_row el_class=&#8221;pt5e&#8221;][vc_column css=&#8221;.vc_custom_1542620475687{margin-right: 8.547% !important;margin-left: 8.547% !important;}&#8221;]<div class=\"sc_content content_wrap\"><h1 class=\"sc_title sc_title_regular sc_align_center\" style=\"text-align:center;\"><img loading=\"lazy\" decoding=\"async\" class=\"aligncenter wp-image-2198 size-large_image\" src=\"https:\/\/l1-real-estate.com\/wp-content\/uploads\/2022\/11\/EU-Golden-Visas-870x489.jpg\" alt=\"\" width=\"870\" height=\"489\" srcset=\"https:\/\/l1-real-estate.com\/wp-content\/uploads\/2022\/11\/EU-Golden-Visas-870x490.jpg 870w, https:\/\/l1-real-estate.com\/wp-content\/uploads\/2022\/11\/EU-Golden-Visas-300x170.jpg 300w, https:\/\/l1-real-estate.com\/wp-content\/uploads\/2022\/11\/EU-Golden-Visas-1024x576.jpg 1024w, https:\/\/l1-real-estate.com\/wp-content\/uploads\/2022\/11\/EU-Golden-Visas-768x432.jpg 768w, https:\/\/l1-real-estate.com\/wp-content\/uploads\/2022\/11\/EU-Golden-Visas-1170x658.jpg 1170w, https:\/\/l1-real-estate.com\/wp-content\/uploads\/2022\/11\/EU-Golden-Visas-390x220.jpg 390w, https:\/\/l1-real-estate.com\/wp-content\/uploads\/2022\/11\/EU-Golden-Visas.jpg 1200w\" sizes=\"auto, (max-width: 870px) 100vw, 870px\" \/>Golden Visa Program<\/h1><\/div>[vc_column_text]<\/p>\n<h3>ARI &#8211; Permis de s\u00e9jour pour activit\u00e9 d&#8217;investissement (Golden Visa)<\/h3>\n<p><strong>Ce qui est requis :<\/strong><\/p>\n<p>Les r\u00e8gles r\u00e9gissant l&#8217;octroi du permis de s\u00e9jour pour investissement (ARI \/ Golden Visa), en vigueur depuis le 8 octobre 2012, permettent aux ressortissants de pays tiers d&#8217;obtenir un permis de s\u00e9jour temporaire pour exercer des activit\u00e9s commerciales avec exemption de visa pour entrer sur le territoire national. Les b\u00e9n\u00e9ficiaires de l&#8217;ARI \/ Golden Visa ont droit \u00e0 :<\/p>\n<ul>\n<li>Dispense de visa de r\u00e9sidence pour l&#8217;entr\u00e9e au Portugal ;<\/li>\n<li>Vivre et travailler au Portugal, \u00e0 condition de s\u00e9journer au Portugal pendant une p\u00e9riode de 7 jours ou plus, la premi\u00e8re ann\u00e9e, et de 14 jours ou plus, les ann\u00e9es suivantes ;<\/li>\n<li>Exemption de visa pour les voyages dans l&#8217;espace Schengen ;<\/li>\n<li>R\u00e9unification familiale ;<\/li>\n<li>Demande de r\u00e9sidence permanente (conform\u00e9ment \u00e0 la loi sur les \u00e9trangers &#8211; loi n\u00b0 23\/2007 du 4 juillet dans sa version actuelle). Aux citoyens titulaires d&#8217;un permis de s\u00e9jour pour investissement et aux membres de leur famille, qui remplissent les conditions pr\u00e9vues \u00e0 l&#8217;article 80 de la loi sur les \u00e9trangers et qui souhaitent obtenir un permis de s\u00e9jour permanent, il est d\u00e9livr\u00e9 un permis de s\u00e9jour permanent pour investissement, sous r\u00e9serve des dispositions de l&#8217;article 85, n.\u00ba 2, 3 et 4, alin\u00e9a b) du m\u00eame dipl\u00f4me (annulation du droit pour cause d&#8217;absence du territoire national, voir l&#8217;article 65-k du d\u00e9cret r\u00e9glementaire 84\/07 du 5\/11, modifi\u00e9). Le permis de s\u00e9jour permanent \u00e0 des fins d&#8217;investissement peut \u00eatre soumis \u00e0 des frais sp\u00e9cifiques d&#8217;analyse et de d\u00e9livrance, qui seront r\u00e9glement\u00e9s par des modifications de l&#8217;Ordonnance 1334-E\/2010, du 31 d\u00e9cembre ;<\/li>\n<li>Demander la nationalit\u00e9 portugaise, par naturalisation, \u00e0 condition de remplir toutes les autres conditions pr\u00e9vues par la loi sur la nationalit\u00e9 (loi n\u00b0 37\/81 du 3 octobre, dans sa r\u00e9daction actuelle) ;<\/li>\n<\/ul>\n<p>&nbsp;<\/p>\n<p><strong>Admissibilit\u00e9 &#8211; Qui peut postuler ?  <\/strong><\/p>\n<p>Tous les citoyens de pays tiers qui exercent une activit\u00e9 d&#8217;investissement, en tant qu&#8217;entrepreneur individuel ou par l&#8217;interm\u00e9diaire d&#8217;une soci\u00e9t\u00e9 constitu\u00e9e au Portugal ou dans un autre \u00c9tat membre de l&#8217;UE et qui, en outre, sont install\u00e9s de mani\u00e8re stable au Portugal, pour autant qu&#8217;ils remplissent les conditions quantitatives et temporelles fix\u00e9es par la l\u00e9gislation pertinente, peuvent demander un permis de s\u00e9jour pour investissement, par l&#8217;une des voies suivantes :<\/p>\n<p>Tous les citoyens de pays tiers qui exercent une activit\u00e9 d&#8217;investissement, en tant qu&#8217;entrepreneur individuel ou par le biais d&#8217;une soci\u00e9t\u00e9 constitu\u00e9e au Portugal ou dans un autre \u00c9tat membre de l&#8217;UE et qui, en outre, sont install\u00e9s de mani\u00e8re stable au Portugal, pour autant que ces citoyens remplissent les conditions quantitatives et les d\u00e9lais pr\u00e9vus par la l\u00e9gislation pertinente, peuvent demander un permis de s\u00e9jour pour investissement, par l&#8217;une des voies suivantes :<\/p>\n<ol>\n<li>Transfert de capitaux d&#8217;une valeur \u00e9gale ou sup\u00e9rieure \u00e0 1,5 million d&#8217;euros ;<br \/>\nii. La cr\u00e9ation d&#8217;au moins 10 postes de travail ;<br \/>\niii. L&#8217;achat de biens immobiliers d&#8217;une valeur \u00e9gale ou sup\u00e9rieure \u00e0 500 mille euros ;<br \/>\niv. L&#8217;achat de biens immobiliers, dont la construction remonte \u00e0 plus de 30 ans ou qui sont situ\u00e9s dans des zones de r\u00e9novation urbaine, en vue de leur remise en \u00e9tat, pour une valeur totale \u00e9gale ou sup\u00e9rieure \u00e0 350 000 euros ;<br \/>\nv. Transfert de capital d&#8217;une valeur \u00e9gale ou sup\u00e9rieure \u00e0 500 mille euros pour investir dans des activit\u00e9s de recherche men\u00e9es par des institutions de recherche scientifique publiques ou priv\u00e9es impliqu\u00e9es dans le syst\u00e8me scientifique ou technologique national ;<br \/>\nvi. Transfert de capital d&#8217;une valeur \u00e9gale ou sup\u00e9rieure \u00e0 250 000 euros pour investir dans la production artistique ou soutenir les arts, pour la reconstruction ou la r\u00e9novation du patrimoine national, par l&#8217;interm\u00e9diaire des autorit\u00e9s locales et centrales, des institutions publiques, du secteur priv\u00e9 public, des fondations publiques, des fondations priv\u00e9es d&#8217;int\u00e9r\u00eat public, des autorit\u00e9s locales en r\u00e9seau, des organisations du secteur priv\u00e9 local, des associations locales et des associations culturelles publiques, poursuivant des activit\u00e9s de production artistique, de reconstruction ou d&#8217;entretien du patrimoine national ;<br \/>\nvii. Transfert de capital d&#8217;un montant de 500 000 euros, ou plus, pour l&#8217;acquisition d&#8217;unit\u00e9s de fonds d&#8217;investissement ou de fonds de capital-risque de fonds d\u00e9di\u00e9s \u00e0 la capitalisation de soci\u00e9t\u00e9s, capital inject\u00e9 en vertu de la l\u00e9gislation portugaise, dont la maturit\u00e9, au moment de l&#8217;investissement, est, au moins, de cinq ans et, au moins, 60% des investissements est r\u00e9alis\u00e9 dans des soci\u00e9t\u00e9s commerciales avec si\u00e8ge social sur le territoire national ;<br \/>\nviii. Transfert de capital d&#8217;un montant de 500 mille euros, ou plus, pour la constitution d&#8217;une soci\u00e9t\u00e9 commerciale ayant son si\u00e8ge sur le territoire national, associ\u00e9e \u00e0 la cr\u00e9ation de cinq emplois permanents, ou pour le renforcement du capital social d&#8217;une soci\u00e9t\u00e9 commerciale ayant son si\u00e8ge sur le territoire national, d\u00e9j\u00e0 existante, avec la cr\u00e9ation ou le maintien d&#8217;emplois, avec un minimum de cinq emplois permanents, et pour une p\u00e9riode minimale de trois ans.<\/li>\n<\/ol>\n<p>Les ressortissants portugais, de l&#8217;UE et de l&#8217;EEE ne peuvent pas b\u00e9n\u00e9ficier du syst\u00e8me ARI \/ Golden Visa.<\/p>\n<p>[\/vc_column_text][\/vc_column][\/vc_row]<\/p>\n","protected":false},"excerpt":{"rendered":"<p>[vc_row el_class=&#8221;pt5e&#8221;][vc_column css=&#8221;.vc_custom_1542620475687{margin-right: 8.547% !important;margin-left: 8.547% !important;}&#8221;][vc_column_text] ARI &#8211; Permis de s\u00e9jour pour activit\u00e9 d&#8217;investissement (Golden Visa) Ce qui est requis : Les r\u00e8gles r\u00e9gissant l&#8217;octroi du permis de s\u00e9jour pour investissement (ARI \/ Golden Visa), en vigueur depuis le 8 octobre 2012, permettent aux ressortissants de pays tiers d&#8217;obtenir un permis de s\u00e9jour temporaire [&hellip;]<\/p>\n","protected":false},"author":1,"featured_media":2904,"parent":0,"menu_order":0,"comment_status":"open","ping_status":"open","template":"","meta":{"footnotes":""},"class_list":["post-3510","page","type-page","status-publish","has-post-thumbnail","hentry"],"yoast_head":"<!-- This site is optimized with the Yoast SEO plugin v26.8 - https:\/\/yoast.com\/product\/yoast-seo-wordpress\/ -->\n<title>Programme Golden Visa - L1 Property &amp; Real Estate Management<\/title>\n<meta name=\"robots\" content=\"index, follow, max-snippet:-1, max-image-preview:large, max-video-preview:-1\" \/>\n<link rel=\"canonical\" href=\"https:\/\/l1-real-estate.com\/index.php\/programme-golden-visa\/\" \/>\n<meta property=\"og:locale\" content=\"en_US\" \/>\n<meta property=\"og:type\" content=\"article\" \/>\n<meta property=\"og:title\" content=\"Programme Golden Visa - L1 Property &amp; Real Estate Management\" \/>\n<meta property=\"og:description\" content=\"[vc_row el_class=&#8221;pt5e&#8221;][vc_column css=&#8221;.vc_custom_1542620475687{margin-right: 8.547% !important;margin-left: 8.547% !important;}&#8221;][vc_column_text] ARI &#8211; Permis de s\u00e9jour pour activit\u00e9 d&#8217;investissement (Golden Visa) Ce qui est requis : Les r\u00e8gles r\u00e9gissant l&#8217;octroi du permis de s\u00e9jour pour investissement (ARI \/ Golden Visa), en vigueur depuis le 8 octobre 2012, permettent aux ressortissants de pays tiers d&#8217;obtenir un permis de s\u00e9jour temporaire [&hellip;]\" \/>\n<meta property=\"og:url\" content=\"https:\/\/l1-real-estate.com\/index.php\/programme-golden-visa\/?lang=fr\" \/>\n<meta property=\"og:site_name\" content=\"L1 Property &amp; Real Estate Management\" \/>\n<meta property=\"article:modified_time\" content=\"2022-11-11T14:54:15+00:00\" \/>\n<meta property=\"og:image\" content=\"https:\/\/l1-real-estate.com\/wp-content\/uploads\/2022\/11\/EU-Golden-Visas.jpg\" \/>\n\t<meta property=\"og:image:width\" content=\"1200\" \/>\n\t<meta property=\"og:image:height\" content=\"675\" \/>\n\t<meta property=\"og:image:type\" content=\"image\/jpeg\" \/>\n<meta name=\"twitter:card\" content=\"summary_large_image\" \/>\n<meta name=\"twitter:label1\" content=\"Est. reading time\" \/>\n\t<meta name=\"twitter:data1\" content=\"4 minutes\" \/>\n<script type=\"application\/ld+json\" class=\"yoast-schema-graph\">{\"@context\":\"https:\/\/schema.org\",\"@graph\":[{\"@type\":\"WebPage\",\"@id\":\"https:\/\/l1-real-estate.com\/index.php\/programme-golden-visa\/?lang=fr\",\"url\":\"https:\/\/l1-real-estate.com\/index.php\/programme-golden-visa\/?lang=fr\",\"name\":\"Programme Golden Visa - L1 Property &amp; Real Estate Management\",\"isPartOf\":{\"@id\":\"https:\/\/l1-real-estate.com\/#website\"},\"primaryImageOfPage\":{\"@id\":\"https:\/\/l1-real-estate.com\/index.php\/programme-golden-visa\/?lang=fr#primaryimage\"},\"image\":{\"@id\":\"https:\/\/l1-real-estate.com\/index.php\/programme-golden-visa\/?lang=fr#primaryimage\"},\"thumbnailUrl\":\"https:\/\/l1-real-estate.com\/wp-content\/uploads\/2022\/11\/EU-Golden-Visas.jpg\",\"datePublished\":\"2022-11-10T18:21:57+00:00\",\"dateModified\":\"2022-11-11T14:54:15+00:00\",\"breadcrumb\":{\"@id\":\"https:\/\/l1-real-estate.com\/index.php\/programme-golden-visa\/?lang=fr#breadcrumb\"},\"inLanguage\":\"en-US\",\"potentialAction\":[{\"@type\":\"ReadAction\",\"target\":[\"https:\/\/l1-real-estate.com\/index.php\/programme-golden-visa\/?lang=fr\"]}]},{\"@type\":\"ImageObject\",\"inLanguage\":\"en-US\",\"@id\":\"https:\/\/l1-real-estate.com\/index.php\/programme-golden-visa\/?lang=fr#primaryimage\",\"url\":\"https:\/\/l1-real-estate.com\/wp-content\/uploads\/2022\/11\/EU-Golden-Visas.jpg\",\"contentUrl\":\"https:\/\/l1-real-estate.com\/wp-content\/uploads\/2022\/11\/EU-Golden-Visas.jpg\",\"width\":1200,\"height\":675},{\"@type\":\"BreadcrumbList\",\"@id\":\"https:\/\/l1-real-estate.com\/index.php\/programme-golden-visa\/?lang=fr#breadcrumb\",\"itemListElement\":[{\"@type\":\"ListItem\",\"position\":1,\"name\":\"Startseite\",\"item\":\"https:\/\/l1-real-estate.com\/\"},{\"@type\":\"ListItem\",\"position\":2,\"name\":\"Programme Golden Visa\"}]},{\"@type\":\"WebSite\",\"@id\":\"https:\/\/l1-real-estate.com\/#website\",\"url\":\"https:\/\/l1-real-estate.com\/\",\"name\":\"L1 Property &amp; Real Estate Management\",\"description\":\"\",\"potentialAction\":[{\"@type\":\"SearchAction\",\"target\":{\"@type\":\"EntryPoint\",\"urlTemplate\":\"https:\/\/l1-real-estate.com\/?s={search_term_string}\"},\"query-input\":{\"@type\":\"PropertyValueSpecification\",\"valueRequired\":true,\"valueName\":\"search_term_string\"}}],\"inLanguage\":\"en-US\"}]}<\/script>\n<!-- \/ Yoast SEO plugin. -->","yoast_head_json":{"title":"Programme Golden Visa - L1 Property &amp; Real Estate Management","robots":{"index":"index","follow":"follow","max-snippet":"max-snippet:-1","max-image-preview":"max-image-preview:large","max-video-preview":"max-video-preview:-1"},"canonical":"https:\/\/l1-real-estate.com\/index.php\/programme-golden-visa\/","og_locale":"en_US","og_type":"article","og_title":"Programme Golden Visa - L1 Property &amp; Real Estate Management","og_description":"[vc_row el_class=&#8221;pt5e&#8221;][vc_column css=&#8221;.vc_custom_1542620475687{margin-right: 8.547% !important;margin-left: 8.547% !important;}&#8221;][vc_column_text] ARI &#8211; Permis de s\u00e9jour pour activit\u00e9 d&#8217;investissement (Golden Visa) Ce qui est requis : Les r\u00e8gles r\u00e9gissant l&#8217;octroi du permis de s\u00e9jour pour investissement (ARI \/ Golden Visa), en vigueur depuis le 8 octobre 2012, permettent aux ressortissants de pays tiers d&#8217;obtenir un permis de s\u00e9jour temporaire [&hellip;]","og_url":"https:\/\/l1-real-estate.com\/index.php\/programme-golden-visa\/?lang=fr","og_site_name":"L1 Property &amp; Real Estate Management","article_modified_time":"2022-11-11T14:54:15+00:00","og_image":[{"width":1200,"height":675,"url":"https:\/\/l1-real-estate.com\/wp-content\/uploads\/2022\/11\/EU-Golden-Visas.jpg","type":"image\/jpeg"}],"twitter_card":"summary_large_image","twitter_misc":{"Est. reading time":"4 minutes"},"schema":{"@context":"https:\/\/schema.org","@graph":[{"@type":"WebPage","@id":"https:\/\/l1-real-estate.com\/index.php\/programme-golden-visa\/?lang=fr","url":"https:\/\/l1-real-estate.com\/index.php\/programme-golden-visa\/?lang=fr","name":"Programme Golden Visa - L1 Property &amp; Real Estate Management","isPartOf":{"@id":"https:\/\/l1-real-estate.com\/#website"},"primaryImageOfPage":{"@id":"https:\/\/l1-real-estate.com\/index.php\/programme-golden-visa\/?lang=fr#primaryimage"},"image":{"@id":"https:\/\/l1-real-estate.com\/index.php\/programme-golden-visa\/?lang=fr#primaryimage"},"thumbnailUrl":"https:\/\/l1-real-estate.com\/wp-content\/uploads\/2022\/11\/EU-Golden-Visas.jpg","datePublished":"2022-11-10T18:21:57+00:00","dateModified":"2022-11-11T14:54:15+00:00","breadcrumb":{"@id":"https:\/\/l1-real-estate.com\/index.php\/programme-golden-visa\/?lang=fr#breadcrumb"},"inLanguage":"en-US","potentialAction":[{"@type":"ReadAction","target":["https:\/\/l1-real-estate.com\/index.php\/programme-golden-visa\/?lang=fr"]}]},{"@type":"ImageObject","inLanguage":"en-US","@id":"https:\/\/l1-real-estate.com\/index.php\/programme-golden-visa\/?lang=fr#primaryimage","url":"https:\/\/l1-real-estate.com\/wp-content\/uploads\/2022\/11\/EU-Golden-Visas.jpg","contentUrl":"https:\/\/l1-real-estate.com\/wp-content\/uploads\/2022\/11\/EU-Golden-Visas.jpg","width":1200,"height":675},{"@type":"BreadcrumbList","@id":"https:\/\/l1-real-estate.com\/index.php\/programme-golden-visa\/?lang=fr#breadcrumb","itemListElement":[{"@type":"ListItem","position":1,"name":"Startseite","item":"https:\/\/l1-real-estate.com\/"},{"@type":"ListItem","position":2,"name":"Programme Golden Visa"}]},{"@type":"WebSite","@id":"https:\/\/l1-real-estate.com\/#website","url":"https:\/\/l1-real-estate.com\/","name":"L1 Property &amp; Real Estate Management","description":"","potentialAction":[{"@type":"SearchAction","target":{"@type":"EntryPoint","urlTemplate":"https:\/\/l1-real-estate.com\/?s={search_term_string}"},"query-input":{"@type":"PropertyValueSpecification","valueRequired":true,"valueName":"search_term_string"}}],"inLanguage":"en-US"}]}},"_links":{"self":[{"href":"https:\/\/l1-real-estate.com\/index.php\/wp-json\/wp\/v2\/pages\/3510","targetHints":{"allow":["GET"]}}],"collection":[{"href":"https:\/\/l1-real-estate.com\/index.php\/wp-json\/wp\/v2\/pages"}],"about":[{"href":"https:\/\/l1-real-estate.com\/index.php\/wp-json\/wp\/v2\/types\/page"}],"author":[{"embeddable":true,"href":"https:\/\/l1-real-estate.com\/index.php\/wp-json\/wp\/v2\/users\/1"}],"replies":[{"embeddable":true,"href":"https:\/\/l1-real-estate.com\/index.php\/wp-json\/wp\/v2\/comments?post=3510"}],"version-history":[{"count":2,"href":"https:\/\/l1-real-estate.com\/index.php\/wp-json\/wp\/v2\/pages\/3510\/revisions"}],"predecessor-version":[{"id":3514,"href":"https:\/\/l1-real-estate.com\/index.php\/wp-json\/wp\/v2\/pages\/3510\/revisions\/3514"}],"wp:featuredmedia":[{"embeddable":true,"href":"https:\/\/l1-real-estate.com\/index.php\/wp-json\/wp\/v2\/media\/2904"}],"wp:attachment":[{"href":"https:\/\/l1-real-estate.com\/index.php\/wp-json\/wp\/v2\/media?parent=3510"}],"curies":[{"name":"wp","href":"https:\/\/api.w.org\/{rel}","templated":true}]}}