{"id":3530,"date":"2022-11-10T18:31:15","date_gmt":"2022-11-10T18:31:15","guid":{"rendered":"https:\/\/l1-real-estate.com\/index.php\/nhr-programm\/"},"modified":"2022-11-11T14:54:15","modified_gmt":"2022-11-11T14:54:15","slug":"nhr-programm","status":"publish","type":"page","link":"https:\/\/l1-real-estate.com\/index.php\/nhr-programm\/?lang=de","title":{"rendered":"NHR-Programm"},"content":{"rendered":"<p>[vc_row el_class=&#8221;pt5e&#8221;][vc_column css=&#8221;.vc_custom_1542620475687{margin-right: 8.547% !important;margin-left: 8.547% !important;}&#8221;]<div class=\"sc_content content_wrap\"><h1 class=\"sc_title sc_title_regular sc_align_center\" style=\"text-align:center;\"><img loading=\"lazy\" decoding=\"async\" class=\"aligncenter wp-image-2201 size-large_image_(crop)\" src=\"https:\/\/l1-real-estate.com\/wp-content\/uploads\/2022\/11\/Portugal-change-NHR-golden-visa-800x490.webp\" alt=\"\" width=\"800\" height=\"490\" \/>NHR Program<\/h1><\/div>[vc_column_text]<\/p>\n<h3>NHR STATUS PORTUGAL<\/h3>\n<p>Seit seiner Einf\u00fchrung im Jahr 2009 hat das portugiesische Programm f\u00fcr Personen ohne festen Wohnsitz (NHR) viele qualifizierte Fachkr\u00e4fte, verm\u00f6gende Privatpersonen und Rentner angezogen, die ihren steuerlichen Wohnsitz in Portugal begr\u00fcnden m\u00f6chten.<\/p>\n<p>Die NHR erm\u00f6glicht es qualifizierten Personen, in einem Land mit wei\u00dfer Liste steuerlich ans\u00e4ssig zu werden und gleichzeitig ihre Steuerschuld auf viele Kategorien von Eink\u00fcnften aus in- und ausl\u00e4ndischen Quellen f\u00fcr einen Zeitraum von mindestens 10 Jahren zu minimieren.<\/p>\n<p>Um sich als NHR zu qualifizieren, muss eine Person die folgenden Voraussetzungen erf\u00fcllen:<\/p>\n<ul>\n<li>Sie m\u00fcssen nach portugiesischem Recht steuerlich ans\u00e4ssig sein<\/li>\n<\/ul>\n<p><strong>&amp;<\/strong><\/p>\n<ul>\n<li>in den vorangegangenen f\u00fcnf Jahren nicht als in Portugal ans\u00e4ssig besteuert worden sein<\/li>\n<\/ul>\n<p>Um als Steuerinl\u00e4nder zu gelten, sollte die Person:<\/p>\n<ul>\n<li>Aufenthalt von mehr als 183 Tagen in Portugal w\u00e4hrend des betreffenden Steuerjahres<\/li>\n<\/ul>\n<p><strong>oder<\/strong><\/p>\n<ul>\n<li>die bis zum 31. Dezember des betreffenden Jahres eine Wohnung in Portugal gekauft oder gemietet haben und die Absicht haben, diese als gew\u00f6hnlichen Wohnsitz zu nutzen.<\/li>\n<li>Portugal hat mehr als 60 Doppelbesteuerungsabkommen abgeschlossen, so dass Eink\u00fcnfte aus dem Ausland von der portugiesischen Einkommensteuer befreit sind, sofern: Es wird im Quellenstaat gem\u00e4\u00df dem geltenden Steuerabkommen besteuert<\/li>\n<\/ul>\n<p>oder<\/p>\n<ul>\n<li>Wenn kein Abkommen anwendbar ist, wird das Einkommen im Quellenstaat effektiv besteuert und gilt nicht als in Portugal erzielt<\/li>\n<li>Eink\u00fcnfte aus portugiesischen Quellen, die aus T\u00e4tigkeiten mit hoher Wertsch\u00f6pfung stammen, werden mit einem Pauschalsatz von 20 % besteuert.<\/li>\n<li>Renten aus dem Ausland werden mit einem Mindestsatz von 10 % besteuert (gilt f\u00fcr Personen, die nach dem 31. M\u00e4rz 2020 NHR gr\u00fcnden)<\/li>\n<li>Keine Steuer auf ausl\u00e4ndische Eink\u00fcnfte, Dividenden, Mieteinnahmen, Zinsen und Kapitalgewinne, wenn sie korrekt strukturiert sind<\/li>\n<li>Keine Erbschaftssteuer auf Verm\u00f6gen, das an den Ehegatten, die Nachkommen oder die Verwandten in aufsteigender Linie \u00fcbergeht<\/li>\n<li>Keine Verm\u00f6genssteuern<\/li>\n<li>Portugiesische Unternehmen k\u00f6nnen die EU-Nichtdiskriminierungsvorschriften und die EU-Richtlinien \u00fcber Fusionen, Dividenden, Zinsen und Lizenzgeb\u00fchren sowie die portugiesischen Doppelbesteuerungsabkommen in Anspruch nehmen.<\/li>\n<li>Wir haben Experten vor Ort, die Ihnen sehr gut helfen k\u00f6nnen<\/li>\n<\/ul>\n<p>[\/vc_column_text][\/vc_column][\/vc_row]<\/p>\n","protected":false},"excerpt":{"rendered":"<p>[vc_row el_class=&#8221;pt5e&#8221;][vc_column css=&#8221;.vc_custom_1542620475687{margin-right: 8.547% !important;margin-left: 8.547% !important;}&#8221;][vc_column_text] NHR STATUS PORTUGAL Seit seiner Einf\u00fchrung im Jahr 2009 hat das portugiesische Programm f\u00fcr Personen ohne festen Wohnsitz (NHR) viele qualifizierte Fachkr\u00e4fte, verm\u00f6gende Privatpersonen und Rentner angezogen, die ihren steuerlichen Wohnsitz in Portugal begr\u00fcnden m\u00f6chten. Die NHR erm\u00f6glicht es qualifizierten Personen, in einem Land mit wei\u00dfer Liste steuerlich [&hellip;]<\/p>\n","protected":false},"author":1,"featured_media":2919,"parent":0,"menu_order":0,"comment_status":"open","ping_status":"open","template":"","meta":{"footnotes":""},"class_list":["post-3530","page","type-page","status-publish","has-post-thumbnail","hentry"],"yoast_head":"<!-- This site is optimized with the Yoast SEO plugin v26.8 - https:\/\/yoast.com\/product\/yoast-seo-wordpress\/ -->\n<title>NHR-Programm - L1 Property &amp; Real Estate Management<\/title>\n<meta name=\"robots\" content=\"index, follow, max-snippet:-1, max-image-preview:large, max-video-preview:-1\" \/>\n<link rel=\"canonical\" href=\"https:\/\/l1-real-estate.com\/index.php\/nhr-programm\/\" \/>\n<meta property=\"og:locale\" content=\"en_US\" \/>\n<meta property=\"og:type\" content=\"article\" \/>\n<meta property=\"og:title\" content=\"NHR-Programm - L1 Property &amp; Real Estate Management\" \/>\n<meta property=\"og:description\" content=\"[vc_row el_class=&#8221;pt5e&#8221;][vc_column css=&#8221;.vc_custom_1542620475687{margin-right: 8.547% !important;margin-left: 8.547% !important;}&#8221;][vc_column_text] NHR STATUS PORTUGAL Seit seiner Einf\u00fchrung im Jahr 2009 hat das portugiesische Programm f\u00fcr Personen ohne festen Wohnsitz (NHR) viele qualifizierte Fachkr\u00e4fte, verm\u00f6gende Privatpersonen und Rentner angezogen, die ihren steuerlichen Wohnsitz in Portugal begr\u00fcnden m\u00f6chten. Die NHR erm\u00f6glicht es qualifizierten Personen, in einem Land mit wei\u00dfer Liste steuerlich [&hellip;]\" \/>\n<meta property=\"og:url\" content=\"https:\/\/l1-real-estate.com\/index.php\/nhr-programm\/?lang=de\" \/>\n<meta property=\"og:site_name\" content=\"L1 Property &amp; Real Estate Management\" \/>\n<meta property=\"article:modified_time\" content=\"2022-11-11T14:54:15+00:00\" \/>\n<meta property=\"og:image\" content=\"https:\/\/l1-real-estate.com\/wp-content\/uploads\/2022\/11\/Portugal-change-NHR-golden-visa.webp\" \/>\n\t<meta property=\"og:image:width\" content=\"800\" \/>\n\t<meta property=\"og:image:height\" content=\"522\" \/>\n\t<meta property=\"og:image:type\" content=\"image\/webp\" \/>\n<meta name=\"twitter:card\" content=\"summary_large_image\" \/>\n<meta name=\"twitter:label1\" content=\"Est. reading time\" \/>\n\t<meta name=\"twitter:data1\" content=\"2 minutes\" \/>\n<script type=\"application\/ld+json\" class=\"yoast-schema-graph\">{\"@context\":\"https:\/\/schema.org\",\"@graph\":[{\"@type\":\"WebPage\",\"@id\":\"https:\/\/l1-real-estate.com\/index.php\/nhr-programm\/?lang=de\",\"url\":\"https:\/\/l1-real-estate.com\/index.php\/nhr-programm\/?lang=de\",\"name\":\"NHR-Programm - L1 Property &amp; Real Estate Management\",\"isPartOf\":{\"@id\":\"https:\/\/l1-real-estate.com\/#website\"},\"primaryImageOfPage\":{\"@id\":\"https:\/\/l1-real-estate.com\/index.php\/nhr-programm\/?lang=de#primaryimage\"},\"image\":{\"@id\":\"https:\/\/l1-real-estate.com\/index.php\/nhr-programm\/?lang=de#primaryimage\"},\"thumbnailUrl\":\"https:\/\/l1-real-estate.com\/wp-content\/uploads\/2022\/11\/Portugal-change-NHR-golden-visa.webp\",\"datePublished\":\"2022-11-10T18:31:15+00:00\",\"dateModified\":\"2022-11-11T14:54:15+00:00\",\"breadcrumb\":{\"@id\":\"https:\/\/l1-real-estate.com\/index.php\/nhr-programm\/?lang=de#breadcrumb\"},\"inLanguage\":\"en-US\",\"potentialAction\":[{\"@type\":\"ReadAction\",\"target\":[\"https:\/\/l1-real-estate.com\/index.php\/nhr-programm\/?lang=de\"]}]},{\"@type\":\"ImageObject\",\"inLanguage\":\"en-US\",\"@id\":\"https:\/\/l1-real-estate.com\/index.php\/nhr-programm\/?lang=de#primaryimage\",\"url\":\"https:\/\/l1-real-estate.com\/wp-content\/uploads\/2022\/11\/Portugal-change-NHR-golden-visa.webp\",\"contentUrl\":\"https:\/\/l1-real-estate.com\/wp-content\/uploads\/2022\/11\/Portugal-change-NHR-golden-visa.webp\",\"width\":800,\"height\":522},{\"@type\":\"BreadcrumbList\",\"@id\":\"https:\/\/l1-real-estate.com\/index.php\/nhr-programm\/?lang=de#breadcrumb\",\"itemListElement\":[{\"@type\":\"ListItem\",\"position\":1,\"name\":\"Startseite\",\"item\":\"https:\/\/l1-real-estate.com\/\"},{\"@type\":\"ListItem\",\"position\":2,\"name\":\"NHR-Programm\"}]},{\"@type\":\"WebSite\",\"@id\":\"https:\/\/l1-real-estate.com\/#website\",\"url\":\"https:\/\/l1-real-estate.com\/\",\"name\":\"L1 Property &amp; Real Estate Management\",\"description\":\"\",\"potentialAction\":[{\"@type\":\"SearchAction\",\"target\":{\"@type\":\"EntryPoint\",\"urlTemplate\":\"https:\/\/l1-real-estate.com\/?s={search_term_string}\"},\"query-input\":{\"@type\":\"PropertyValueSpecification\",\"valueRequired\":true,\"valueName\":\"search_term_string\"}}],\"inLanguage\":\"en-US\"}]}<\/script>\n<!-- \/ Yoast SEO plugin. -->","yoast_head_json":{"title":"NHR-Programm - L1 Property &amp; Real Estate Management","robots":{"index":"index","follow":"follow","max-snippet":"max-snippet:-1","max-image-preview":"max-image-preview:large","max-video-preview":"max-video-preview:-1"},"canonical":"https:\/\/l1-real-estate.com\/index.php\/nhr-programm\/","og_locale":"en_US","og_type":"article","og_title":"NHR-Programm - L1 Property &amp; Real Estate Management","og_description":"[vc_row el_class=&#8221;pt5e&#8221;][vc_column css=&#8221;.vc_custom_1542620475687{margin-right: 8.547% !important;margin-left: 8.547% !important;}&#8221;][vc_column_text] NHR STATUS PORTUGAL Seit seiner Einf\u00fchrung im Jahr 2009 hat das portugiesische Programm f\u00fcr Personen ohne festen Wohnsitz (NHR) viele qualifizierte Fachkr\u00e4fte, verm\u00f6gende Privatpersonen und Rentner angezogen, die ihren steuerlichen Wohnsitz in Portugal begr\u00fcnden m\u00f6chten. Die NHR erm\u00f6glicht es qualifizierten Personen, in einem Land mit wei\u00dfer Liste steuerlich [&hellip;]","og_url":"https:\/\/l1-real-estate.com\/index.php\/nhr-programm\/?lang=de","og_site_name":"L1 Property &amp; Real Estate Management","article_modified_time":"2022-11-11T14:54:15+00:00","og_image":[{"width":800,"height":522,"url":"https:\/\/l1-real-estate.com\/wp-content\/uploads\/2022\/11\/Portugal-change-NHR-golden-visa.webp","type":"image\/webp"}],"twitter_card":"summary_large_image","twitter_misc":{"Est. reading time":"2 minutes"},"schema":{"@context":"https:\/\/schema.org","@graph":[{"@type":"WebPage","@id":"https:\/\/l1-real-estate.com\/index.php\/nhr-programm\/?lang=de","url":"https:\/\/l1-real-estate.com\/index.php\/nhr-programm\/?lang=de","name":"NHR-Programm - L1 Property &amp; Real Estate Management","isPartOf":{"@id":"https:\/\/l1-real-estate.com\/#website"},"primaryImageOfPage":{"@id":"https:\/\/l1-real-estate.com\/index.php\/nhr-programm\/?lang=de#primaryimage"},"image":{"@id":"https:\/\/l1-real-estate.com\/index.php\/nhr-programm\/?lang=de#primaryimage"},"thumbnailUrl":"https:\/\/l1-real-estate.com\/wp-content\/uploads\/2022\/11\/Portugal-change-NHR-golden-visa.webp","datePublished":"2022-11-10T18:31:15+00:00","dateModified":"2022-11-11T14:54:15+00:00","breadcrumb":{"@id":"https:\/\/l1-real-estate.com\/index.php\/nhr-programm\/?lang=de#breadcrumb"},"inLanguage":"en-US","potentialAction":[{"@type":"ReadAction","target":["https:\/\/l1-real-estate.com\/index.php\/nhr-programm\/?lang=de"]}]},{"@type":"ImageObject","inLanguage":"en-US","@id":"https:\/\/l1-real-estate.com\/index.php\/nhr-programm\/?lang=de#primaryimage","url":"https:\/\/l1-real-estate.com\/wp-content\/uploads\/2022\/11\/Portugal-change-NHR-golden-visa.webp","contentUrl":"https:\/\/l1-real-estate.com\/wp-content\/uploads\/2022\/11\/Portugal-change-NHR-golden-visa.webp","width":800,"height":522},{"@type":"BreadcrumbList","@id":"https:\/\/l1-real-estate.com\/index.php\/nhr-programm\/?lang=de#breadcrumb","itemListElement":[{"@type":"ListItem","position":1,"name":"Startseite","item":"https:\/\/l1-real-estate.com\/"},{"@type":"ListItem","position":2,"name":"NHR-Programm"}]},{"@type":"WebSite","@id":"https:\/\/l1-real-estate.com\/#website","url":"https:\/\/l1-real-estate.com\/","name":"L1 Property &amp; Real Estate Management","description":"","potentialAction":[{"@type":"SearchAction","target":{"@type":"EntryPoint","urlTemplate":"https:\/\/l1-real-estate.com\/?s={search_term_string}"},"query-input":{"@type":"PropertyValueSpecification","valueRequired":true,"valueName":"search_term_string"}}],"inLanguage":"en-US"}]}},"_links":{"self":[{"href":"https:\/\/l1-real-estate.com\/index.php\/wp-json\/wp\/v2\/pages\/3530","targetHints":{"allow":["GET"]}}],"collection":[{"href":"https:\/\/l1-real-estate.com\/index.php\/wp-json\/wp\/v2\/pages"}],"about":[{"href":"https:\/\/l1-real-estate.com\/index.php\/wp-json\/wp\/v2\/types\/page"}],"author":[{"embeddable":true,"href":"https:\/\/l1-real-estate.com\/index.php\/wp-json\/wp\/v2\/users\/1"}],"replies":[{"embeddable":true,"href":"https:\/\/l1-real-estate.com\/index.php\/wp-json\/wp\/v2\/comments?post=3530"}],"version-history":[{"count":2,"href":"https:\/\/l1-real-estate.com\/index.php\/wp-json\/wp\/v2\/pages\/3530\/revisions"}],"predecessor-version":[{"id":3536,"href":"https:\/\/l1-real-estate.com\/index.php\/wp-json\/wp\/v2\/pages\/3530\/revisions\/3536"}],"wp:featuredmedia":[{"embeddable":true,"href":"https:\/\/l1-real-estate.com\/index.php\/wp-json\/wp\/v2\/media\/2919"}],"wp:attachment":[{"href":"https:\/\/l1-real-estate.com\/index.php\/wp-json\/wp\/v2\/media?parent=3530"}],"curies":[{"name":"wp","href":"https:\/\/api.w.org\/{rel}","templated":true}]}}