{"id":3537,"date":"2022-11-10T18:31:15","date_gmt":"2022-11-10T18:31:15","guid":{"rendered":"https:\/\/l1-real-estate.com\/index.php\/programa-nhr\/"},"modified":"2022-11-11T14:54:26","modified_gmt":"2022-11-11T14:54:26","slug":"programa-nhr","status":"publish","type":"page","link":"https:\/\/l1-real-estate.com\/index.php\/programa-nhr\/?lang=es","title":{"rendered":"Programa NHR"},"content":{"rendered":"<p>[vc_row el_class=&#8221;pt5e&#8221;][vc_column css=&#8221;.vc_custom_1542620475687{margin-right: 8.547% !important;margin-left: 8.547% !important;}&#8221;]<div class=\"sc_content content_wrap\"><h1 class=\"sc_title sc_title_regular sc_align_center\" style=\"text-align:center;\"><img loading=\"lazy\" decoding=\"async\" class=\"aligncenter wp-image-2201 size-large_image_(crop)\" src=\"https:\/\/l1-real-estate.com\/wp-content\/uploads\/2022\/11\/Portugal-change-NHR-golden-visa-800x490.webp\" alt=\"\" width=\"800\" height=\"490\" \/>NHR Program<\/h1><\/div>[vc_column_text]<\/p>\n<h3>ESTATUS DE NHR PORTUGAL<\/h3>\n<p>Desde su introducci\u00f3n en 2009, el programa de residentes no habituales (RNH) de Portugal ha atra\u00eddo a muchos profesionales cualificados, personas con grandes patrimonios y jubilados que desean establecer su residencia fiscal en Portugal.<\/p>\n<p>La NHR permite a las personas que re\u00fanen los requisitos necesarios convertirse en residentes fiscales de una jurisdicci\u00f3n de la lista blanca, minimizando legalmente su responsabilidad fiscal sobre muchas categor\u00edas de ingresos de origen local y extranjero durante un per\u00edodo m\u00ednimo de 10 a\u00f1os.<\/p>\n<p>Para poder optar a un RNH, una persona debe cumplir los siguientes requisitos:<\/p>\n<ul>\n<li>Ser residente fiscal seg\u00fan la legislaci\u00f3n nacional portuguesa<\/li>\n<\/ul>\n<p><strong>&amp;<\/strong><\/p>\n<ul>\n<li>No haber tributado como residente en Portugal durante los cinco a\u00f1os anteriores<\/li>\n<\/ul>\n<p>Para ser considerado como residente fiscal, el individuo debe:<\/p>\n<ul>\n<li>Permanecer m\u00e1s de 183 d\u00edas en Portugal durante el ejercicio fiscal correspondiente<\/li>\n<\/ul>\n<p><strong>o<\/strong><\/p>\n<ul>\n<li>Haber comprado o alquilado una residencia en Portugal antes del 31 de diciembre de ese a\u00f1o con la intenci\u00f3n de mantenerla como residencia habitual.<\/li>\n<li>Portugal tiene m\u00e1s de 60 tratados de doble imposici\u00f3n, por lo que los ingresos de origen extranjero est\u00e1n exentos del impuesto sobre la renta portugu\u00e9s siempre que Se graven en el Estado de origen de acuerdo con el convenio fiscal aplicable<\/li>\n<\/ul>\n<p>o<\/p>\n<ul>\n<li>Si no se aplica ning\u00fan tratado, la renta se grava efectivamente en el Estado de origen y no se considera derivada en Portugal<\/li>\n<li>Cuando se derivan de actividades de alto valor a\u00f1adido, los ingresos de origen portugu\u00e9s se gravan a un tipo fijo del 20%.<\/li>\n<li>Las pensiones de origen extranjero tributan a un tipo m\u00ednimo del 10% (aplicable a quienes establezcan el RNH despu\u00e9s del 31 de marzo de 2020)<\/li>\n<li>No se aplica ning\u00fan impuesto a los ingresos de origen extranjero, los dividendos, los ingresos por alquiler, los intereses y las ganancias de capital cuando se estructuran correctamente<\/li>\n<li>No hay impuesto de sucesiones para los bienes transmitidos al c\u00f3nyuge, descendientes o ascendientes<\/li>\n<li>Sin impuestos sobre el patrimonio<\/li>\n<li>Las empresas portuguesas pueden beneficiarse de las normas de no discriminaci\u00f3n de la UE y de las directivas de la UE sobre fusiones, dividendos, intereses y c\u00e1nones, as\u00ed como de los tratados de doble imposici\u00f3n portugueses.<\/li>\n<li>Contamos con expertos que pueden ayudarle muy bien<\/li>\n<\/ul>\n<p>[\/vc_column_text][\/vc_column][\/vc_row]<\/p>\n","protected":false},"excerpt":{"rendered":"<p>[vc_row el_class=&#8221;pt5e&#8221;][vc_column css=&#8221;.vc_custom_1542620475687{margin-right: 8.547% !important;margin-left: 8.547% !important;}&#8221;][vc_column_text] ESTATUS DE NHR PORTUGAL Desde su introducci\u00f3n en 2009, el programa de residentes no habituales (RNH) de Portugal ha atra\u00eddo a muchos profesionales cualificados, personas con grandes patrimonios y jubilados que desean establecer su residencia fiscal en Portugal. La NHR permite a las personas que re\u00fanen los requisitos [&hellip;]<\/p>\n","protected":false},"author":1,"featured_media":2922,"parent":0,"menu_order":0,"comment_status":"open","ping_status":"open","template":"","meta":{"footnotes":""},"class_list":["post-3537","page","type-page","status-publish","has-post-thumbnail","hentry"],"yoast_head":"<!-- This site is optimized with the Yoast SEO plugin v26.8 - https:\/\/yoast.com\/product\/yoast-seo-wordpress\/ -->\n<title>Programa NHR - L1 Property &amp; Real Estate Management<\/title>\n<meta name=\"robots\" content=\"index, follow, max-snippet:-1, max-image-preview:large, max-video-preview:-1\" \/>\n<link rel=\"canonical\" href=\"https:\/\/l1-real-estate.com\/index.php\/programa-nhr\/\" \/>\n<meta property=\"og:locale\" content=\"en_US\" \/>\n<meta property=\"og:type\" content=\"article\" \/>\n<meta property=\"og:title\" content=\"Programa NHR - L1 Property &amp; Real Estate Management\" \/>\n<meta property=\"og:description\" content=\"[vc_row el_class=&#8221;pt5e&#8221;][vc_column css=&#8221;.vc_custom_1542620475687{margin-right: 8.547% !important;margin-left: 8.547% !important;}&#8221;][vc_column_text] ESTATUS DE NHR PORTUGAL Desde su introducci\u00f3n en 2009, el programa de residentes no habituales (RNH) de Portugal ha atra\u00eddo a muchos profesionales cualificados, personas con grandes patrimonios y jubilados que desean establecer su residencia fiscal en Portugal. La NHR permite a las personas que re\u00fanen los requisitos [&hellip;]\" \/>\n<meta property=\"og:url\" content=\"https:\/\/l1-real-estate.com\/index.php\/programa-nhr\/?lang=es\" \/>\n<meta property=\"og:site_name\" content=\"L1 Property &amp; Real Estate Management\" \/>\n<meta property=\"article:modified_time\" content=\"2022-11-11T14:54:26+00:00\" \/>\n<meta property=\"og:image\" content=\"https:\/\/l1-real-estate.com\/wp-content\/uploads\/2022\/11\/Portugal-change-NHR-golden-visa.webp\" \/>\n\t<meta property=\"og:image:width\" content=\"800\" \/>\n\t<meta property=\"og:image:height\" content=\"522\" \/>\n\t<meta property=\"og:image:type\" content=\"image\/webp\" \/>\n<meta name=\"twitter:card\" content=\"summary_large_image\" \/>\n<meta name=\"twitter:label1\" content=\"Est. reading time\" \/>\n\t<meta name=\"twitter:data1\" content=\"2 minutes\" \/>\n<script type=\"application\/ld+json\" class=\"yoast-schema-graph\">{\"@context\":\"https:\/\/schema.org\",\"@graph\":[{\"@type\":\"WebPage\",\"@id\":\"https:\/\/l1-real-estate.com\/index.php\/programa-nhr\/?lang=es\",\"url\":\"https:\/\/l1-real-estate.com\/index.php\/programa-nhr\/?lang=es\",\"name\":\"Programa NHR - L1 Property &amp; Real Estate Management\",\"isPartOf\":{\"@id\":\"https:\/\/l1-real-estate.com\/#website\"},\"primaryImageOfPage\":{\"@id\":\"https:\/\/l1-real-estate.com\/index.php\/programa-nhr\/?lang=es#primaryimage\"},\"image\":{\"@id\":\"https:\/\/l1-real-estate.com\/index.php\/programa-nhr\/?lang=es#primaryimage\"},\"thumbnailUrl\":\"https:\/\/l1-real-estate.com\/wp-content\/uploads\/2022\/11\/Portugal-change-NHR-golden-visa.webp\",\"datePublished\":\"2022-11-10T18:31:15+00:00\",\"dateModified\":\"2022-11-11T14:54:26+00:00\",\"breadcrumb\":{\"@id\":\"https:\/\/l1-real-estate.com\/index.php\/programa-nhr\/?lang=es#breadcrumb\"},\"inLanguage\":\"en-US\",\"potentialAction\":[{\"@type\":\"ReadAction\",\"target\":[\"https:\/\/l1-real-estate.com\/index.php\/programa-nhr\/?lang=es\"]}]},{\"@type\":\"ImageObject\",\"inLanguage\":\"en-US\",\"@id\":\"https:\/\/l1-real-estate.com\/index.php\/programa-nhr\/?lang=es#primaryimage\",\"url\":\"https:\/\/l1-real-estate.com\/wp-content\/uploads\/2022\/11\/Portugal-change-NHR-golden-visa.webp\",\"contentUrl\":\"https:\/\/l1-real-estate.com\/wp-content\/uploads\/2022\/11\/Portugal-change-NHR-golden-visa.webp\",\"width\":800,\"height\":522},{\"@type\":\"BreadcrumbList\",\"@id\":\"https:\/\/l1-real-estate.com\/index.php\/programa-nhr\/?lang=es#breadcrumb\",\"itemListElement\":[{\"@type\":\"ListItem\",\"position\":1,\"name\":\"Startseite\",\"item\":\"https:\/\/l1-real-estate.com\/\"},{\"@type\":\"ListItem\",\"position\":2,\"name\":\"Programa NHR\"}]},{\"@type\":\"WebSite\",\"@id\":\"https:\/\/l1-real-estate.com\/#website\",\"url\":\"https:\/\/l1-real-estate.com\/\",\"name\":\"L1 Property &amp; Real Estate Management\",\"description\":\"\",\"potentialAction\":[{\"@type\":\"SearchAction\",\"target\":{\"@type\":\"EntryPoint\",\"urlTemplate\":\"https:\/\/l1-real-estate.com\/?s={search_term_string}\"},\"query-input\":{\"@type\":\"PropertyValueSpecification\",\"valueRequired\":true,\"valueName\":\"search_term_string\"}}],\"inLanguage\":\"en-US\"}]}<\/script>\n<!-- \/ Yoast SEO plugin. -->","yoast_head_json":{"title":"Programa NHR - L1 Property &amp; Real Estate Management","robots":{"index":"index","follow":"follow","max-snippet":"max-snippet:-1","max-image-preview":"max-image-preview:large","max-video-preview":"max-video-preview:-1"},"canonical":"https:\/\/l1-real-estate.com\/index.php\/programa-nhr\/","og_locale":"en_US","og_type":"article","og_title":"Programa NHR - L1 Property &amp; Real Estate Management","og_description":"[vc_row el_class=&#8221;pt5e&#8221;][vc_column css=&#8221;.vc_custom_1542620475687{margin-right: 8.547% !important;margin-left: 8.547% !important;}&#8221;][vc_column_text] ESTATUS DE NHR PORTUGAL Desde su introducci\u00f3n en 2009, el programa de residentes no habituales (RNH) de Portugal ha atra\u00eddo a muchos profesionales cualificados, personas con grandes patrimonios y jubilados que desean establecer su residencia fiscal en Portugal. La NHR permite a las personas que re\u00fanen los requisitos [&hellip;]","og_url":"https:\/\/l1-real-estate.com\/index.php\/programa-nhr\/?lang=es","og_site_name":"L1 Property &amp; Real Estate Management","article_modified_time":"2022-11-11T14:54:26+00:00","og_image":[{"width":800,"height":522,"url":"https:\/\/l1-real-estate.com\/wp-content\/uploads\/2022\/11\/Portugal-change-NHR-golden-visa.webp","type":"image\/webp"}],"twitter_card":"summary_large_image","twitter_misc":{"Est. reading time":"2 minutes"},"schema":{"@context":"https:\/\/schema.org","@graph":[{"@type":"WebPage","@id":"https:\/\/l1-real-estate.com\/index.php\/programa-nhr\/?lang=es","url":"https:\/\/l1-real-estate.com\/index.php\/programa-nhr\/?lang=es","name":"Programa NHR - L1 Property &amp; Real Estate Management","isPartOf":{"@id":"https:\/\/l1-real-estate.com\/#website"},"primaryImageOfPage":{"@id":"https:\/\/l1-real-estate.com\/index.php\/programa-nhr\/?lang=es#primaryimage"},"image":{"@id":"https:\/\/l1-real-estate.com\/index.php\/programa-nhr\/?lang=es#primaryimage"},"thumbnailUrl":"https:\/\/l1-real-estate.com\/wp-content\/uploads\/2022\/11\/Portugal-change-NHR-golden-visa.webp","datePublished":"2022-11-10T18:31:15+00:00","dateModified":"2022-11-11T14:54:26+00:00","breadcrumb":{"@id":"https:\/\/l1-real-estate.com\/index.php\/programa-nhr\/?lang=es#breadcrumb"},"inLanguage":"en-US","potentialAction":[{"@type":"ReadAction","target":["https:\/\/l1-real-estate.com\/index.php\/programa-nhr\/?lang=es"]}]},{"@type":"ImageObject","inLanguage":"en-US","@id":"https:\/\/l1-real-estate.com\/index.php\/programa-nhr\/?lang=es#primaryimage","url":"https:\/\/l1-real-estate.com\/wp-content\/uploads\/2022\/11\/Portugal-change-NHR-golden-visa.webp","contentUrl":"https:\/\/l1-real-estate.com\/wp-content\/uploads\/2022\/11\/Portugal-change-NHR-golden-visa.webp","width":800,"height":522},{"@type":"BreadcrumbList","@id":"https:\/\/l1-real-estate.com\/index.php\/programa-nhr\/?lang=es#breadcrumb","itemListElement":[{"@type":"ListItem","position":1,"name":"Startseite","item":"https:\/\/l1-real-estate.com\/"},{"@type":"ListItem","position":2,"name":"Programa NHR"}]},{"@type":"WebSite","@id":"https:\/\/l1-real-estate.com\/#website","url":"https:\/\/l1-real-estate.com\/","name":"L1 Property &amp; Real Estate Management","description":"","potentialAction":[{"@type":"SearchAction","target":{"@type":"EntryPoint","urlTemplate":"https:\/\/l1-real-estate.com\/?s={search_term_string}"},"query-input":{"@type":"PropertyValueSpecification","valueRequired":true,"valueName":"search_term_string"}}],"inLanguage":"en-US"}]}},"_links":{"self":[{"href":"https:\/\/l1-real-estate.com\/index.php\/wp-json\/wp\/v2\/pages\/3537","targetHints":{"allow":["GET"]}}],"collection":[{"href":"https:\/\/l1-real-estate.com\/index.php\/wp-json\/wp\/v2\/pages"}],"about":[{"href":"https:\/\/l1-real-estate.com\/index.php\/wp-json\/wp\/v2\/types\/page"}],"author":[{"embeddable":true,"href":"https:\/\/l1-real-estate.com\/index.php\/wp-json\/wp\/v2\/users\/1"}],"replies":[{"embeddable":true,"href":"https:\/\/l1-real-estate.com\/index.php\/wp-json\/wp\/v2\/comments?post=3537"}],"version-history":[{"count":2,"href":"https:\/\/l1-real-estate.com\/index.php\/wp-json\/wp\/v2\/pages\/3537\/revisions"}],"predecessor-version":[{"id":3543,"href":"https:\/\/l1-real-estate.com\/index.php\/wp-json\/wp\/v2\/pages\/3537\/revisions\/3543"}],"wp:featuredmedia":[{"embeddable":true,"href":"https:\/\/l1-real-estate.com\/index.php\/wp-json\/wp\/v2\/media\/2922"}],"wp:attachment":[{"href":"https:\/\/l1-real-estate.com\/index.php\/wp-json\/wp\/v2\/media?parent=3537"}],"curies":[{"name":"wp","href":"https:\/\/api.w.org\/{rel}","templated":true}]}}