{"id":3634,"date":"2022-11-10T18:31:15","date_gmt":"2022-11-10T18:31:15","guid":{"rendered":"https:\/\/l1-real-estate.com\/index.php\/programa-nhr\/"},"modified":"2022-11-14T15:19:43","modified_gmt":"2022-11-14T15:19:43","slug":"programa-nhr","status":"publish","type":"page","link":"https:\/\/l1-real-estate.com\/index.php\/programa-nhr\/?lang=pt-pt","title":{"rendered":"Programa NHR"},"content":{"rendered":"<p>[vc_row el_class=&#8221;pt5e&#8221;][vc_column css=&#8221;.vc_custom_1542620475687{margin-right: 8.547% !important;margin-left: 8.547% !important;}&#8221;]<div class=\"sc_content content_wrap\"><h1 class=\"sc_title sc_title_regular sc_align_center\" style=\"text-align:center;\"><img loading=\"lazy\" decoding=\"async\" class=\"aligncenter wp-image-2201 size-large_image_(crop)\" src=\"https:\/\/l1-real-estate.com\/wp-content\/uploads\/2022\/11\/Portugal-change-NHR-golden-visa-800x490.webp\" alt=\"\" width=\"800\" height=\"490\" \/>NHR Program<\/h1><\/div>[vc_column_text]<\/p>\n<h3>NHR ESTATUTO PORTUGAL<\/h3>\n<p>Desde a sua introdu\u00e7\u00e3o em 2009, o programa de residentes n\u00e3o habituais em Portugal (NHR) tem atra\u00eddo muitos profissionais qualificados, indiv\u00edduos com elevado patrim\u00f3nio l\u00edquido e reformados que desejam estabelecer resid\u00eancia fiscal em Portugal.<\/p>\n<p>O NHR permite que indiv\u00edduos qualificados se tornem residentes fiscais de uma jurisdi\u00e7\u00e3o de lista branca, ao mesmo tempo que minimizam legalmente a sua obriga\u00e7\u00e3o fiscal sobre muitas categorias de rendimentos locais e de origem estrangeira durante um per\u00edodo m\u00ednimo de 10 anos.<\/p>\n<p>Para ser qualificado como DNI, um indiv\u00edduo deve satisfazer os seguintes requisitos:<\/p>\n<ul>\n<li>Ser residente fiscal ao abrigo da legisla\u00e7\u00e3o nacional portuguesa<\/li>\n<\/ul>\n<p><strong>&amp;<\/strong><\/p>\n<ul>\n<li>N\u00e3o ter sido tributado como residente portugu\u00eas durante os cinco anos anteriores<\/li>\n<\/ul>\n<p>Para ser considerado como um residente fiscal, o indiv\u00edduo deve ser considerado:<\/p>\n<ul>\n<li>Permanecer por mais de 183 dias em Portugal durante o ano fiscal relevante<\/li>\n<\/ul>\n<p><strong>ou<\/strong><\/p>\n<ul>\n<li>Ter adquirido ou alugado uma resid\u00eancia em Portugal at\u00e9 31 de Dezembro desse ano com a inten\u00e7\u00e3o de a manter como sua resid\u00eancia habitual.<\/li>\n<li>Portugal tem mais de 60 tratados de dupla tributa\u00e7\u00e3o, pelo que os rendimentos provenientes do estrangeiro est\u00e3o isentos do imposto sobre o rendimento portugu\u00eas, desde que isso aconte\u00e7a: seja tributado no estado de origem de acordo com a conven\u00e7\u00e3o fiscal aplic\u00e1vel<\/li>\n<\/ul>\n<p>ou<\/p>\n<ul>\n<li>Se nenhum tratado for aplic\u00e1vel, o rendimento \u00e9 efectivamente tributado no Estado da fonte e n\u00e3o \u00e9 considerado como derivado em Portugal<\/li>\n<li>Quando derivado de actividades de alto valor acrescentado, o rendimento de origem portuguesa \u00e9 tributado a uma taxa fixa de 20%.<\/li>\n<li>As pens\u00f5es de origem estrangeira s\u00e3o tributadas a uma taxa m\u00ednima de 10% (aplic\u00e1vel aos que estabelecem a RNH ap\u00f3s 31 de Mar\u00e7o de 2020)<\/li>\n<li>Nenhum imposto aplic\u00e1vel a fontes estrangeiras, dividendos, rendimentos de aluguer, juros e ganhos de capital quando correctamente estruturados<\/li>\n<li>Nenhum imposto sucess\u00f3rio sobre bens passados ao c\u00f4njuge, descendentes ou ascendentes<\/li>\n<li>Sem impostos sobre a riqueza<\/li>\n<li>As empresas portuguesas podem tirar partido das regras de n\u00e3o discrimina\u00e7\u00e3o da UE e das directivas comunit\u00e1rias sobre fus\u00f5es, dividendos, juros e royalties, bem como das conven\u00e7\u00f5es portuguesas sobre dupla tributa\u00e7\u00e3o.<\/li>\n<li>Temos especialistas \u00e0 sua disposi\u00e7\u00e3o que o podem ajudar muito bem<\/li>\n<\/ul>\n<p>[\/vc_column_text][\/vc_column][\/vc_row]<\/p>\n","protected":false},"excerpt":{"rendered":"<p>[vc_row el_class=&#8221;pt5e&#8221;][vc_column css=&#8221;.vc_custom_1542620475687{margin-right: 8.547% !important;margin-left: 8.547% !important;}&#8221;][vc_column_text] NHR ESTATUTO PORTUGAL Desde a sua introdu\u00e7\u00e3o em 2009, o programa de residentes n\u00e3o habituais em Portugal (NHR) tem atra\u00eddo muitos profissionais qualificados, indiv\u00edduos com elevado patrim\u00f3nio l\u00edquido e reformados que desejam estabelecer resid\u00eancia fiscal em Portugal. O NHR permite que indiv\u00edduos qualificados se tornem residentes fiscais de [&hellip;]<\/p>\n","protected":false},"author":1,"featured_media":2921,"parent":0,"menu_order":0,"comment_status":"open","ping_status":"open","template":"","meta":{"footnotes":""},"class_list":["post-3634","page","type-page","status-publish","has-post-thumbnail","hentry"],"yoast_head":"<!-- This site is optimized with the Yoast SEO plugin v26.8 - https:\/\/yoast.com\/product\/yoast-seo-wordpress\/ -->\n<title>Programa NHR - L1 Property &amp; Real Estate Management<\/title>\n<meta name=\"robots\" content=\"index, follow, max-snippet:-1, max-image-preview:large, max-video-preview:-1\" \/>\n<link rel=\"canonical\" href=\"https:\/\/l1-real-estate.com\/index.php\/programa-nhr\/\" \/>\n<meta property=\"og:locale\" content=\"en_US\" \/>\n<meta property=\"og:type\" content=\"article\" \/>\n<meta property=\"og:title\" content=\"Programa NHR - L1 Property &amp; Real Estate Management\" \/>\n<meta property=\"og:description\" content=\"[vc_row el_class=&#8221;pt5e&#8221;][vc_column css=&#8221;.vc_custom_1542620475687{margin-right: 8.547% !important;margin-left: 8.547% !important;}&#8221;][vc_column_text] NHR ESTATUTO PORTUGAL Desde a sua introdu\u00e7\u00e3o em 2009, o programa de residentes n\u00e3o habituais em Portugal (NHR) tem atra\u00eddo muitos profissionais qualificados, indiv\u00edduos com elevado patrim\u00f3nio l\u00edquido e reformados que desejam estabelecer resid\u00eancia fiscal em Portugal. O NHR permite que indiv\u00edduos qualificados se tornem residentes fiscais de [&hellip;]\" \/>\n<meta property=\"og:url\" content=\"https:\/\/l1-real-estate.com\/index.php\/programa-nhr\/?lang=pt-pt\" \/>\n<meta property=\"og:site_name\" content=\"L1 Property &amp; Real Estate Management\" \/>\n<meta property=\"article:modified_time\" content=\"2022-11-14T15:19:43+00:00\" \/>\n<meta property=\"og:image\" content=\"https:\/\/l1-real-estate.com\/wp-content\/uploads\/2022\/11\/Portugal-change-NHR-golden-visa.webp\" \/>\n\t<meta property=\"og:image:width\" content=\"800\" \/>\n\t<meta property=\"og:image:height\" content=\"522\" \/>\n\t<meta property=\"og:image:type\" content=\"image\/webp\" \/>\n<meta name=\"twitter:card\" content=\"summary_large_image\" \/>\n<meta name=\"twitter:label1\" content=\"Est. reading time\" \/>\n\t<meta name=\"twitter:data1\" content=\"2 minutes\" \/>\n<script type=\"application\/ld+json\" class=\"yoast-schema-graph\">{\"@context\":\"https:\/\/schema.org\",\"@graph\":[{\"@type\":\"WebPage\",\"@id\":\"https:\/\/l1-real-estate.com\/index.php\/programa-nhr\/?lang=pt-pt\",\"url\":\"https:\/\/l1-real-estate.com\/index.php\/programa-nhr\/?lang=pt-pt\",\"name\":\"Programa NHR - L1 Property &amp; Real Estate Management\",\"isPartOf\":{\"@id\":\"https:\/\/l1-real-estate.com\/#website\"},\"primaryImageOfPage\":{\"@id\":\"https:\/\/l1-real-estate.com\/index.php\/programa-nhr\/?lang=pt-pt#primaryimage\"},\"image\":{\"@id\":\"https:\/\/l1-real-estate.com\/index.php\/programa-nhr\/?lang=pt-pt#primaryimage\"},\"thumbnailUrl\":\"https:\/\/l1-real-estate.com\/wp-content\/uploads\/2022\/11\/Portugal-change-NHR-golden-visa.webp\",\"datePublished\":\"2022-11-10T18:31:15+00:00\",\"dateModified\":\"2022-11-14T15:19:43+00:00\",\"breadcrumb\":{\"@id\":\"https:\/\/l1-real-estate.com\/index.php\/programa-nhr\/?lang=pt-pt#breadcrumb\"},\"inLanguage\":\"en-US\",\"potentialAction\":[{\"@type\":\"ReadAction\",\"target\":[\"https:\/\/l1-real-estate.com\/index.php\/programa-nhr\/?lang=pt-pt\"]}]},{\"@type\":\"ImageObject\",\"inLanguage\":\"en-US\",\"@id\":\"https:\/\/l1-real-estate.com\/index.php\/programa-nhr\/?lang=pt-pt#primaryimage\",\"url\":\"https:\/\/l1-real-estate.com\/wp-content\/uploads\/2022\/11\/Portugal-change-NHR-golden-visa.webp\",\"contentUrl\":\"https:\/\/l1-real-estate.com\/wp-content\/uploads\/2022\/11\/Portugal-change-NHR-golden-visa.webp\",\"width\":800,\"height\":522},{\"@type\":\"BreadcrumbList\",\"@id\":\"https:\/\/l1-real-estate.com\/index.php\/programa-nhr\/?lang=pt-pt#breadcrumb\",\"itemListElement\":[{\"@type\":\"ListItem\",\"position\":1,\"name\":\"Startseite\",\"item\":\"https:\/\/l1-real-estate.com\/\"},{\"@type\":\"ListItem\",\"position\":2,\"name\":\"Programa NHR\"}]},{\"@type\":\"WebSite\",\"@id\":\"https:\/\/l1-real-estate.com\/#website\",\"url\":\"https:\/\/l1-real-estate.com\/\",\"name\":\"L1 Property &amp; Real Estate Management\",\"description\":\"\",\"potentialAction\":[{\"@type\":\"SearchAction\",\"target\":{\"@type\":\"EntryPoint\",\"urlTemplate\":\"https:\/\/l1-real-estate.com\/?s={search_term_string}\"},\"query-input\":{\"@type\":\"PropertyValueSpecification\",\"valueRequired\":true,\"valueName\":\"search_term_string\"}}],\"inLanguage\":\"en-US\"}]}<\/script>\n<!-- \/ Yoast SEO plugin. -->","yoast_head_json":{"title":"Programa NHR - L1 Property &amp; Real Estate Management","robots":{"index":"index","follow":"follow","max-snippet":"max-snippet:-1","max-image-preview":"max-image-preview:large","max-video-preview":"max-video-preview:-1"},"canonical":"https:\/\/l1-real-estate.com\/index.php\/programa-nhr\/","og_locale":"en_US","og_type":"article","og_title":"Programa NHR - L1 Property &amp; Real Estate Management","og_description":"[vc_row el_class=&#8221;pt5e&#8221;][vc_column css=&#8221;.vc_custom_1542620475687{margin-right: 8.547% !important;margin-left: 8.547% !important;}&#8221;][vc_column_text] NHR ESTATUTO PORTUGAL Desde a sua introdu\u00e7\u00e3o em 2009, o programa de residentes n\u00e3o habituais em Portugal (NHR) tem atra\u00eddo muitos profissionais qualificados, indiv\u00edduos com elevado patrim\u00f3nio l\u00edquido e reformados que desejam estabelecer resid\u00eancia fiscal em Portugal. O NHR permite que indiv\u00edduos qualificados se tornem residentes fiscais de [&hellip;]","og_url":"https:\/\/l1-real-estate.com\/index.php\/programa-nhr\/?lang=pt-pt","og_site_name":"L1 Property &amp; Real Estate Management","article_modified_time":"2022-11-14T15:19:43+00:00","og_image":[{"width":800,"height":522,"url":"https:\/\/l1-real-estate.com\/wp-content\/uploads\/2022\/11\/Portugal-change-NHR-golden-visa.webp","type":"image\/webp"}],"twitter_card":"summary_large_image","twitter_misc":{"Est. reading time":"2 minutes"},"schema":{"@context":"https:\/\/schema.org","@graph":[{"@type":"WebPage","@id":"https:\/\/l1-real-estate.com\/index.php\/programa-nhr\/?lang=pt-pt","url":"https:\/\/l1-real-estate.com\/index.php\/programa-nhr\/?lang=pt-pt","name":"Programa NHR - L1 Property &amp; Real Estate Management","isPartOf":{"@id":"https:\/\/l1-real-estate.com\/#website"},"primaryImageOfPage":{"@id":"https:\/\/l1-real-estate.com\/index.php\/programa-nhr\/?lang=pt-pt#primaryimage"},"image":{"@id":"https:\/\/l1-real-estate.com\/index.php\/programa-nhr\/?lang=pt-pt#primaryimage"},"thumbnailUrl":"https:\/\/l1-real-estate.com\/wp-content\/uploads\/2022\/11\/Portugal-change-NHR-golden-visa.webp","datePublished":"2022-11-10T18:31:15+00:00","dateModified":"2022-11-14T15:19:43+00:00","breadcrumb":{"@id":"https:\/\/l1-real-estate.com\/index.php\/programa-nhr\/?lang=pt-pt#breadcrumb"},"inLanguage":"en-US","potentialAction":[{"@type":"ReadAction","target":["https:\/\/l1-real-estate.com\/index.php\/programa-nhr\/?lang=pt-pt"]}]},{"@type":"ImageObject","inLanguage":"en-US","@id":"https:\/\/l1-real-estate.com\/index.php\/programa-nhr\/?lang=pt-pt#primaryimage","url":"https:\/\/l1-real-estate.com\/wp-content\/uploads\/2022\/11\/Portugal-change-NHR-golden-visa.webp","contentUrl":"https:\/\/l1-real-estate.com\/wp-content\/uploads\/2022\/11\/Portugal-change-NHR-golden-visa.webp","width":800,"height":522},{"@type":"BreadcrumbList","@id":"https:\/\/l1-real-estate.com\/index.php\/programa-nhr\/?lang=pt-pt#breadcrumb","itemListElement":[{"@type":"ListItem","position":1,"name":"Startseite","item":"https:\/\/l1-real-estate.com\/"},{"@type":"ListItem","position":2,"name":"Programa NHR"}]},{"@type":"WebSite","@id":"https:\/\/l1-real-estate.com\/#website","url":"https:\/\/l1-real-estate.com\/","name":"L1 Property &amp; Real Estate Management","description":"","potentialAction":[{"@type":"SearchAction","target":{"@type":"EntryPoint","urlTemplate":"https:\/\/l1-real-estate.com\/?s={search_term_string}"},"query-input":{"@type":"PropertyValueSpecification","valueRequired":true,"valueName":"search_term_string"}}],"inLanguage":"en-US"}]}},"_links":{"self":[{"href":"https:\/\/l1-real-estate.com\/index.php\/wp-json\/wp\/v2\/pages\/3634","targetHints":{"allow":["GET"]}}],"collection":[{"href":"https:\/\/l1-real-estate.com\/index.php\/wp-json\/wp\/v2\/pages"}],"about":[{"href":"https:\/\/l1-real-estate.com\/index.php\/wp-json\/wp\/v2\/types\/page"}],"author":[{"embeddable":true,"href":"https:\/\/l1-real-estate.com\/index.php\/wp-json\/wp\/v2\/users\/1"}],"replies":[{"embeddable":true,"href":"https:\/\/l1-real-estate.com\/index.php\/wp-json\/wp\/v2\/comments?post=3634"}],"version-history":[{"count":3,"href":"https:\/\/l1-real-estate.com\/index.php\/wp-json\/wp\/v2\/pages\/3634\/revisions"}],"predecessor-version":[{"id":6450,"href":"https:\/\/l1-real-estate.com\/index.php\/wp-json\/wp\/v2\/pages\/3634\/revisions\/6450"}],"wp:featuredmedia":[{"embeddable":true,"href":"https:\/\/l1-real-estate.com\/index.php\/wp-json\/wp\/v2\/media\/2921"}],"wp:attachment":[{"href":"https:\/\/l1-real-estate.com\/index.php\/wp-json\/wp\/v2\/media?parent=3634"}],"curies":[{"name":"wp","href":"https:\/\/api.w.org\/{rel}","templated":true}]}}