{"id":3644,"date":"2022-11-10T18:43:16","date_gmt":"2022-11-10T18:43:16","guid":{"rendered":"https:\/\/l1-real-estate.com\/index.php\/portugiesische-hypotheken\/"},"modified":"2022-11-14T15:01:09","modified_gmt":"2022-11-14T15:01:09","slug":"portugiesische-hypotheken","status":"publish","type":"page","link":"https:\/\/l1-real-estate.com\/index.php\/portugiesische-hypotheken\/?lang=de","title":{"rendered":"Portugiesische Hypotheken"},"content":{"rendered":"<p>[vc_row el_class=&#8221;pt5e&#8221;][vc_column css=&#8221;.vc_custom_1542620475687{margin-right: 8.547% !important;margin-left: 8.547% !important;}&#8221;]<div class=\"sc_content content_wrap\"><h1 class=\"sc_title sc_title_regular sc_align_center\" style=\"text-align:center;\"><img loading=\"lazy\" decoding=\"async\" class=\"aligncenter wp-image-2216 size-large_image_11\" src=\"https:\/\/l1-real-estate.com\/wp-content\/uploads\/2022\/11\/IMG_2079-870x455.png\" alt=\"\" width=\"870\" height=\"455\" srcset=\"https:\/\/l1-real-estate.com\/wp-content\/uploads\/2022\/11\/IMG_2079-870x455.png 870w, https:\/\/l1-real-estate.com\/wp-content\/uploads\/2022\/11\/IMG_2079-300x157.png 300w, https:\/\/l1-real-estate.com\/wp-content\/uploads\/2022\/11\/IMG_2079-1024x536.png 1024w, https:\/\/l1-real-estate.com\/wp-content\/uploads\/2022\/11\/IMG_2079-768x402.png 768w, https:\/\/l1-real-estate.com\/wp-content\/uploads\/2022\/11\/IMG_2079-1170x612.png 1170w, https:\/\/l1-real-estate.com\/wp-content\/uploads\/2022\/11\/IMG_2079-390x204.png 390w, https:\/\/l1-real-estate.com\/wp-content\/uploads\/2022\/11\/IMG_2079.png 1200w\" sizes=\"auto, (max-width: 870px) 100vw, 870px\" \/>Portuguese Mortgages<\/h1><\/div>[vc_column_text]<em>Ihre Finanzkraft und Ihr Immobilienwert werden wie folgt bewertet:<\/em><\/p>\n<p><strong>Einkommen.<\/strong>  Die Bank verlangt einen Nachweis \u00fcber Ihr laufendes Einkommen, wie z. B. Gehaltseink\u00fcnfte, Dividendenzahlungen, Kapitalertr\u00e4ge, Renteneink\u00fcnfte und Mieteinnahmen. Anhand dieser Informationen kann der Kreditgeber feststellen, ob Sie sich die monatlichen Kosten f\u00fcr Ihre portugiesische Hypothek leisten k\u00f6nnen. Eine Bank wird auch das Nettoeinkommen jedes Antragstellers pr\u00fcfen, das durch Gehalts-\/Rentenabrechnungen, Steuererkl\u00e4rungen und Kontoausz\u00fcge best\u00e4tigt wird.<\/p>\n<p><strong>Bestehende Schulden.<\/strong>  Der Kreditgeber wird eine Best\u00e4tigung in Form einer Kreditauskunft oder eines Darlehens-\/Hypothekenauszugs verlangen, um Ihre monatlichen festen Verpflichtungen f\u00fcr bestehende Verbindlichkeiten wie Hypotheken, Privatkredite und Kreditkarten zu analysieren.<\/p>\n<p>Beruflicher Werdegang. Der Kreditgeber verlangt einen Nachweis \u00fcber Ihre derzeitige Besch\u00e4ftigung in Form eines Referenzschreibens des Arbeitgebers. Wenn Sie selbst\u00e4ndig sind, ben\u00f6tigt die Bank Informationen \u00fcber Ihr Unternehmen, die von Ihrem Buchhalter best\u00e4tigt werden m\u00fcssen.<\/p>\n<p>&nbsp;<\/p>\n<p><strong>Kreditgeschichte.<\/strong>  Die Bank verlangt eine Kreditauskunft aus dem Land Ihres Wohnsitzes (falls vorhanden) und pr\u00fcft au\u00dferdem bei der Bank von Portugal, ob in dem Land Verbindlichkeiten bestehen.<\/p>\n<p><strong>Bewertung von Immobilien.<\/strong>  Eine Bank wird einen unabh\u00e4ngigen Ingenieur mit der Bewertung Ihrer Immobilie beauftragen. Die Banken vergeben derzeit Kredite in H\u00f6he von 60-80 % des Bewertungspreises. Wir setzen uns mit dem von Ihnen benannten Schl\u00fcsselinhaber in Verbindung und vereinbaren einen Besichtigungstermin mit dem zust\u00e4ndigen Techniker. Wir besorgen auch alle notwendigen Unterlagen f\u00fcr die Bank.[\/vc_column_text][\/vc_column][\/vc_row]<\/p>\n","protected":false},"excerpt":{"rendered":"<p>[vc_row el_class=&#8221;pt5e&#8221;][vc_column css=&#8221;.vc_custom_1542620475687{margin-right: 8.547% !important;margin-left: 8.547% !important;}&#8221;][vc_column_text]Ihre Finanzkraft und Ihr Immobilienwert werden wie folgt bewertet: Einkommen. Die Bank verlangt einen Nachweis \u00fcber Ihr laufendes Einkommen, wie z. B. Gehaltseink\u00fcnfte, Dividendenzahlungen, Kapitalertr\u00e4ge, Renteneink\u00fcnfte und Mieteinnahmen. Anhand dieser Informationen kann der Kreditgeber feststellen, ob Sie sich die monatlichen Kosten f\u00fcr Ihre portugiesische Hypothek leisten k\u00f6nnen. Eine Bank [&hellip;]<\/p>\n","protected":false},"author":1,"featured_media":2905,"parent":0,"menu_order":0,"comment_status":"open","ping_status":"open","template":"","meta":{"footnotes":""},"class_list":["post-3644","page","type-page","status-publish","has-post-thumbnail","hentry"],"yoast_head":"<!-- This site is optimized with the Yoast SEO plugin v26.8 - https:\/\/yoast.com\/product\/yoast-seo-wordpress\/ -->\n<title>Portugiesische Hypotheken - L1 Property &amp; Real Estate Management<\/title>\n<meta name=\"robots\" content=\"index, follow, max-snippet:-1, max-image-preview:large, max-video-preview:-1\" \/>\n<link rel=\"canonical\" href=\"https:\/\/l1-real-estate.com\/index.php\/portugiesische-hypotheken\/\" \/>\n<meta property=\"og:locale\" content=\"en_US\" \/>\n<meta property=\"og:type\" content=\"article\" \/>\n<meta property=\"og:title\" content=\"Portugiesische Hypotheken - L1 Property &amp; Real Estate Management\" \/>\n<meta property=\"og:description\" content=\"[vc_row el_class=&#8221;pt5e&#8221;][vc_column css=&#8221;.vc_custom_1542620475687{margin-right: 8.547% !important;margin-left: 8.547% !important;}&#8221;][vc_column_text]Ihre Finanzkraft und Ihr Immobilienwert werden wie folgt bewertet: Einkommen. Die Bank verlangt einen Nachweis \u00fcber Ihr laufendes Einkommen, wie z. B. Gehaltseink\u00fcnfte, Dividendenzahlungen, Kapitalertr\u00e4ge, Renteneink\u00fcnfte und Mieteinnahmen. Anhand dieser Informationen kann der Kreditgeber feststellen, ob Sie sich die monatlichen Kosten f\u00fcr Ihre portugiesische Hypothek leisten k\u00f6nnen. Eine Bank [&hellip;]\" \/>\n<meta property=\"og:url\" content=\"https:\/\/l1-real-estate.com\/index.php\/portugiesische-hypotheken\/?lang=de\" \/>\n<meta property=\"og:site_name\" content=\"L1 Property &amp; Real Estate Management\" \/>\n<meta property=\"article:modified_time\" content=\"2022-11-14T15:01:09+00:00\" \/>\n<meta property=\"og:image\" content=\"https:\/\/l1-real-estate.com\/wp-content\/uploads\/2022\/11\/EU-Golden-Visas.jpg\" \/>\n\t<meta property=\"og:image:width\" content=\"1200\" \/>\n\t<meta property=\"og:image:height\" content=\"675\" \/>\n\t<meta property=\"og:image:type\" content=\"image\/jpeg\" \/>\n<meta name=\"twitter:card\" content=\"summary_large_image\" \/>\n<meta name=\"twitter:label1\" content=\"Est. reading time\" \/>\n\t<meta name=\"twitter:data1\" content=\"1 minute\" \/>\n<script type=\"application\/ld+json\" class=\"yoast-schema-graph\">{\"@context\":\"https:\/\/schema.org\",\"@graph\":[{\"@type\":\"WebPage\",\"@id\":\"https:\/\/l1-real-estate.com\/index.php\/portugiesische-hypotheken\/?lang=de\",\"url\":\"https:\/\/l1-real-estate.com\/index.php\/portugiesische-hypotheken\/?lang=de\",\"name\":\"Portugiesische Hypotheken - L1 Property &amp; Real Estate Management\",\"isPartOf\":{\"@id\":\"https:\/\/l1-real-estate.com\/#website\"},\"primaryImageOfPage\":{\"@id\":\"https:\/\/l1-real-estate.com\/index.php\/portugiesische-hypotheken\/?lang=de#primaryimage\"},\"image\":{\"@id\":\"https:\/\/l1-real-estate.com\/index.php\/portugiesische-hypotheken\/?lang=de#primaryimage\"},\"thumbnailUrl\":\"https:\/\/l1-real-estate.com\/wp-content\/uploads\/2022\/11\/EU-Golden-Visas.jpg\",\"datePublished\":\"2022-11-10T18:43:16+00:00\",\"dateModified\":\"2022-11-14T15:01:09+00:00\",\"breadcrumb\":{\"@id\":\"https:\/\/l1-real-estate.com\/index.php\/portugiesische-hypotheken\/?lang=de#breadcrumb\"},\"inLanguage\":\"en-US\",\"potentialAction\":[{\"@type\":\"ReadAction\",\"target\":[\"https:\/\/l1-real-estate.com\/index.php\/portugiesische-hypotheken\/?lang=de\"]}]},{\"@type\":\"ImageObject\",\"inLanguage\":\"en-US\",\"@id\":\"https:\/\/l1-real-estate.com\/index.php\/portugiesische-hypotheken\/?lang=de#primaryimage\",\"url\":\"https:\/\/l1-real-estate.com\/wp-content\/uploads\/2022\/11\/EU-Golden-Visas.jpg\",\"contentUrl\":\"https:\/\/l1-real-estate.com\/wp-content\/uploads\/2022\/11\/EU-Golden-Visas.jpg\",\"width\":1200,\"height\":675},{\"@type\":\"BreadcrumbList\",\"@id\":\"https:\/\/l1-real-estate.com\/index.php\/portugiesische-hypotheken\/?lang=de#breadcrumb\",\"itemListElement\":[{\"@type\":\"ListItem\",\"position\":1,\"name\":\"Startseite\",\"item\":\"https:\/\/l1-real-estate.com\/\"},{\"@type\":\"ListItem\",\"position\":2,\"name\":\"Portugiesische Hypotheken\"}]},{\"@type\":\"WebSite\",\"@id\":\"https:\/\/l1-real-estate.com\/#website\",\"url\":\"https:\/\/l1-real-estate.com\/\",\"name\":\"L1 Property &amp; Real Estate Management\",\"description\":\"\",\"potentialAction\":[{\"@type\":\"SearchAction\",\"target\":{\"@type\":\"EntryPoint\",\"urlTemplate\":\"https:\/\/l1-real-estate.com\/?s={search_term_string}\"},\"query-input\":{\"@type\":\"PropertyValueSpecification\",\"valueRequired\":true,\"valueName\":\"search_term_string\"}}],\"inLanguage\":\"en-US\"}]}<\/script>\n<!-- \/ Yoast SEO plugin. -->","yoast_head_json":{"title":"Portugiesische Hypotheken - L1 Property &amp; Real Estate Management","robots":{"index":"index","follow":"follow","max-snippet":"max-snippet:-1","max-image-preview":"max-image-preview:large","max-video-preview":"max-video-preview:-1"},"canonical":"https:\/\/l1-real-estate.com\/index.php\/portugiesische-hypotheken\/","og_locale":"en_US","og_type":"article","og_title":"Portugiesische Hypotheken - L1 Property &amp; Real Estate Management","og_description":"[vc_row el_class=&#8221;pt5e&#8221;][vc_column css=&#8221;.vc_custom_1542620475687{margin-right: 8.547% !important;margin-left: 8.547% !important;}&#8221;][vc_column_text]Ihre Finanzkraft und Ihr Immobilienwert werden wie folgt bewertet: Einkommen. Die Bank verlangt einen Nachweis \u00fcber Ihr laufendes Einkommen, wie z. B. Gehaltseink\u00fcnfte, Dividendenzahlungen, Kapitalertr\u00e4ge, Renteneink\u00fcnfte und Mieteinnahmen. Anhand dieser Informationen kann der Kreditgeber feststellen, ob Sie sich die monatlichen Kosten f\u00fcr Ihre portugiesische Hypothek leisten k\u00f6nnen. Eine Bank [&hellip;]","og_url":"https:\/\/l1-real-estate.com\/index.php\/portugiesische-hypotheken\/?lang=de","og_site_name":"L1 Property &amp; Real Estate Management","article_modified_time":"2022-11-14T15:01:09+00:00","og_image":[{"width":1200,"height":675,"url":"https:\/\/l1-real-estate.com\/wp-content\/uploads\/2022\/11\/EU-Golden-Visas.jpg","type":"image\/jpeg"}],"twitter_card":"summary_large_image","twitter_misc":{"Est. reading time":"1 minute"},"schema":{"@context":"https:\/\/schema.org","@graph":[{"@type":"WebPage","@id":"https:\/\/l1-real-estate.com\/index.php\/portugiesische-hypotheken\/?lang=de","url":"https:\/\/l1-real-estate.com\/index.php\/portugiesische-hypotheken\/?lang=de","name":"Portugiesische Hypotheken - L1 Property &amp; Real Estate Management","isPartOf":{"@id":"https:\/\/l1-real-estate.com\/#website"},"primaryImageOfPage":{"@id":"https:\/\/l1-real-estate.com\/index.php\/portugiesische-hypotheken\/?lang=de#primaryimage"},"image":{"@id":"https:\/\/l1-real-estate.com\/index.php\/portugiesische-hypotheken\/?lang=de#primaryimage"},"thumbnailUrl":"https:\/\/l1-real-estate.com\/wp-content\/uploads\/2022\/11\/EU-Golden-Visas.jpg","datePublished":"2022-11-10T18:43:16+00:00","dateModified":"2022-11-14T15:01:09+00:00","breadcrumb":{"@id":"https:\/\/l1-real-estate.com\/index.php\/portugiesische-hypotheken\/?lang=de#breadcrumb"},"inLanguage":"en-US","potentialAction":[{"@type":"ReadAction","target":["https:\/\/l1-real-estate.com\/index.php\/portugiesische-hypotheken\/?lang=de"]}]},{"@type":"ImageObject","inLanguage":"en-US","@id":"https:\/\/l1-real-estate.com\/index.php\/portugiesische-hypotheken\/?lang=de#primaryimage","url":"https:\/\/l1-real-estate.com\/wp-content\/uploads\/2022\/11\/EU-Golden-Visas.jpg","contentUrl":"https:\/\/l1-real-estate.com\/wp-content\/uploads\/2022\/11\/EU-Golden-Visas.jpg","width":1200,"height":675},{"@type":"BreadcrumbList","@id":"https:\/\/l1-real-estate.com\/index.php\/portugiesische-hypotheken\/?lang=de#breadcrumb","itemListElement":[{"@type":"ListItem","position":1,"name":"Startseite","item":"https:\/\/l1-real-estate.com\/"},{"@type":"ListItem","position":2,"name":"Portugiesische Hypotheken"}]},{"@type":"WebSite","@id":"https:\/\/l1-real-estate.com\/#website","url":"https:\/\/l1-real-estate.com\/","name":"L1 Property &amp; Real Estate Management","description":"","potentialAction":[{"@type":"SearchAction","target":{"@type":"EntryPoint","urlTemplate":"https:\/\/l1-real-estate.com\/?s={search_term_string}"},"query-input":{"@type":"PropertyValueSpecification","valueRequired":true,"valueName":"search_term_string"}}],"inLanguage":"en-US"}]}},"_links":{"self":[{"href":"https:\/\/l1-real-estate.com\/index.php\/wp-json\/wp\/v2\/pages\/3644","targetHints":{"allow":["GET"]}}],"collection":[{"href":"https:\/\/l1-real-estate.com\/index.php\/wp-json\/wp\/v2\/pages"}],"about":[{"href":"https:\/\/l1-real-estate.com\/index.php\/wp-json\/wp\/v2\/types\/page"}],"author":[{"embeddable":true,"href":"https:\/\/l1-real-estate.com\/index.php\/wp-json\/wp\/v2\/users\/1"}],"replies":[{"embeddable":true,"href":"https:\/\/l1-real-estate.com\/index.php\/wp-json\/wp\/v2\/comments?post=3644"}],"version-history":[{"count":9,"href":"https:\/\/l1-real-estate.com\/index.php\/wp-json\/wp\/v2\/pages\/3644\/revisions"}],"predecessor-version":[{"id":6443,"href":"https:\/\/l1-real-estate.com\/index.php\/wp-json\/wp\/v2\/pages\/3644\/revisions\/6443"}],"wp:featuredmedia":[{"embeddable":true,"href":"https:\/\/l1-real-estate.com\/index.php\/wp-json\/wp\/v2\/media\/2905"}],"wp:attachment":[{"href":"https:\/\/l1-real-estate.com\/index.php\/wp-json\/wp\/v2\/media?parent=3644"}],"curies":[{"name":"wp","href":"https:\/\/api.w.org\/{rel}","templated":true}]}}