{"id":3653,"date":"2022-11-10T19:02:43","date_gmt":"2022-11-10T19:02:43","guid":{"rendered":"https:\/\/l1-real-estate.com\/index.php\/ueber-die-algarve\/"},"modified":"2022-11-11T14:54:14","modified_gmt":"2022-11-11T14:54:14","slug":"ueber-die-algarve","status":"publish","type":"page","link":"https:\/\/l1-real-estate.com\/index.php\/ueber-die-algarve\/?lang=de","title":{"rendered":"\u00dcber die Algarve"},"content":{"rendered":"<p>[vc_row el_class=&#8221;pt5e&#8221;][vc_column css=&#8221;.vc_custom_1542620475687{margin-right: 8.547% !important;margin-left: 8.547% !important;}&#8221;]<div class=\"sc_content content_wrap\"><h1 class=\"sc_title sc_title_regular sc_align_center\" style=\"text-align:center;\">About Algarve<\/h1>[vc_column_text]Die Algarve ist ein einzigartiger Ort auf der Welt &#8211; ein K\u00fcstenstreifen von etwas mehr als 150 Kilometern (95 Meilen). Sie verbindet ihre nat\u00fcrliche Umgebung und ihr kulturelles Erbe mit den Traditionen der malerischen Fischerd\u00f6rfer an der K\u00fcste. Viele dieser Naturgebiete stehen unter Naturschutz und werden von der UNESCO als Weltkulturerbe eingestuft. Die Region geh\u00f6rt zu den besten Reisezielen auf dem gesamten europ\u00e4ischen Kontinent.<\/p>\n<p>Die Algarve gilt vor allem als Strandreiseziel, ideal f\u00fcr Wassersportler, mit einigen der besten Str\u00e4nde zum Segeln, Surfen und Windsurfen. Aber es gibt noch viele andere verborgene Sch\u00e4tze wie die l\u00e4ndlichen Traditionen und D\u00f6rfer, die f\u00fcr Spazierg\u00e4nge und Wanderungen beliebt sind. Die Region ist auch f\u00fcr ihre zahlreichen und beliebten Golfpl\u00e4tze bekannt.<\/p>\n<p>&nbsp;<\/p>\n<p>An der Algarve k\u00f6nnen Sie einzigartige St\u00e4dte wie Tavira und Lagos besichtigen, sich an den wundersch\u00f6nen wei\u00dfen Sandstr\u00e4nden bei Albufeira sonnen, im Naturpark Ria Formosa V\u00f6gel beobachten und mit dem Boot zwischen Flamingos umherfahren oder in Silves die Ruhe einer Stadt im Landesinneren und das Gewicht der Geschichte sp\u00fcren.<\/p>\n<p>Die Algarve ist das perfekte Entspannungserlebnis; eine Region, die f\u00fcr ihre Philosophie der langsamen St\u00e4dte bekannt ist. Ein entspannter Lebensrhythmus und eine exquisite Gastronomie zu erschwinglichen Preisen f\u00fcr alle, die sich f\u00fcr einen Besuch entscheiden.[\/vc_column_text]<\/div>[\/vc_column][\/vc_row][vc_row][vc_column][vc_masonry_media_grid grid_id=&#8221;vc_gid:1668107029599-62cf6983-ef0a-6&#8243;][\/vc_column][\/vc_row]<\/p>\n","protected":false},"excerpt":{"rendered":"<p>[vc_row el_class=&#8221;pt5e&#8221;][vc_column css=&#8221;.vc_custom_1542620475687{margin-right: 8.547% !important;margin-left: 8.547% !important;}&#8221;][\/vc_column][\/vc_row][vc_row][vc_column][vc_masonry_media_grid grid_id=&#8221;vc_gid:1668107029599-62cf6983-ef0a-6&#8243;][\/vc_column][\/vc_row]<\/p>\n","protected":false},"author":1,"featured_media":0,"parent":0,"menu_order":0,"comment_status":"open","ping_status":"open","template":"","meta":{"footnotes":""},"class_list":["post-3653","page","type-page","status-publish","hentry"],"yoast_head":"<!-- This site is optimized with the Yoast SEO plugin v26.8 - https:\/\/yoast.com\/product\/yoast-seo-wordpress\/ -->\n<title>\u00dcber die Algarve - L1 Property &amp; Real Estate Management<\/title>\n<meta name=\"robots\" content=\"index, follow, max-snippet:-1, max-image-preview:large, max-video-preview:-1\" \/>\n<link rel=\"canonical\" href=\"https:\/\/l1-real-estate.com\/index.php\/ueber-die-algarve\/\" \/>\n<meta property=\"og:locale\" content=\"en_US\" \/>\n<meta property=\"og:type\" content=\"article\" \/>\n<meta property=\"og:title\" content=\"\u00dcber die Algarve - L1 Property &amp; Real Estate Management\" \/>\n<meta property=\"og:description\" content=\"[vc_row el_class=&#8221;pt5e&#8221;][vc_column css=&#8221;.vc_custom_1542620475687{margin-right: 8.547% !important;margin-left: 8.547% !important;}&#8221;][\/vc_column][\/vc_row][vc_row][vc_column][vc_masonry_media_grid grid_id=&#8221;vc_gid:1668107029599-62cf6983-ef0a-6&#8243;][\/vc_column][\/vc_row]\" \/>\n<meta property=\"og:url\" content=\"https:\/\/l1-real-estate.com\/index.php\/ueber-die-algarve\/?lang=de\" \/>\n<meta property=\"og:site_name\" content=\"L1 Property &amp; Real Estate Management\" \/>\n<meta property=\"article:modified_time\" content=\"2022-11-11T14:54:14+00:00\" \/>\n<meta name=\"twitter:card\" content=\"summary_large_image\" \/>\n<meta name=\"twitter:label1\" content=\"Est. reading time\" \/>\n\t<meta name=\"twitter:data1\" content=\"1 minute\" \/>\n<script type=\"application\/ld+json\" class=\"yoast-schema-graph\">{\"@context\":\"https:\/\/schema.org\",\"@graph\":[{\"@type\":\"WebPage\",\"@id\":\"https:\/\/l1-real-estate.com\/index.php\/ueber-die-algarve\/?lang=de\",\"url\":\"https:\/\/l1-real-estate.com\/index.php\/ueber-die-algarve\/?lang=de\",\"name\":\"\u00dcber die Algarve - L1 Property &amp; Real Estate Management\",\"isPartOf\":{\"@id\":\"https:\/\/l1-real-estate.com\/#website\"},\"datePublished\":\"2022-11-10T19:02:43+00:00\",\"dateModified\":\"2022-11-11T14:54:14+00:00\",\"breadcrumb\":{\"@id\":\"https:\/\/l1-real-estate.com\/index.php\/ueber-die-algarve\/?lang=de#breadcrumb\"},\"inLanguage\":\"en-US\",\"potentialAction\":[{\"@type\":\"ReadAction\",\"target\":[\"https:\/\/l1-real-estate.com\/index.php\/ueber-die-algarve\/?lang=de\"]}]},{\"@type\":\"BreadcrumbList\",\"@id\":\"https:\/\/l1-real-estate.com\/index.php\/ueber-die-algarve\/?lang=de#breadcrumb\",\"itemListElement\":[{\"@type\":\"ListItem\",\"position\":1,\"name\":\"Startseite\",\"item\":\"https:\/\/l1-real-estate.com\/\"},{\"@type\":\"ListItem\",\"position\":2,\"name\":\"\u00dcber die Algarve\"}]},{\"@type\":\"WebSite\",\"@id\":\"https:\/\/l1-real-estate.com\/#website\",\"url\":\"https:\/\/l1-real-estate.com\/\",\"name\":\"L1 Property &amp; Real Estate Management\",\"description\":\"\",\"potentialAction\":[{\"@type\":\"SearchAction\",\"target\":{\"@type\":\"EntryPoint\",\"urlTemplate\":\"https:\/\/l1-real-estate.com\/?s={search_term_string}\"},\"query-input\":{\"@type\":\"PropertyValueSpecification\",\"valueRequired\":true,\"valueName\":\"search_term_string\"}}],\"inLanguage\":\"en-US\"}]}<\/script>\n<!-- \/ Yoast SEO plugin. -->","yoast_head_json":{"title":"\u00dcber die Algarve - L1 Property &amp; Real Estate Management","robots":{"index":"index","follow":"follow","max-snippet":"max-snippet:-1","max-image-preview":"max-image-preview:large","max-video-preview":"max-video-preview:-1"},"canonical":"https:\/\/l1-real-estate.com\/index.php\/ueber-die-algarve\/","og_locale":"en_US","og_type":"article","og_title":"\u00dcber die Algarve - L1 Property &amp; Real Estate Management","og_description":"[vc_row el_class=&#8221;pt5e&#8221;][vc_column css=&#8221;.vc_custom_1542620475687{margin-right: 8.547% !important;margin-left: 8.547% !important;}&#8221;][\/vc_column][\/vc_row][vc_row][vc_column][vc_masonry_media_grid grid_id=&#8221;vc_gid:1668107029599-62cf6983-ef0a-6&#8243;][\/vc_column][\/vc_row]","og_url":"https:\/\/l1-real-estate.com\/index.php\/ueber-die-algarve\/?lang=de","og_site_name":"L1 Property &amp; Real Estate Management","article_modified_time":"2022-11-11T14:54:14+00:00","twitter_card":"summary_large_image","twitter_misc":{"Est. reading time":"1 minute"},"schema":{"@context":"https:\/\/schema.org","@graph":[{"@type":"WebPage","@id":"https:\/\/l1-real-estate.com\/index.php\/ueber-die-algarve\/?lang=de","url":"https:\/\/l1-real-estate.com\/index.php\/ueber-die-algarve\/?lang=de","name":"\u00dcber die Algarve - L1 Property &amp; Real Estate Management","isPartOf":{"@id":"https:\/\/l1-real-estate.com\/#website"},"datePublished":"2022-11-10T19:02:43+00:00","dateModified":"2022-11-11T14:54:14+00:00","breadcrumb":{"@id":"https:\/\/l1-real-estate.com\/index.php\/ueber-die-algarve\/?lang=de#breadcrumb"},"inLanguage":"en-US","potentialAction":[{"@type":"ReadAction","target":["https:\/\/l1-real-estate.com\/index.php\/ueber-die-algarve\/?lang=de"]}]},{"@type":"BreadcrumbList","@id":"https:\/\/l1-real-estate.com\/index.php\/ueber-die-algarve\/?lang=de#breadcrumb","itemListElement":[{"@type":"ListItem","position":1,"name":"Startseite","item":"https:\/\/l1-real-estate.com\/"},{"@type":"ListItem","position":2,"name":"\u00dcber die Algarve"}]},{"@type":"WebSite","@id":"https:\/\/l1-real-estate.com\/#website","url":"https:\/\/l1-real-estate.com\/","name":"L1 Property &amp; Real Estate Management","description":"","potentialAction":[{"@type":"SearchAction","target":{"@type":"EntryPoint","urlTemplate":"https:\/\/l1-real-estate.com\/?s={search_term_string}"},"query-input":{"@type":"PropertyValueSpecification","valueRequired":true,"valueName":"search_term_string"}}],"inLanguage":"en-US"}]}},"_links":{"self":[{"href":"https:\/\/l1-real-estate.com\/index.php\/wp-json\/wp\/v2\/pages\/3653","targetHints":{"allow":["GET"]}}],"collection":[{"href":"https:\/\/l1-real-estate.com\/index.php\/wp-json\/wp\/v2\/pages"}],"about":[{"href":"https:\/\/l1-real-estate.com\/index.php\/wp-json\/wp\/v2\/types\/page"}],"author":[{"embeddable":true,"href":"https:\/\/l1-real-estate.com\/index.php\/wp-json\/wp\/v2\/users\/1"}],"replies":[{"embeddable":true,"href":"https:\/\/l1-real-estate.com\/index.php\/wp-json\/wp\/v2\/comments?post=3653"}],"version-history":[{"count":2,"href":"https:\/\/l1-real-estate.com\/index.php\/wp-json\/wp\/v2\/pages\/3653\/revisions"}],"predecessor-version":[{"id":3657,"href":"https:\/\/l1-real-estate.com\/index.php\/wp-json\/wp\/v2\/pages\/3653\/revisions\/3657"}],"wp:attachment":[{"href":"https:\/\/l1-real-estate.com\/index.php\/wp-json\/wp\/v2\/media?parent=3653"}],"curies":[{"name":"wp","href":"https:\/\/api.w.org\/{rel}","templated":true}]}}