{"id":3663,"date":"2022-11-10T19:02:43","date_gmt":"2022-11-10T19:02:43","guid":{"rendered":"https:\/\/l1-real-estate.com\/index.php\/a-propos-de-lalgarve\/"},"modified":"2022-11-11T14:54:14","modified_gmt":"2022-11-11T14:54:14","slug":"a-propos-de-lalgarve","status":"publish","type":"page","link":"https:\/\/l1-real-estate.com\/index.php\/a-propos-de-lalgarve\/?lang=fr","title":{"rendered":"\u00c0 propos de l&#8217;Algarve"},"content":{"rendered":"<p>[vc_row el_class=&#8221;pt5e&#8221;][vc_column css=&#8221;.vc_custom_1542620475687{margin-right: 8.547% !important;margin-left: 8.547% !important;}&#8221;]<div class=\"sc_content content_wrap\"><h1 class=\"sc_title sc_title_regular sc_align_center\" style=\"text-align:center;\">About Algarve<\/h1>[vc_column_text]L&#8217;Algarve est un endroit unique au monde &#8211; une bande c\u00f4ti\u00e8re d&#8217;un peu plus de 150 km (95 miles). Elle combine son environnement naturel et son patrimoine culturel avec les traditions des villes c\u00f4ti\u00e8res et des villages de p\u00eacheurs pittoresques. Nombre de ces zones naturelles sont prot\u00e9g\u00e9es et consid\u00e9r\u00e9es comme un patrimoine mondial par l&#8217;UNESCO. La r\u00e9gion fait partie des meilleures destinations touristiques de tout le continent europ\u00e9en.<\/p>\n<p>L&#8217;Algarve est surtout consid\u00e9r\u00e9e comme une destination de plage, id\u00e9ale pour les sports nautiques, avec certaines des meilleures plages pour la voile, le surf et la planche \u00e0 voile. Mais elle poss\u00e8de bien d&#8217;autres joyaux cach\u00e9s, comme ses traditions rurales et ses villages, tr\u00e8s appr\u00e9ci\u00e9s pour les promenades et les randonn\u00e9es. La r\u00e9gion est \u00e9galement connue pour ses nombreux et populaires terrains de golf.<\/p>\n<p>&nbsp;<\/p>\n<p>En Algarve, vous pouvez choisir de profiter de villes touristiques uniques comme Tavira et Lagos, de prendre le soleil sur les magnifiques plages de sable blanc pr\u00e8s d&#8217;Albufeira, d&#8217;observer les oiseaux et de faire du bateau parmi les flamants roses dans le parc naturel de Ria Formosa, ou de ressentir le calme d&#8217;une ville de l&#8217;int\u00e9rieur et le poids de l&#8217;histoire \u00e0 Silves.<\/p>\n<p>L&#8217;Algarve est une exp\u00e9rience de d\u00e9tente parfaite ; une r\u00e9gion connue pour sa philosophie de mouvement des villes lentes. Un rythme de vie d\u00e9tendu et une gastronomie exquise, avec des prix abordables pour tous ceux qui d\u00e9cident de visiter.[\/vc_column_text]<\/div>[\/vc_column][\/vc_row][vc_row][vc_column][vc_masonry_media_grid grid_id=&#8221;vc_gid:1668107029599-62cf6983-ef0a-6&#8243;][\/vc_column][\/vc_row]<\/p>\n","protected":false},"excerpt":{"rendered":"<p>[vc_row el_class=&#8221;pt5e&#8221;][vc_column css=&#8221;.vc_custom_1542620475687{margin-right: 8.547% !important;margin-left: 8.547% !important;}&#8221;][\/vc_column][\/vc_row][vc_row][vc_column][vc_masonry_media_grid grid_id=&#8221;vc_gid:1668107029599-62cf6983-ef0a-6&#8243;][\/vc_column][\/vc_row]<\/p>\n","protected":false},"author":1,"featured_media":0,"parent":0,"menu_order":0,"comment_status":"open","ping_status":"open","template":"","meta":{"footnotes":""},"class_list":["post-3663","page","type-page","status-publish","hentry"],"yoast_head":"<!-- This site is optimized with the Yoast SEO plugin v26.8 - https:\/\/yoast.com\/product\/yoast-seo-wordpress\/ -->\n<title>\u00c0 propos de l&#039;Algarve - L1 Property &amp; Real Estate Management<\/title>\n<meta name=\"robots\" content=\"index, follow, max-snippet:-1, max-image-preview:large, max-video-preview:-1\" \/>\n<link rel=\"canonical\" href=\"https:\/\/l1-real-estate.com\/index.php\/a-propos-de-lalgarve\/\" \/>\n<meta property=\"og:locale\" content=\"en_US\" \/>\n<meta property=\"og:type\" content=\"article\" \/>\n<meta property=\"og:title\" content=\"\u00c0 propos de l&#039;Algarve - L1 Property &amp; Real Estate Management\" \/>\n<meta property=\"og:description\" content=\"[vc_row el_class=&#8221;pt5e&#8221;][vc_column css=&#8221;.vc_custom_1542620475687{margin-right: 8.547% !important;margin-left: 8.547% !important;}&#8221;][\/vc_column][\/vc_row][vc_row][vc_column][vc_masonry_media_grid grid_id=&#8221;vc_gid:1668107029599-62cf6983-ef0a-6&#8243;][\/vc_column][\/vc_row]\" \/>\n<meta property=\"og:url\" content=\"https:\/\/l1-real-estate.com\/index.php\/a-propos-de-lalgarve\/?lang=fr\" \/>\n<meta property=\"og:site_name\" content=\"L1 Property &amp; Real Estate Management\" \/>\n<meta property=\"article:modified_time\" content=\"2022-11-11T14:54:14+00:00\" \/>\n<meta name=\"twitter:card\" content=\"summary_large_image\" \/>\n<meta name=\"twitter:label1\" content=\"Est. reading time\" \/>\n\t<meta name=\"twitter:data1\" content=\"2 minutes\" \/>\n<script type=\"application\/ld+json\" class=\"yoast-schema-graph\">{\"@context\":\"https:\/\/schema.org\",\"@graph\":[{\"@type\":\"WebPage\",\"@id\":\"https:\/\/l1-real-estate.com\/index.php\/a-propos-de-lalgarve\/?lang=fr\",\"url\":\"https:\/\/l1-real-estate.com\/index.php\/a-propos-de-lalgarve\/?lang=fr\",\"name\":\"\u00c0 propos de l'Algarve - L1 Property &amp; Real Estate Management\",\"isPartOf\":{\"@id\":\"https:\/\/l1-real-estate.com\/#website\"},\"datePublished\":\"2022-11-10T19:02:43+00:00\",\"dateModified\":\"2022-11-11T14:54:14+00:00\",\"breadcrumb\":{\"@id\":\"https:\/\/l1-real-estate.com\/index.php\/a-propos-de-lalgarve\/?lang=fr#breadcrumb\"},\"inLanguage\":\"en-US\",\"potentialAction\":[{\"@type\":\"ReadAction\",\"target\":[\"https:\/\/l1-real-estate.com\/index.php\/a-propos-de-lalgarve\/?lang=fr\"]}]},{\"@type\":\"BreadcrumbList\",\"@id\":\"https:\/\/l1-real-estate.com\/index.php\/a-propos-de-lalgarve\/?lang=fr#breadcrumb\",\"itemListElement\":[{\"@type\":\"ListItem\",\"position\":1,\"name\":\"Startseite\",\"item\":\"https:\/\/l1-real-estate.com\/\"},{\"@type\":\"ListItem\",\"position\":2,\"name\":\"\u00c0 propos de l&#8217;Algarve\"}]},{\"@type\":\"WebSite\",\"@id\":\"https:\/\/l1-real-estate.com\/#website\",\"url\":\"https:\/\/l1-real-estate.com\/\",\"name\":\"L1 Property &amp; Real Estate Management\",\"description\":\"\",\"potentialAction\":[{\"@type\":\"SearchAction\",\"target\":{\"@type\":\"EntryPoint\",\"urlTemplate\":\"https:\/\/l1-real-estate.com\/?s={search_term_string}\"},\"query-input\":{\"@type\":\"PropertyValueSpecification\",\"valueRequired\":true,\"valueName\":\"search_term_string\"}}],\"inLanguage\":\"en-US\"}]}<\/script>\n<!-- \/ Yoast SEO plugin. -->","yoast_head_json":{"title":"\u00c0 propos de l'Algarve - L1 Property &amp; Real Estate Management","robots":{"index":"index","follow":"follow","max-snippet":"max-snippet:-1","max-image-preview":"max-image-preview:large","max-video-preview":"max-video-preview:-1"},"canonical":"https:\/\/l1-real-estate.com\/index.php\/a-propos-de-lalgarve\/","og_locale":"en_US","og_type":"article","og_title":"\u00c0 propos de l'Algarve - L1 Property &amp; Real Estate Management","og_description":"[vc_row el_class=&#8221;pt5e&#8221;][vc_column css=&#8221;.vc_custom_1542620475687{margin-right: 8.547% !important;margin-left: 8.547% !important;}&#8221;][\/vc_column][\/vc_row][vc_row][vc_column][vc_masonry_media_grid grid_id=&#8221;vc_gid:1668107029599-62cf6983-ef0a-6&#8243;][\/vc_column][\/vc_row]","og_url":"https:\/\/l1-real-estate.com\/index.php\/a-propos-de-lalgarve\/?lang=fr","og_site_name":"L1 Property &amp; Real Estate Management","article_modified_time":"2022-11-11T14:54:14+00:00","twitter_card":"summary_large_image","twitter_misc":{"Est. reading time":"2 minutes"},"schema":{"@context":"https:\/\/schema.org","@graph":[{"@type":"WebPage","@id":"https:\/\/l1-real-estate.com\/index.php\/a-propos-de-lalgarve\/?lang=fr","url":"https:\/\/l1-real-estate.com\/index.php\/a-propos-de-lalgarve\/?lang=fr","name":"\u00c0 propos de l'Algarve - L1 Property &amp; Real Estate Management","isPartOf":{"@id":"https:\/\/l1-real-estate.com\/#website"},"datePublished":"2022-11-10T19:02:43+00:00","dateModified":"2022-11-11T14:54:14+00:00","breadcrumb":{"@id":"https:\/\/l1-real-estate.com\/index.php\/a-propos-de-lalgarve\/?lang=fr#breadcrumb"},"inLanguage":"en-US","potentialAction":[{"@type":"ReadAction","target":["https:\/\/l1-real-estate.com\/index.php\/a-propos-de-lalgarve\/?lang=fr"]}]},{"@type":"BreadcrumbList","@id":"https:\/\/l1-real-estate.com\/index.php\/a-propos-de-lalgarve\/?lang=fr#breadcrumb","itemListElement":[{"@type":"ListItem","position":1,"name":"Startseite","item":"https:\/\/l1-real-estate.com\/"},{"@type":"ListItem","position":2,"name":"\u00c0 propos de l&#8217;Algarve"}]},{"@type":"WebSite","@id":"https:\/\/l1-real-estate.com\/#website","url":"https:\/\/l1-real-estate.com\/","name":"L1 Property &amp; Real Estate Management","description":"","potentialAction":[{"@type":"SearchAction","target":{"@type":"EntryPoint","urlTemplate":"https:\/\/l1-real-estate.com\/?s={search_term_string}"},"query-input":{"@type":"PropertyValueSpecification","valueRequired":true,"valueName":"search_term_string"}}],"inLanguage":"en-US"}]}},"_links":{"self":[{"href":"https:\/\/l1-real-estate.com\/index.php\/wp-json\/wp\/v2\/pages\/3663","targetHints":{"allow":["GET"]}}],"collection":[{"href":"https:\/\/l1-real-estate.com\/index.php\/wp-json\/wp\/v2\/pages"}],"about":[{"href":"https:\/\/l1-real-estate.com\/index.php\/wp-json\/wp\/v2\/types\/page"}],"author":[{"embeddable":true,"href":"https:\/\/l1-real-estate.com\/index.php\/wp-json\/wp\/v2\/users\/1"}],"replies":[{"embeddable":true,"href":"https:\/\/l1-real-estate.com\/index.php\/wp-json\/wp\/v2\/comments?post=3663"}],"version-history":[{"count":2,"href":"https:\/\/l1-real-estate.com\/index.php\/wp-json\/wp\/v2\/pages\/3663\/revisions"}],"predecessor-version":[{"id":3667,"href":"https:\/\/l1-real-estate.com\/index.php\/wp-json\/wp\/v2\/pages\/3663\/revisions\/3667"}],"wp:attachment":[{"href":"https:\/\/l1-real-estate.com\/index.php\/wp-json\/wp\/v2\/media?parent=3663"}],"curies":[{"name":"wp","href":"https:\/\/api.w.org\/{rel}","templated":true}]}}