{"id":5738,"date":"2022-11-11T11:51:37","date_gmt":"2022-11-11T11:51:37","guid":{"rendered":"https:\/\/l1-real-estate.com\/index.php\/a-experiencia-do-algarve\/"},"modified":"2022-11-14T16:04:57","modified_gmt":"2022-11-14T16:04:57","slug":"a-experiencia-do-algarve","status":"publish","type":"page","link":"https:\/\/l1-real-estate.com\/index.php\/a-experiencia-do-algarve\/?lang=pt-pt","title":{"rendered":"A experi\u00eancia do Algarve"},"content":{"rendered":"<p>[vc_row full_width=&#8221;stretch_row&#8221;][vc_column]<div class=\"sc_section\"><div class=\"sc_section_inner\">[vc_column_text]<\/p>\n<h2>&#8220;Descubra o Algarve&#8221;,<\/h2>\n<p><strong>Beneficie dos nossos conhecimentos &#8211; descubra o Algarve.<\/strong><\/p>\n<p>Oferecemos uma variedade de pacotes para que possa sentir o Algarve e refor\u00e7ar a sua liga\u00e7\u00e3o com a regi\u00e3o. Quer seja um f\u00e3 de F\u00f3rmula 1, quer goste de passar o seu tempo no parque aqu\u00e1tico &#8211; ou simplesmente relaxar na praia em privacidade &#8211; conhe\u00e7a aqui os nossos locais favoritos.<\/p>\n<p>&nbsp;<\/p>\n<div id=\"gtx-trans\" style=\"position: absolute; left: 174px; top: 546.906px;\">\n<div class=\"gtx-trans-icon\"><\/div>\n<\/div>\n<p>[\/vc_column_text]<\/div><\/div>[vc_empty_space height=&#8221;7em&#8221;][\/vc_column][\/vc_row][vc_row][vc_column]<div class=\"sc_section aligncenter column-1_1\"><div class=\"sc_section_inner\"><div class=\"columns_wrap sc_columns columns_nofluid sc_columns_count_3\" style=\"margin-bottom:50px;\"><div class=\"column-1_3 sc_column_item sc_column_item_1 odd first\" style=\"text-align:center;\">[vc_icon icon_fontawesome=&#8221;fas fa-umbrella-beach&#8221; color=&#8221;custom&#8221; size=&#8221;xl&#8221; align=&#8221;center&#8221; custom_color=&#8221;#000000&#8243;][vc_column_text]<\/p>\n<h4 style=\"text-align: center;\">As belas praias<\/h4>\n<p style=\"text-align: center;\">Experimente a costa oce\u00e2nica &#8211; deite-se na areia quente com uma brisa rasa a atravessar o seu rosto enquanto desfruta da sua natureza bela e limpa.<\/p>\n<p>[\/vc_column_text]<\/div><div class=\"column-1_3 sc_column_item sc_column_item_2 even\" style=\"text-align:center;\">[vc_icon icon_fontawesome=&#8221;fas fa-utensils&#8221; color=&#8221;custom&#8221; size=&#8221;xl&#8221; align=&#8221;center&#8221; custom_color=&#8221;#000000&#8243;][vc_column_text]<\/p>\n<h4 style=\"text-align: center;\">Viagem culin\u00e1ria<\/h4>\n<p style=\"text-align: center;\">Seduza a sua alma com uma viagem culin\u00e1ria com a cozinha tradicional portuguesa<\/p>\n<p>[\/vc_column_text]<\/div><div class=\"column-1_3 sc_column_item sc_column_item_3 odd\" style=\"text-align:center;\">[vc_icon icon_fontawesome=&#8221;fas fa-wine-glass&#8221; color=&#8221;custom&#8221; size=&#8221;xl&#8221; align=&#8221;center&#8221; custom_color=&#8221;#000000&#8243;][vc_column_text]<\/p>\n<h4 style=\"text-align: center;\">Prova de vinhos<\/h4>\n<p style=\"text-align: center;\">O vinho tradicional portugu\u00eas far\u00e1 com que a sua l\u00edngua tenha um n\u00edvel de sabor totalmente diferente.<\/p>\n<p>[\/vc_column_text]<\/div><\/div><div class=\"columns_wrap sc_columns columns_nofluid sc_columns_count_3\" style=\"margin-bottom:50px;\"><div class=\"column-1_3 sc_column_item sc_column_item_1 odd first\" style=\"text-align:center;\">[vc_icon icon_fontawesome=&#8221;fas fa-skull-crossbones&#8221; color=&#8221;custom&#8221; size=&#8221;xl&#8221; align=&#8221;center&#8221; custom_color=&#8221;#000000&#8243;][vc_column_text]<\/p>\n<h4 style=\"text-align: center;\">Cruzeiro de navio pirata<\/h4>\n<p style=\"text-align: center;\">Navegue com o navio pirata e visite os lugares mais bonitos da costa Algarvia. Pare nas praias de areia branca ou desfrute da oportunidade de nadar no mar.<\/p>\n<p>[\/vc_column_text]<\/div><div class=\"column-1_3 sc_column_item sc_column_item_2 even\" style=\"text-align:center;\">[vc_icon icon_fontawesome=&#8221;fas fa-flag-checkered&#8221; color=&#8221;custom&#8221; size=&#8221;xl&#8221; align=&#8221;center&#8221; custom_color=&#8221;#000000&#8243;][vc_column_text]<\/p>\n<h4 style=\"text-align: center;\">F\u00f3rmula 1<\/h4>\n<p style=\"text-align: center;\">\u00c9 um aficionado do automobilismo? Visite o mundialmente famoso Aut\u00f3dromo Internacional do Algarve e sinta de perto a adrenalina e emo\u00e7\u00e3o do desporto.<\/p>\n<p>[\/vc_column_text]<\/div><div class=\"column-1_3 sc_column_item sc_column_item_3 odd\" style=\"text-align:center;\">[vc_icon icon_fontawesome=&#8221;fas fa-anchor&#8221; color=&#8221;custom&#8221; size=&#8221;xl&#8221; align=&#8221;center&#8221; custom_color=&#8221;#000000&#8243;][vc_column_text]<\/p>\n<h4 style=\"text-align: center;\">Grutas de Benagil<\/h4>\n<p style=\"text-align: center;\">Navegue e conhe\u00e7a o famoso Algar de Benagil enquanto se diverte vendo os numerosos golfinhos que residem pr\u00f3ximo as grutas.<\/p>\n<p>[\/vc_column_text]<\/div><\/div><\/div><\/div>[vc_cta h2=&#8221;Interessado em um dos nossos pacotes?&#8221; style=&#8221;outline&#8221;]Telefone-nos ou <a href=\"https:\/\/l1-real-estate.com\/index.php\/contacte-nos\/?lang=pt-pt\">deixe-nos uma mensagem<\/a>.[\/vc_cta][\/vc_column][\/vc_row][vc_row][vc_column][vc_masonry_media_grid grid_id=&#8221;vc_gid:1668441426011-bcf1eb42ebba71e5b968e94611ffba93-5&#8243; include=&#8221;5872,5880,5888,5896,5904,5912,5920,5928,5936,5944,5952,5960,5968,5976,5984,5992,6000,6008,6016,6024,6032,6040,6048,6056,6064&#8243;][\/vc_column][\/vc_row]<\/p>\n","protected":false},"excerpt":{"rendered":"<p>[vc_row full_width=&#8221;stretch_row&#8221;][vc_column][vc_empty_space height=&#8221;7em&#8221;][\/vc_column][\/vc_row][vc_row][vc_column][vc_cta h2=&#8221;Interessado em um dos nossos pacotes?&#8221; style=&#8221;outline&#8221;]Telefone-nos ou deixe-nos uma mensagem.[\/vc_cta][\/vc_column][\/vc_row][vc_row][vc_column][vc_masonry_media_grid grid_id=&#8221;vc_gid:1668441426011-bcf1eb42ebba71e5b968e94611ffba93-5&#8243; include=&#8221;5872,5880,5888,5896,5904,5912,5920,5928,5936,5944,5952,5960,5968,5976,5984,5992,6000,6008,6016,6024,6032,6040,6048,6056,6064&#8243;][\/vc_column][\/vc_row]<\/p>\n","protected":false},"author":1,"featured_media":0,"parent":0,"menu_order":0,"comment_status":"closed","ping_status":"closed","template":"","meta":{"footnotes":""},"class_list":["post-5738","page","type-page","status-publish","hentry"],"yoast_head":"<!-- This site is optimized with the Yoast SEO plugin v26.8 - https:\/\/yoast.com\/product\/yoast-seo-wordpress\/ -->\n<title>A experi\u00eancia do Algarve - L1 Property &amp; Real Estate Management<\/title>\n<meta name=\"robots\" content=\"index, follow, max-snippet:-1, max-image-preview:large, max-video-preview:-1\" \/>\n<link rel=\"canonical\" href=\"https:\/\/l1-real-estate.com\/index.php\/a-experiencia-do-algarve\/\" \/>\n<meta property=\"og:locale\" content=\"en_US\" \/>\n<meta property=\"og:type\" content=\"article\" \/>\n<meta property=\"og:title\" content=\"A experi\u00eancia do Algarve - L1 Property &amp; Real Estate Management\" \/>\n<meta property=\"og:description\" content=\"[vc_row full_width=&#8221;stretch_row&#8221;][vc_column][vc_empty_space height=&#8221;7em&#8221;][\/vc_column][\/vc_row][vc_row][vc_column][vc_cta h2=&#8221;Interessado em um dos nossos pacotes?&#8221; style=&#8221;outline&#8221;]Telefone-nos ou deixe-nos uma mensagem.[\/vc_cta][\/vc_column][\/vc_row][vc_row][vc_column][vc_masonry_media_grid grid_id=&#8221;vc_gid:1668441426011-bcf1eb42ebba71e5b968e94611ffba93-5&#8243; include=&#8221;5872,5880,5888,5896,5904,5912,5920,5928,5936,5944,5952,5960,5968,5976,5984,5992,6000,6008,6016,6024,6032,6040,6048,6056,6064&#8243;][\/vc_column][\/vc_row]\" \/>\n<meta property=\"og:url\" content=\"https:\/\/l1-real-estate.com\/index.php\/a-experiencia-do-algarve\/?lang=pt-pt\" \/>\n<meta property=\"og:site_name\" content=\"L1 Property &amp; Real Estate Management\" \/>\n<meta property=\"article:modified_time\" content=\"2022-11-14T16:04:57+00:00\" \/>\n<meta name=\"twitter:card\" content=\"summary_large_image\" \/>\n<meta name=\"twitter:label1\" content=\"Est. reading time\" \/>\n\t<meta name=\"twitter:data1\" content=\"2 minutes\" \/>\n<script type=\"application\/ld+json\" class=\"yoast-schema-graph\">{\"@context\":\"https:\/\/schema.org\",\"@graph\":[{\"@type\":\"WebPage\",\"@id\":\"https:\/\/l1-real-estate.com\/index.php\/a-experiencia-do-algarve\/?lang=pt-pt\",\"url\":\"https:\/\/l1-real-estate.com\/index.php\/a-experiencia-do-algarve\/?lang=pt-pt\",\"name\":\"A experi\u00eancia do Algarve - L1 Property &amp; Real Estate Management\",\"isPartOf\":{\"@id\":\"https:\/\/l1-real-estate.com\/#website\"},\"datePublished\":\"2022-11-11T11:51:37+00:00\",\"dateModified\":\"2022-11-14T16:04:57+00:00\",\"breadcrumb\":{\"@id\":\"https:\/\/l1-real-estate.com\/index.php\/a-experiencia-do-algarve\/?lang=pt-pt#breadcrumb\"},\"inLanguage\":\"en-US\",\"potentialAction\":[{\"@type\":\"ReadAction\",\"target\":[\"https:\/\/l1-real-estate.com\/index.php\/a-experiencia-do-algarve\/?lang=pt-pt\"]}]},{\"@type\":\"BreadcrumbList\",\"@id\":\"https:\/\/l1-real-estate.com\/index.php\/a-experiencia-do-algarve\/?lang=pt-pt#breadcrumb\",\"itemListElement\":[{\"@type\":\"ListItem\",\"position\":1,\"name\":\"Startseite\",\"item\":\"https:\/\/l1-real-estate.com\/\"},{\"@type\":\"ListItem\",\"position\":2,\"name\":\"A experi\u00eancia do Algarve\"}]},{\"@type\":\"WebSite\",\"@id\":\"https:\/\/l1-real-estate.com\/#website\",\"url\":\"https:\/\/l1-real-estate.com\/\",\"name\":\"L1 Property &amp; Real Estate Management\",\"description\":\"\",\"potentialAction\":[{\"@type\":\"SearchAction\",\"target\":{\"@type\":\"EntryPoint\",\"urlTemplate\":\"https:\/\/l1-real-estate.com\/?s={search_term_string}\"},\"query-input\":{\"@type\":\"PropertyValueSpecification\",\"valueRequired\":true,\"valueName\":\"search_term_string\"}}],\"inLanguage\":\"en-US\"}]}<\/script>\n<!-- \/ Yoast SEO plugin. -->","yoast_head_json":{"title":"A experi\u00eancia do Algarve - L1 Property &amp; Real Estate Management","robots":{"index":"index","follow":"follow","max-snippet":"max-snippet:-1","max-image-preview":"max-image-preview:large","max-video-preview":"max-video-preview:-1"},"canonical":"https:\/\/l1-real-estate.com\/index.php\/a-experiencia-do-algarve\/","og_locale":"en_US","og_type":"article","og_title":"A experi\u00eancia do Algarve - L1 Property &amp; Real Estate Management","og_description":"[vc_row full_width=&#8221;stretch_row&#8221;][vc_column][vc_empty_space height=&#8221;7em&#8221;][\/vc_column][\/vc_row][vc_row][vc_column][vc_cta h2=&#8221;Interessado em um dos nossos pacotes?&#8221; style=&#8221;outline&#8221;]Telefone-nos ou deixe-nos uma mensagem.[\/vc_cta][\/vc_column][\/vc_row][vc_row][vc_column][vc_masonry_media_grid grid_id=&#8221;vc_gid:1668441426011-bcf1eb42ebba71e5b968e94611ffba93-5&#8243; include=&#8221;5872,5880,5888,5896,5904,5912,5920,5928,5936,5944,5952,5960,5968,5976,5984,5992,6000,6008,6016,6024,6032,6040,6048,6056,6064&#8243;][\/vc_column][\/vc_row]","og_url":"https:\/\/l1-real-estate.com\/index.php\/a-experiencia-do-algarve\/?lang=pt-pt","og_site_name":"L1 Property &amp; Real Estate Management","article_modified_time":"2022-11-14T16:04:57+00:00","twitter_card":"summary_large_image","twitter_misc":{"Est. reading time":"2 minutes"},"schema":{"@context":"https:\/\/schema.org","@graph":[{"@type":"WebPage","@id":"https:\/\/l1-real-estate.com\/index.php\/a-experiencia-do-algarve\/?lang=pt-pt","url":"https:\/\/l1-real-estate.com\/index.php\/a-experiencia-do-algarve\/?lang=pt-pt","name":"A experi\u00eancia do Algarve - L1 Property &amp; Real Estate Management","isPartOf":{"@id":"https:\/\/l1-real-estate.com\/#website"},"datePublished":"2022-11-11T11:51:37+00:00","dateModified":"2022-11-14T16:04:57+00:00","breadcrumb":{"@id":"https:\/\/l1-real-estate.com\/index.php\/a-experiencia-do-algarve\/?lang=pt-pt#breadcrumb"},"inLanguage":"en-US","potentialAction":[{"@type":"ReadAction","target":["https:\/\/l1-real-estate.com\/index.php\/a-experiencia-do-algarve\/?lang=pt-pt"]}]},{"@type":"BreadcrumbList","@id":"https:\/\/l1-real-estate.com\/index.php\/a-experiencia-do-algarve\/?lang=pt-pt#breadcrumb","itemListElement":[{"@type":"ListItem","position":1,"name":"Startseite","item":"https:\/\/l1-real-estate.com\/"},{"@type":"ListItem","position":2,"name":"A experi\u00eancia do Algarve"}]},{"@type":"WebSite","@id":"https:\/\/l1-real-estate.com\/#website","url":"https:\/\/l1-real-estate.com\/","name":"L1 Property &amp; Real Estate Management","description":"","potentialAction":[{"@type":"SearchAction","target":{"@type":"EntryPoint","urlTemplate":"https:\/\/l1-real-estate.com\/?s={search_term_string}"},"query-input":{"@type":"PropertyValueSpecification","valueRequired":true,"valueName":"search_term_string"}}],"inLanguage":"en-US"}]}},"_links":{"self":[{"href":"https:\/\/l1-real-estate.com\/index.php\/wp-json\/wp\/v2\/pages\/5738","targetHints":{"allow":["GET"]}}],"collection":[{"href":"https:\/\/l1-real-estate.com\/index.php\/wp-json\/wp\/v2\/pages"}],"about":[{"href":"https:\/\/l1-real-estate.com\/index.php\/wp-json\/wp\/v2\/types\/page"}],"author":[{"embeddable":true,"href":"https:\/\/l1-real-estate.com\/index.php\/wp-json\/wp\/v2\/users\/1"}],"replies":[{"embeddable":true,"href":"https:\/\/l1-real-estate.com\/index.php\/wp-json\/wp\/v2\/comments?post=5738"}],"version-history":[{"count":21,"href":"https:\/\/l1-real-estate.com\/index.php\/wp-json\/wp\/v2\/pages\/5738\/revisions"}],"predecessor-version":[{"id":6458,"href":"https:\/\/l1-real-estate.com\/index.php\/wp-json\/wp\/v2\/pages\/5738\/revisions\/6458"}],"wp:attachment":[{"href":"https:\/\/l1-real-estate.com\/index.php\/wp-json\/wp\/v2\/media?parent=5738"}],"curies":[{"name":"wp","href":"https:\/\/api.w.org\/{rel}","templated":true}]}}