{"id":5758,"date":"2022-11-11T11:51:37","date_gmt":"2022-11-11T11:51:37","guid":{"rendered":"https:\/\/l1-real-estate.com\/index.php\/lexperience-de-lalgarve\/"},"modified":"2022-11-11T14:54:14","modified_gmt":"2022-11-11T14:54:14","slug":"lexperience-de-lalgarve","status":"publish","type":"page","link":"https:\/\/l1-real-estate.com\/index.php\/lexperience-de-lalgarve\/?lang=fr","title":{"rendered":"L&#8217;exp\u00e9rience de l&#8217;Algarve"},"content":{"rendered":"<p>[vc_row full_width=&#8221;stretch_row&#8221;][vc_column]<div class=\"sc_section\"><div class=\"sc_section_inner\">[vc_column_text]<\/p>\n<h2>&#8220;L&#8217;exp\u00e9rience de l&#8217;Algarve&#8221;,<\/h2>\n<p><strong>Profitez de nos connaissances &#8211; vivez l&#8217;Algarve.<\/strong><\/p>\n<p>Nous proposons diff\u00e9rents forfaits pour vous permettre de sentir l&#8217;Algarve et de renforcer votre lien avec la r\u00e9gion. Que vous soyez un fan de Formule 1 ou que vous aimiez passer votre temps dans le parc aquatique &#8211; ou simplement vous d\u00e9tendre sur la plage en toute intimit\u00e9 &#8211; d\u00e9couvrez ici nos endroits pr\u00e9f\u00e9r\u00e9s.<\/p>\n<p>&nbsp;<\/p>\n<div id=\"gtx-trans\" style=\"position: absolute; left: 174px; top: 546.906px;\">\n<div class=\"gtx-trans-icon\"><\/div>\n<\/div>\n<p>[\/vc_column_text]<\/div><\/div>[vc_empty_space height=&#8221;7em&#8221;][\/vc_column][\/vc_row][vc_row][vc_column]<div class=\"sc_section aligncenter column-1_1\"><div class=\"sc_section_inner\"><div class=\"columns_wrap sc_columns columns_nofluid sc_columns_count_3\" style=\"margin-bottom:50px;\"><div class=\"column-1_3 sc_column_item sc_column_item_1 odd first\" style=\"text-align:center;\">[vc_icon icon_fontawesome=&#8221;fas fa-umbrella-beach&#8221; color=&#8221;custom&#8221; size=&#8221;xl&#8221; align=&#8221;center&#8221; custom_color=&#8221;#000000&#8243;][vc_column_text]<\/p>\n<h4 style=\"text-align: center;\">Les belles plages<\/h4>\n<p style=\"text-align: center;\">D\u00e9couvrez la c\u00f4te oc\u00e9anique &#8211; allongez-vous sur le sable chaud avec une brise l\u00e9g\u00e8re qui vous traverse le visage. L&#8217;Algarve est connue pour la propret\u00e9 et la beaut\u00e9 de sa c\u00f4te.<\/p>\n<p>[\/vc_column_text]<\/div><div class=\"column-1_3 sc_column_item sc_column_item_2 even\" style=\"text-align:center;\">[vc_icon icon_fontawesome=&#8221;fas fa-utensils&#8221; color=&#8221;custom&#8221; size=&#8221;xl&#8221; align=&#8221;center&#8221; custom_color=&#8221;#000000&#8243;][vc_column_text]<\/p>\n<h4 style=\"text-align: center;\">Voyage culinaire<\/h4>\n<p style=\"text-align: center;\">S\u00e9duisez votre \u00e2me par un voyage culinaire avec la cuisine traditionnelle portugaise<\/p>\n<p>[\/vc_column_text]<\/div><div class=\"column-1_3 sc_column_item sc_column_item_3 odd\" style=\"text-align:center;\">[vc_icon icon_fontawesome=&#8221;fas fa-wine-glass&#8221; color=&#8221;custom&#8221; size=&#8221;xl&#8221; align=&#8221;center&#8221; custom_color=&#8221;#000000&#8243;][vc_column_text]<\/p>\n<h4 style=\"text-align: center;\">Visites guid\u00e9es et d\u00e9gustations de vins<\/h4>\n<p style=\"text-align: center;\">Le vin portugais traditionnel fera d\u00e9couvrir \u00e0 votre langue un tout autre niveau de go\u00fbt.<\/p>\n<p>[\/vc_column_text]<\/div><\/div><div class=\"columns_wrap sc_columns columns_nofluid sc_columns_count_3\" style=\"margin-bottom:50px;\"><div class=\"column-1_3 sc_column_item sc_column_item_1 odd first\" style=\"text-align:center;\">[vc_icon icon_fontawesome=&#8221;fas fa-skull-crossbones&#8221; color=&#8221;custom&#8221; size=&#8221;xl&#8221; align=&#8221;center&#8221; custom_color=&#8221;#000000&#8243;][vc_column_text]<\/p>\n<h4 style=\"text-align: center;\">Croisi\u00e8re sur un bateau pirate<\/h4>\n<p style=\"text-align: center;\">Prenez la mer avec le bateau pirate et visitez les plus beaux endroits de la c\u00f4te de l&#8217;Algarve. Arr\u00eatez-vous sur des plages de sable blanc et profitez de la possibilit\u00e9 de vous baigner dans la mer. Oh\u00e9, camarades.<\/p>\n<p>[\/vc_column_text]<\/div><div class=\"column-1_3 sc_column_item sc_column_item_2 even\" style=\"text-align:center;\">[vc_icon icon_fontawesome=&#8221;fas fa-flag-checkered&#8221; color=&#8221;custom&#8221; size=&#8221;xl&#8221; align=&#8221;center&#8221; custom_color=&#8221;#000000&#8243;][vc_column_text]<\/p>\n<h4 style=\"text-align: center;\">Formule 1<\/h4>\n<p style=\"text-align: center;\">Vous \u00eates un grand amateur de sports m\u00e9caniques ? Visitez le c\u00e9l\u00e8bre Aut\u00f3dromo Internacional do Algarve.<\/p>\n<p>[\/vc_column_text]<\/div><div class=\"column-1_3 sc_column_item sc_column_item_3 odd\" style=\"text-align:center;\">[vc_icon icon_fontawesome=&#8221;fas fa-anchor&#8221; color=&#8221;custom&#8221; size=&#8221;xl&#8221; align=&#8221;center&#8221; custom_color=&#8221;#000000&#8243;][vc_column_text]<\/p>\n<h4 style=\"text-align: center;\">Grottes de Benagil<\/h4>\n<p style=\"text-align: center;\">Mettez les voiles et apprenez \u00e0 conna\u00eetre le c\u00e9l\u00e8bre Algar de Benagil et pendant que vous \u00eates en route, pr\u00eatez attention aux nombreux dauphins ou rejoignez-les dans l&#8217;eau.<\/p>\n<p>[\/vc_column_text]<\/div><\/div><\/div><\/div>[vc_cta h2=&#8221;Vous \u00eates int\u00e9ress\u00e9 par l&#8217;un de nos forfaits ?&#8221; style=&#8221;outline&#8221;]Appelez-nous ou <a href=\"https:\/\/l1-real-estate.com\/index.php\/nous-contacter\/?lang=fr\">laissez-nous un message<\/a>.[\/vc_cta][\/vc_column][\/vc_row][vc_row][vc_column][vc_masonry_media_grid grid_id=&#8221;vc_gid:1668169144608-7010943e-ed93-6&#8243; include=&#8221;5872,5880,5888,5896,5904,5912,5920,5928,5936,5944,5952,5960,5968,5976,5984,5992,6000,6008,6016,6024,6032,6040,6048,6056,6064&#8243;][\/vc_column][\/vc_row]<\/p>\n","protected":false},"excerpt":{"rendered":"<p>[vc_row full_width=&#8221;stretch_row&#8221;][vc_column][vc_empty_space height=&#8221;7em&#8221;][\/vc_column][\/vc_row][vc_row][vc_column][vc_cta h2=&#8221;Vous \u00eates int\u00e9ress\u00e9 par l&#8217;un de nos forfaits ?&#8221; style=&#8221;outline&#8221;]Appelez-nous ou laissez-nous un message.[\/vc_cta][\/vc_column][\/vc_row][vc_row][vc_column][vc_masonry_media_grid grid_id=&#8221;vc_gid:1668169144608-7010943e-ed93-6&#8243; include=&#8221;5872,5880,5888,5896,5904,5912,5920,5928,5936,5944,5952,5960,5968,5976,5984,5992,6000,6008,6016,6024,6032,6040,6048,6056,6064&#8243;][\/vc_column][\/vc_row]<\/p>\n","protected":false},"author":1,"featured_media":0,"parent":0,"menu_order":0,"comment_status":"closed","ping_status":"closed","template":"","meta":{"footnotes":""},"class_list":["post-5758","page","type-page","status-publish","hentry"],"yoast_head":"<!-- This site is optimized with the Yoast SEO plugin v26.8 - https:\/\/yoast.com\/product\/yoast-seo-wordpress\/ -->\n<title>L&#039;exp\u00e9rience de l&#039;Algarve - L1 Property &amp; Real Estate Management<\/title>\n<meta name=\"robots\" content=\"index, follow, max-snippet:-1, max-image-preview:large, max-video-preview:-1\" \/>\n<link rel=\"canonical\" href=\"https:\/\/l1-real-estate.com\/index.php\/lexperience-de-lalgarve\/\" \/>\n<meta property=\"og:locale\" content=\"en_US\" \/>\n<meta property=\"og:type\" content=\"article\" \/>\n<meta property=\"og:title\" content=\"L&#039;exp\u00e9rience de l&#039;Algarve - L1 Property &amp; Real Estate Management\" \/>\n<meta property=\"og:description\" content=\"[vc_row full_width=&#8221;stretch_row&#8221;][vc_column][vc_empty_space height=&#8221;7em&#8221;][\/vc_column][\/vc_row][vc_row][vc_column][vc_cta h2=&#8221;Vous \u00eates int\u00e9ress\u00e9 par l&#8217;un de nos forfaits ?&#8221; style=&#8221;outline&#8221;]Appelez-nous ou laissez-nous un message.[\/vc_cta][\/vc_column][\/vc_row][vc_row][vc_column][vc_masonry_media_grid grid_id=&#8221;vc_gid:1668169144608-7010943e-ed93-6&#8243; include=&#8221;5872,5880,5888,5896,5904,5912,5920,5928,5936,5944,5952,5960,5968,5976,5984,5992,6000,6008,6016,6024,6032,6040,6048,6056,6064&#8243;][\/vc_column][\/vc_row]\" \/>\n<meta property=\"og:url\" content=\"https:\/\/l1-real-estate.com\/index.php\/lexperience-de-lalgarve\/?lang=fr\" \/>\n<meta property=\"og:site_name\" content=\"L1 Property &amp; Real Estate Management\" \/>\n<meta property=\"article:modified_time\" content=\"2022-11-11T14:54:14+00:00\" \/>\n<meta name=\"twitter:card\" content=\"summary_large_image\" \/>\n<meta name=\"twitter:label1\" content=\"Est. reading time\" \/>\n\t<meta name=\"twitter:data1\" content=\"3 minutes\" \/>\n<script type=\"application\/ld+json\" class=\"yoast-schema-graph\">{\"@context\":\"https:\/\/schema.org\",\"@graph\":[{\"@type\":\"WebPage\",\"@id\":\"https:\/\/l1-real-estate.com\/index.php\/lexperience-de-lalgarve\/?lang=fr\",\"url\":\"https:\/\/l1-real-estate.com\/index.php\/lexperience-de-lalgarve\/?lang=fr\",\"name\":\"L'exp\u00e9rience de l'Algarve - L1 Property &amp; Real Estate Management\",\"isPartOf\":{\"@id\":\"https:\/\/l1-real-estate.com\/#website\"},\"datePublished\":\"2022-11-11T11:51:37+00:00\",\"dateModified\":\"2022-11-11T14:54:14+00:00\",\"breadcrumb\":{\"@id\":\"https:\/\/l1-real-estate.com\/index.php\/lexperience-de-lalgarve\/?lang=fr#breadcrumb\"},\"inLanguage\":\"en-US\",\"potentialAction\":[{\"@type\":\"ReadAction\",\"target\":[\"https:\/\/l1-real-estate.com\/index.php\/lexperience-de-lalgarve\/?lang=fr\"]}]},{\"@type\":\"BreadcrumbList\",\"@id\":\"https:\/\/l1-real-estate.com\/index.php\/lexperience-de-lalgarve\/?lang=fr#breadcrumb\",\"itemListElement\":[{\"@type\":\"ListItem\",\"position\":1,\"name\":\"Startseite\",\"item\":\"https:\/\/l1-real-estate.com\/\"},{\"@type\":\"ListItem\",\"position\":2,\"name\":\"L&#8217;exp\u00e9rience de l&#8217;Algarve\"}]},{\"@type\":\"WebSite\",\"@id\":\"https:\/\/l1-real-estate.com\/#website\",\"url\":\"https:\/\/l1-real-estate.com\/\",\"name\":\"L1 Property &amp; Real Estate Management\",\"description\":\"\",\"potentialAction\":[{\"@type\":\"SearchAction\",\"target\":{\"@type\":\"EntryPoint\",\"urlTemplate\":\"https:\/\/l1-real-estate.com\/?s={search_term_string}\"},\"query-input\":{\"@type\":\"PropertyValueSpecification\",\"valueRequired\":true,\"valueName\":\"search_term_string\"}}],\"inLanguage\":\"en-US\"}]}<\/script>\n<!-- \/ Yoast SEO plugin. -->","yoast_head_json":{"title":"L'exp\u00e9rience de l'Algarve - L1 Property &amp; Real Estate Management","robots":{"index":"index","follow":"follow","max-snippet":"max-snippet:-1","max-image-preview":"max-image-preview:large","max-video-preview":"max-video-preview:-1"},"canonical":"https:\/\/l1-real-estate.com\/index.php\/lexperience-de-lalgarve\/","og_locale":"en_US","og_type":"article","og_title":"L'exp\u00e9rience de l'Algarve - L1 Property &amp; Real Estate Management","og_description":"[vc_row full_width=&#8221;stretch_row&#8221;][vc_column][vc_empty_space height=&#8221;7em&#8221;][\/vc_column][\/vc_row][vc_row][vc_column][vc_cta h2=&#8221;Vous \u00eates int\u00e9ress\u00e9 par l&#8217;un de nos forfaits ?&#8221; style=&#8221;outline&#8221;]Appelez-nous ou laissez-nous un message.[\/vc_cta][\/vc_column][\/vc_row][vc_row][vc_column][vc_masonry_media_grid grid_id=&#8221;vc_gid:1668169144608-7010943e-ed93-6&#8243; include=&#8221;5872,5880,5888,5896,5904,5912,5920,5928,5936,5944,5952,5960,5968,5976,5984,5992,6000,6008,6016,6024,6032,6040,6048,6056,6064&#8243;][\/vc_column][\/vc_row]","og_url":"https:\/\/l1-real-estate.com\/index.php\/lexperience-de-lalgarve\/?lang=fr","og_site_name":"L1 Property &amp; Real Estate Management","article_modified_time":"2022-11-11T14:54:14+00:00","twitter_card":"summary_large_image","twitter_misc":{"Est. reading time":"3 minutes"},"schema":{"@context":"https:\/\/schema.org","@graph":[{"@type":"WebPage","@id":"https:\/\/l1-real-estate.com\/index.php\/lexperience-de-lalgarve\/?lang=fr","url":"https:\/\/l1-real-estate.com\/index.php\/lexperience-de-lalgarve\/?lang=fr","name":"L'exp\u00e9rience de l'Algarve - L1 Property &amp; Real Estate Management","isPartOf":{"@id":"https:\/\/l1-real-estate.com\/#website"},"datePublished":"2022-11-11T11:51:37+00:00","dateModified":"2022-11-11T14:54:14+00:00","breadcrumb":{"@id":"https:\/\/l1-real-estate.com\/index.php\/lexperience-de-lalgarve\/?lang=fr#breadcrumb"},"inLanguage":"en-US","potentialAction":[{"@type":"ReadAction","target":["https:\/\/l1-real-estate.com\/index.php\/lexperience-de-lalgarve\/?lang=fr"]}]},{"@type":"BreadcrumbList","@id":"https:\/\/l1-real-estate.com\/index.php\/lexperience-de-lalgarve\/?lang=fr#breadcrumb","itemListElement":[{"@type":"ListItem","position":1,"name":"Startseite","item":"https:\/\/l1-real-estate.com\/"},{"@type":"ListItem","position":2,"name":"L&#8217;exp\u00e9rience de l&#8217;Algarve"}]},{"@type":"WebSite","@id":"https:\/\/l1-real-estate.com\/#website","url":"https:\/\/l1-real-estate.com\/","name":"L1 Property &amp; Real Estate Management","description":"","potentialAction":[{"@type":"SearchAction","target":{"@type":"EntryPoint","urlTemplate":"https:\/\/l1-real-estate.com\/?s={search_term_string}"},"query-input":{"@type":"PropertyValueSpecification","valueRequired":true,"valueName":"search_term_string"}}],"inLanguage":"en-US"}]}},"_links":{"self":[{"href":"https:\/\/l1-real-estate.com\/index.php\/wp-json\/wp\/v2\/pages\/5758","targetHints":{"allow":["GET"]}}],"collection":[{"href":"https:\/\/l1-real-estate.com\/index.php\/wp-json\/wp\/v2\/pages"}],"about":[{"href":"https:\/\/l1-real-estate.com\/index.php\/wp-json\/wp\/v2\/types\/page"}],"author":[{"embeddable":true,"href":"https:\/\/l1-real-estate.com\/index.php\/wp-json\/wp\/v2\/users\/1"}],"replies":[{"embeddable":true,"href":"https:\/\/l1-real-estate.com\/index.php\/wp-json\/wp\/v2\/comments?post=5758"}],"version-history":[{"count":28,"href":"https:\/\/l1-real-estate.com\/index.php\/wp-json\/wp\/v2\/pages\/5758\/revisions"}],"predecessor-version":[{"id":6115,"href":"https:\/\/l1-real-estate.com\/index.php\/wp-json\/wp\/v2\/pages\/5758\/revisions\/6115"}],"wp:attachment":[{"href":"https:\/\/l1-real-estate.com\/index.php\/wp-json\/wp\/v2\/media?parent=5758"}],"curies":[{"name":"wp","href":"https:\/\/api.w.org\/{rel}","templated":true}]}}